{"id":127484,"date":"2025-07-30T20:50:04","date_gmt":"2025-07-30T18:50:04","guid":{"rendered":"https:\/\/www.budream.com\/shop\/grenzenlos-cf-mundstueck-ersatz\/"},"modified":"2025-12-23T12:49:11","modified_gmt":"2025-12-23T10:49:11","slug":"grenzenlos-cf-mundstueck-ersatz","status":"publish","type":"product","link":"https:\/\/www.budream.com\/de\/shop\/grenzenlos-cf-mundstueck-ersatz\/","title":{"rendered":"GRENZENLOS &#8211; CF MUNDST\u00dcCK ERSATZ"},"content":{"rendered":"<p>Ersatzmundst\u00fcck f\u00fcr <strong>BOUNDLESS CF.<\/strong><\/p>\n","protected":false},"excerpt":{"rendered":"<p>Ersatzmundst\u00fcck f\u00fcr BOUNDLESS CF.<\/p>\n","protected":false},"featured_media":127478,"comment_status":"open","ping_status":"closed","template":"","meta":[],"product_brand":[],"product_cat":[7907],"product_tag":[],"class_list":{"0":"post-127484","1":"product","2":"type-product","3":"status-publish","4":"has-post-thumbnail","6":"product_cat-verdampfer","8":"first","9":"instock","10":"taxable","11":"shipping-taxable","12":"purchasable","13":"product-type-simple"},"aioseo_notices":[],"_links":{"self":[{"href":"https:\/\/www.budream.com\/de\/wp-json\/wp\/v2\/product\/127484","targetHints":{"allow":["GET"]}}],"collection":[{"href":"https:\/\/www.budream.com\/de\/wp-json\/wp\/v2\/product"}],"about":[{"href":"https:\/\/www.budream.com\/de\/wp-json\/wp\/v2\/types\/product"}],"replies":[{"embeddable":true,"href":"https:\/\/www.budream.com\/de\/wp-json\/wp\/v2\/comments?post=127484"}],"version-history":[{"count":0,"href":"https:\/\/www.budream.com\/de\/wp-json\/wp\/v2\/product\/127484\/revisions"}],"wp:featuredmedia":[{"embeddable":true,"href":"https:\/\/www.budream.com\/de\/wp-json\/wp\/v2\/media\/127478"}],"wp:attachment":[{"href":"https:\/\/www.budream.com\/de\/wp-json\/wp\/v2\/media?parent=127484"}],"wp:term":[{"taxonomy":"product_brand","embeddable":true,"href":"https:\/\/www.budream.com\/de\/wp-json\/wp\/v2\/product_brand?post=127484"},{"taxonomy":"product_cat","embeddable":true,"href":"https:\/\/www.budream.com\/de\/wp-json\/wp\/v2\/product_cat?post=127484"},{"taxonomy":"product_tag","embeddable":true,"href":"https:\/\/www.budream.com\/de\/wp-json\/wp\/v2\/product_tag?post=127484"}],"curies":[{"name":"wp","href":"https:\/\/api.w.org\/{rel}","templated":true}]}}