{"id":127514,"date":"2025-07-30T20:52:29","date_gmt":"2025-07-30T18:52:29","guid":{"rendered":"https:\/\/www.budream.com\/shop\/rosin-bags-90-microns-6-35x8-25cm-10-einheiten\/"},"modified":"2026-05-13T12:43:02","modified_gmt":"2026-05-13T10:43:02","slug":"rosin-bags-90-microns-6-35x8-25cm-10-einheiten","status":"publish","type":"product","link":"https:\/\/www.budream.com\/de\/shop\/rosin-bags-90-microns-6-35x8-25cm-10-einheiten\/","title":{"rendered":"ROSIN BAGS 90 microns | 6.35&#215;8.25cm &#8211; 10 Einheiten"},"content":{"rendered":"<p class=\"p1\"><strong>Kolophoniumbeutel mit einer Maschenweite von 90 Mikron<\/strong> werden verwendet, um Materialien aufzubewahren, die auf bequeme, sichere und pr\u00e4zise Weise gepresst werden sollen.<br \/>Die Mikrongr\u00f6\u00dfe des Gewebes bestimmt die Qualit\u00e4t des Endprodukts.<\/p>\n<h2><span style=\"text-decoration: underline\">ROSIN BAG 90 micron Eigenschaften:<\/span><\/h2>\n<ul style=\"list-style-type: disc\">\n<li>100% Nylon.<\/li>\n<li>Gr\u00f6\u00dfe des Beutels: 6,35&#215;8,25cm.<\/li>\n<li>Maschenweite: 90 &mu;m.<\/li>\n<li>Widerstandsf\u00e4hige N\u00e4hte.<\/li>\n<li>Erh\u00e4ltlich in verschiedenen Mikron-Gr\u00f6\u00dfen.<\/li>\n<\/ul>\n","protected":false},"excerpt":{"rendered":"<p>Kolophoniumbeutel mit einer Maschenweite von 90 Mikron werden verwendet, um Materialien aufzubewahren, die auf bequeme, sichere und pr\u00e4zise Weise gepresst<\/p>\n","protected":false},"featured_media":127503,"comment_status":"open","ping_status":"closed","template":"","meta":[],"product_brand":[],"product_cat":[7947],"product_tag":[],"class_list":{"0":"post-127514","1":"product","2":"type-product","3":"status-publish","4":"has-post-thumbnail","6":"product_cat-headshop-de","8":"first","9":"instock","10":"taxable","11":"shipping-taxable","12":"purchasable","13":"product-type-simple"},"aioseo_notices":[],"_links":{"self":[{"href":"https:\/\/www.budream.com\/de\/wp-json\/wp\/v2\/product\/127514","targetHints":{"allow":["GET"]}}],"collection":[{"href":"https:\/\/www.budream.com\/de\/wp-json\/wp\/v2\/product"}],"about":[{"href":"https:\/\/www.budream.com\/de\/wp-json\/wp\/v2\/types\/product"}],"replies":[{"embeddable":true,"href":"https:\/\/www.budream.com\/de\/wp-json\/wp\/v2\/comments?post=127514"}],"version-history":[{"count":1,"href":"https:\/\/www.budream.com\/de\/wp-json\/wp\/v2\/product\/127514\/revisions"}],"predecessor-version":[{"id":269682,"href":"https:\/\/www.budream.com\/de\/wp-json\/wp\/v2\/product\/127514\/revisions\/269682"}],"wp:featuredmedia":[{"embeddable":true,"href":"https:\/\/www.budream.com\/de\/wp-json\/wp\/v2\/media\/127503"}],"wp:attachment":[{"href":"https:\/\/www.budream.com\/de\/wp-json\/wp\/v2\/media?parent=127514"}],"wp:term":[{"taxonomy":"product_brand","embeddable":true,"href":"https:\/\/www.budream.com\/de\/wp-json\/wp\/v2\/product_brand?post=127514"},{"taxonomy":"product_cat","embeddable":true,"href":"https:\/\/www.budream.com\/de\/wp-json\/wp\/v2\/product_cat?post=127514"},{"taxonomy":"product_tag","embeddable":true,"href":"https:\/\/www.budream.com\/de\/wp-json\/wp\/v2\/product_tag?post=127514"}],"curies":[{"name":"wp","href":"https:\/\/api.w.org\/{rel}","templated":true}]}}