{"id":127529,"date":"2025-07-30T20:53:26","date_gmt":"2025-07-30T18:53:26","guid":{"rendered":"https:\/\/www.budream.com\/shop\/kanaplant-defense-3-fungus-diseases-500ml\/"},"modified":"2026-05-13T12:44:10","modified_gmt":"2026-05-13T10:44:10","slug":"kanaplant-defense-3-fungus-diseases-500ml","status":"publish","type":"product","link":"https:\/\/www.budream.com\/de\/shop\/kanaplant-defense-3-fungus-diseases-500ml\/","title":{"rendered":"KANAPLANT &#8211; DEFENSE 3 FUNGUS DISEASES | 500ml"},"content":{"rendered":"<h2><strong>Kanaplant Defence 1 ist eine nat\u00fcrliche L\u00f6sung f\u00fcr den Pflanzenschutz gegen Pilzkrankheiten. Es basiert auf Equisetum-Extrakt und Aloe vera.<\/strong><\/h2>\n<p>Es handelt sich um ein Produkt auf der Basis eines Extrakts aus Aloe-Vera-Gel (Aloe Barbadensis Miller), einer sukkulenten Pflanze, die sich durch ihre lanzenf\u00f6rmigen Bl\u00e4tter auszeichnet, aus denen ein Gel gewonnen wird, das reich an Wasser, Aminos\u00e4uren, Zuckern, Vitaminen, Aloinen und Saponinen ist, und auf der Basis von Schachtelhalm (Equisetum arvense), einer seit dem Altertum bekannten Heilpflanze. Bei der Anwendung auf Pflanzen stimuliert es die Biosynthese nat\u00fcrlicher k\u00f6rpereigener Abwehrstoffe (Phytolalexine), die das Pflanzengewebe st\u00e4rken, es widerstandsf\u00e4higer gegen Umweltbelastungen machen und die Entwicklung von <strong>Pilzkrankheiten<\/strong> hemmen, die von pathogenen Pilzen wie Mehltau <strong>,<\/strong> <strong>Rost oder Falschem Mehltau<\/strong> verursacht werden.<\/p>\n<p>Au\u00dferdem f\u00f6rdert es das Wachstum der Pflanzen, indem es sie kr\u00e4ftiger, gr\u00fcner, bl\u00fcten- und fruchtreicher macht und ihnen hilft, sich gegen Umweltstress und Temperaturschwankungen zu sch\u00fctzen.<\/p>\n<p><strong>Hinweise zur Anwendung:<\/strong><br \/>Vor Gebrauch gut sch\u00fctteln und die Pflanze aus einer Entfernung von 40-50 cm bespr\u00fchen, dabei die gesamte Oberfl\u00e4che gleichm\u00e4\u00dfig benetzen, auch die Unterseite der Bl\u00e4tter. <strong>Vorbeugende Wirkung:<\/strong> alle 4-5 Tage behandeln, von der Keimung bis zur zweiten Woche der Bl\u00fcte. <strong>Heilende und sch\u00fctzende Wirkung:<\/strong> beim Auftreten von Befall behandeln und, falls erforderlich, den Vorgang alle 7-10 Tage nach der ersten Behandlung bis zur zweiten Woche der Bl\u00fcte wiederholen. <\/p>\n<p><strong>Zusammensetzung:<br \/><\/strong>Auszug aus Schachtelhalm (Equisetum arvense) 0,5% v\/v und Auszug aus Aloe Vera Gel (Aloe Barbadensis Miller) % v\/v.<\/p>\n<p><strong>Verpackung:<\/strong><br \/>500ml Flasche<\/p>\n<p><strong>PRODUKT IM ANGEBOT, BIS DER VORRAT ERSCH\u00d6PFT IST<\/strong><\/p>\n<div id=\"isChromeWebToolbarDiv\"><\/div>\n","protected":false},"excerpt":{"rendered":"<p>Kanaplant Defence 1 ist eine nat\u00fcrliche L\u00f6sung f\u00fcr den Pflanzenschutz gegen Pilzkrankheiten. Es basiert auf Equisetum-Extrakt und Aloe vera. Es<\/p>\n","protected":false},"featured_media":127523,"comment_status":"open","ping_status":"closed","template":"","meta":[],"product_brand":[],"product_cat":[3095],"product_tag":[],"class_list":{"0":"post-127529","1":"product","2":"type-product","3":"status-publish","4":"has-post-thumbnail","6":"product_cat-antiparassitari-e-difesa","8":"first","9":"instock","10":"taxable","11":"shipping-taxable","12":"purchasable","13":"product-type-simple"},"aioseo_notices":[],"_links":{"self":[{"href":"https:\/\/www.budream.com\/de\/wp-json\/wp\/v2\/product\/127529","targetHints":{"allow":["GET"]}}],"collection":[{"href":"https:\/\/www.budream.com\/de\/wp-json\/wp\/v2\/product"}],"about":[{"href":"https:\/\/www.budream.com\/de\/wp-json\/wp\/v2\/types\/product"}],"replies":[{"embeddable":true,"href":"https:\/\/www.budream.com\/de\/wp-json\/wp\/v2\/comments?post=127529"}],"version-history":[{"count":1,"href":"https:\/\/www.budream.com\/de\/wp-json\/wp\/v2\/product\/127529\/revisions"}],"predecessor-version":[{"id":269692,"href":"https:\/\/www.budream.com\/de\/wp-json\/wp\/v2\/product\/127529\/revisions\/269692"}],"wp:featuredmedia":[{"embeddable":true,"href":"https:\/\/www.budream.com\/de\/wp-json\/wp\/v2\/media\/127523"}],"wp:attachment":[{"href":"https:\/\/www.budream.com\/de\/wp-json\/wp\/v2\/media?parent=127529"}],"wp:term":[{"taxonomy":"product_brand","embeddable":true,"href":"https:\/\/www.budream.com\/de\/wp-json\/wp\/v2\/product_brand?post=127529"},{"taxonomy":"product_cat","embeddable":true,"href":"https:\/\/www.budream.com\/de\/wp-json\/wp\/v2\/product_cat?post=127529"},{"taxonomy":"product_tag","embeddable":true,"href":"https:\/\/www.budream.com\/de\/wp-json\/wp\/v2\/product_tag?post=127529"}],"curies":[{"name":"wp","href":"https:\/\/api.w.org\/{rel}","templated":true}]}}