{"id":127569,"date":"2025-07-30T20:55:24","date_gmt":"2025-07-30T18:55:24","guid":{"rendered":"https:\/\/www.budream.com\/shop\/flortis-naturae-kieferoel-500ml\/"},"modified":"2026-03-25T12:25:36","modified_gmt":"2026-03-25T10:25:36","slug":"flortis-naturae-kieferoel-500ml","status":"publish","type":"product","link":"https:\/\/www.budream.com\/de\/shop\/flortis-naturae-kieferoel-500ml\/","title":{"rendered":"FLORTIS &#8211; NATURAE KIEFER\u00d6L | 500ml"},"content":{"rendered":"<h2><strong>Aloe Naturae extract von Flortis ist ein Produkt auf der Basis von \u00e4therischem Kiefern\u00f6l gegen Wolll\u00e4use.<\/strong><\/h2>\n<p>Es wird aus den Nadeln von <em>Pinus silvestris<\/em> gewonnen, einer immergr\u00fcnen Pflanze, die in Europa und Nordasien beheimatet ist. Wenn es auf Pflanzen aufgetragen wird, tr\u00e4gt es dank seiner antitranspirativen Wirkung zum Schutz der Pflanzen vor <strong>Wolll\u00e4usen<\/strong> bei. Es wirkt auch auf die von den Insekten abgelegten Eier und macht sie unbrauchbar. Es ist sowohl f\u00fcr Zier- als auch f\u00fcr Gem\u00fcse- und Gartenpflanzen geeignet und kann zu jedem Zeitpunkt des Produktionszyklus angewendet werden.<\/p>\n<p><strong>Hinweise zur Anwendung:<\/strong><br \/>Vor Gebrauch gut sch\u00fctteln und die Pflanze aus einer Entfernung von 40-50 cm bespr\u00fchen, wobei die gesamte Oberfl\u00e4che, einschlie\u00dflich der Unterseite der Bl\u00e4tter, gleichm\u00e4\u00dfig benetzt wird. <strong>Vorbeugende Wirkung:<\/strong> alle 10-15 Tage behandeln, vom Beginn der Bl\u00fcte bis vor der Ernte der Fr\u00fcchte. <strong>Heilende und sch\u00fctzende Wirkung:<\/strong> bei Auftreten von Befall behandeln und, falls erforderlich, die Behandlung alle 7-10 Tage nach der ersten Behandlung wiederholen.<\/p>\n<p><strong>Zusammensetzung:<\/strong><br \/>\u00c4therisches Kiefern\u00f6l 1% v\/v.<\/p>\n<p><strong>Verpackung:<\/strong><br \/>500ml-Flasche, gebrauchsfertig<\/p>\n<div id=\"isChromeWebToolbarDiv\"><\/div>\n","protected":false},"excerpt":{"rendered":"<p>Aloe Naturae extract von Flortis ist ein Produkt auf der Basis von \u00e4therischem Kiefern\u00f6l gegen Wolll\u00e4use. Es wird aus den<\/p>\n","protected":false},"featured_media":127563,"comment_status":"open","ping_status":"closed","template":"","meta":[],"product_brand":[],"product_cat":[7929],"product_tag":[],"class_list":{"0":"post-127569","1":"product","2":"type-product","3":"status-publish","4":"has-post-thumbnail","6":"product_cat-pflanzenschutz-und-abwehr","8":"first","9":"instock","10":"taxable","11":"shipping-taxable","12":"purchasable","13":"product-type-simple"},"aioseo_notices":[],"_links":{"self":[{"href":"https:\/\/www.budream.com\/de\/wp-json\/wp\/v2\/product\/127569","targetHints":{"allow":["GET"]}}],"collection":[{"href":"https:\/\/www.budream.com\/de\/wp-json\/wp\/v2\/product"}],"about":[{"href":"https:\/\/www.budream.com\/de\/wp-json\/wp\/v2\/types\/product"}],"replies":[{"embeddable":true,"href":"https:\/\/www.budream.com\/de\/wp-json\/wp\/v2\/comments?post=127569"}],"version-history":[{"count":0,"href":"https:\/\/www.budream.com\/de\/wp-json\/wp\/v2\/product\/127569\/revisions"}],"wp:featuredmedia":[{"embeddable":true,"href":"https:\/\/www.budream.com\/de\/wp-json\/wp\/v2\/media\/127563"}],"wp:attachment":[{"href":"https:\/\/www.budream.com\/de\/wp-json\/wp\/v2\/media?parent=127569"}],"wp:term":[{"taxonomy":"product_brand","embeddable":true,"href":"https:\/\/www.budream.com\/de\/wp-json\/wp\/v2\/product_brand?post=127569"},{"taxonomy":"product_cat","embeddable":true,"href":"https:\/\/www.budream.com\/de\/wp-json\/wp\/v2\/product_cat?post=127569"},{"taxonomy":"product_tag","embeddable":true,"href":"https:\/\/www.budream.com\/de\/wp-json\/wp\/v2\/product_tag?post=127569"}],"curies":[{"name":"wp","href":"https:\/\/api.w.org\/{rel}","templated":true}]}}