{"id":127584,"date":"2025-07-30T20:55:55","date_gmt":"2025-07-30T18:55:55","guid":{"rendered":"https:\/\/www.budream.com\/shop\/koenigliche-koenigin-samen-hoelzerne-rollende-schale\/"},"modified":"2025-10-14T17:33:26","modified_gmt":"2025-10-14T15:33:26","slug":"koenigliche-koenigin-samen-hoelzerne-rollende-schale","status":"publish","type":"product","link":"https:\/\/www.budream.com\/de\/shop\/koenigliche-koenigin-samen-hoelzerne-rollende-schale\/","title":{"rendered":"K\u00d6NIGLICHE K\u00d6NIGIN SAMEN &#8211; H\u00d6LZERNE ROLLENDE SCHALE"},"content":{"rendered":"<p>Verwenden Sie nur nat\u00fcrliche Accessoires mit dem RQS Rolling Tray! Dieses sch\u00f6ne Tablett ist handgefertigt aus Massivholz, ohne Lack oder Chemikalien. Es wurde nur mit nat\u00fcrlichem, absolut sicherem Pflanzen\u00f6l behandelt.<\/p>\n<p>Ma\u00dfe: 30 x 15 x 2 cm<\/p>\n","protected":false},"excerpt":{"rendered":"<p>Verwenden Sie nur nat\u00fcrliche Accessoires mit dem RQS Rolling Tray! Dieses sch\u00f6ne Tablett ist handgefertigt aus Massivholz, ohne Lack oder<\/p>\n","protected":false},"featured_media":127573,"comment_status":"open","ping_status":"closed","template":"","meta":[],"product_brand":[],"product_cat":[1173],"product_tag":[],"class_list":{"0":"post-127584","1":"product","2":"type-product","3":"status-publish","4":"has-post-thumbnail","6":"product_cat-headshop","8":"first","9":"instock","10":"taxable","11":"shipping-taxable","12":"purchasable","13":"product-type-simple"},"aioseo_notices":[],"_links":{"self":[{"href":"https:\/\/www.budream.com\/de\/wp-json\/wp\/v2\/product\/127584","targetHints":{"allow":["GET"]}}],"collection":[{"href":"https:\/\/www.budream.com\/de\/wp-json\/wp\/v2\/product"}],"about":[{"href":"https:\/\/www.budream.com\/de\/wp-json\/wp\/v2\/types\/product"}],"replies":[{"embeddable":true,"href":"https:\/\/www.budream.com\/de\/wp-json\/wp\/v2\/comments?post=127584"}],"version-history":[{"count":0,"href":"https:\/\/www.budream.com\/de\/wp-json\/wp\/v2\/product\/127584\/revisions"}],"wp:featuredmedia":[{"embeddable":true,"href":"https:\/\/www.budream.com\/de\/wp-json\/wp\/v2\/media\/127573"}],"wp:attachment":[{"href":"https:\/\/www.budream.com\/de\/wp-json\/wp\/v2\/media?parent=127584"}],"wp:term":[{"taxonomy":"product_brand","embeddable":true,"href":"https:\/\/www.budream.com\/de\/wp-json\/wp\/v2\/product_brand?post=127584"},{"taxonomy":"product_cat","embeddable":true,"href":"https:\/\/www.budream.com\/de\/wp-json\/wp\/v2\/product_cat?post=127584"},{"taxonomy":"product_tag","embeddable":true,"href":"https:\/\/www.budream.com\/de\/wp-json\/wp\/v2\/product_tag?post=127584"}],"curies":[{"name":"wp","href":"https:\/\/api.w.org\/{rel}","templated":true}]}}