{"id":127659,"date":"2025-07-30T20:59:02","date_gmt":"2025-07-30T18:59:02","guid":{"rendered":"https:\/\/www.budream.com\/shop\/davinci-schluesselanhaenger-container-schwarz\/"},"modified":"2026-05-13T12:50:09","modified_gmt":"2026-05-13T10:50:09","slug":"davinci-schluesselanhaenger-container-schwarz","status":"publish","type":"product","link":"https:\/\/www.budream.com\/de\/shop\/davinci-schluesselanhaenger-container-schwarz\/","title":{"rendered":"DAVINCI &#8211; SCHL\u00dcSSELANH\u00c4NGER CONTAINER | SCHWARZ"},"content":{"rendered":"<p>Der Schl\u00fcsselbeh\u00e4lter, den Sie brauchen! Er ist nicht nur diskret, sondern kann dank seiner zwei luftdichten F\u00e4cher auch eine Ersatzbatterie, Ihre Lieblingskr\u00e4uter oder jegliches Zubeh\u00f6r aufnehmen.<br \/>Die Carrying can XL von Davinci wird mit einem Schl\u00fcsselring geliefert, um sie bequem tragen zu k\u00f6nnen.<\/p>\n<p><\/p>\n<h2><span style=\"text-decoration: underline\">DAVINCI &#8211; Dose mit Schl\u00fcsselring:<\/span><\/h2>\n<ul style=\"list-style-type: disc\">\n<li>2 F\u00e4cher mit Gewinde und luftdichtem Verschluss<\/li>\n<li>Schl\u00fcsselring<\/li>\n<li>Schwarze Farbe<\/li>\n<\/ul>\n","protected":false},"excerpt":{"rendered":"<p>Der Schl\u00fcsselbeh\u00e4lter, den Sie brauchen! Er ist nicht nur diskret, sondern kann dank seiner zwei luftdichten F\u00e4cher auch eine Ersatzbatterie,<\/p>\n","protected":false},"featured_media":127653,"comment_status":"open","ping_status":"closed","template":"","meta":[],"product_brand":[],"product_cat":[7907],"product_tag":[],"class_list":{"0":"post-127659","1":"product","2":"type-product","3":"status-publish","4":"has-post-thumbnail","6":"product_cat-verdampfer","8":"first","9":"instock","10":"sale","11":"taxable","12":"shipping-taxable","13":"purchasable","14":"product-type-simple"},"aioseo_notices":[],"_links":{"self":[{"href":"https:\/\/www.budream.com\/de\/wp-json\/wp\/v2\/product\/127659","targetHints":{"allow":["GET"]}}],"collection":[{"href":"https:\/\/www.budream.com\/de\/wp-json\/wp\/v2\/product"}],"about":[{"href":"https:\/\/www.budream.com\/de\/wp-json\/wp\/v2\/types\/product"}],"replies":[{"embeddable":true,"href":"https:\/\/www.budream.com\/de\/wp-json\/wp\/v2\/comments?post=127659"}],"version-history":[{"count":1,"href":"https:\/\/www.budream.com\/de\/wp-json\/wp\/v2\/product\/127659\/revisions"}],"predecessor-version":[{"id":269727,"href":"https:\/\/www.budream.com\/de\/wp-json\/wp\/v2\/product\/127659\/revisions\/269727"}],"wp:featuredmedia":[{"embeddable":true,"href":"https:\/\/www.budream.com\/de\/wp-json\/wp\/v2\/media\/127653"}],"wp:attachment":[{"href":"https:\/\/www.budream.com\/de\/wp-json\/wp\/v2\/media?parent=127659"}],"wp:term":[{"taxonomy":"product_brand","embeddable":true,"href":"https:\/\/www.budream.com\/de\/wp-json\/wp\/v2\/product_brand?post=127659"},{"taxonomy":"product_cat","embeddable":true,"href":"https:\/\/www.budream.com\/de\/wp-json\/wp\/v2\/product_cat?post=127659"},{"taxonomy":"product_tag","embeddable":true,"href":"https:\/\/www.budream.com\/de\/wp-json\/wp\/v2\/product_tag?post=127659"}],"curies":[{"name":"wp","href":"https:\/\/api.w.org\/{rel}","templated":true}]}}