{"id":127784,"date":"2025-07-30T21:04:57","date_gmt":"2025-07-30T19:04:57","guid":{"rendered":"https:\/\/www.budream.com\/shop\/xvape-nebel-silikon-bong-rohr-adapter-14mm\/"},"modified":"2025-12-23T21:45:19","modified_gmt":"2025-12-23T19:45:19","slug":"xvape-nebel-silikon-bong-rohr-adapter-14mm","status":"publish","type":"product","link":"https:\/\/www.budream.com\/de\/shop\/xvape-nebel-silikon-bong-rohr-adapter-14mm\/","title":{"rendered":"XVAPE NEBEL SILIKON BONG ROHR ADAPTER 14MM"},"content":{"rendered":"<p>XVAPE NEBELADAPTER F\u00dcR BONGS UND WASSERPFEIFEN<br \/>SILIKONR\u00d6HRCHEN<br \/>14MM M\u00c4NNLICHER GLASANSCHLUSS<\/p>\n<p>ANPASSBAR AN VA2603<\/p>\n","protected":false},"excerpt":{"rendered":"<p>XVAPE NEBELADAPTER F\u00dcR BONGS UND WASSERPFEIFENSILIKONR\u00d6HRCHEN14MM M\u00c4NNLICHER GLASANSCHLUSS ANPASSBAR AN VA2603<\/p>\n","protected":false},"featured_media":127778,"comment_status":"open","ping_status":"closed","template":"","meta":[],"product_brand":[],"product_cat":[7907],"product_tag":[],"class_list":{"0":"post-127784","1":"product","2":"type-product","3":"status-publish","4":"has-post-thumbnail","6":"product_cat-verdampfer","8":"first","9":"instock","10":"taxable","11":"shipping-taxable","12":"purchasable","13":"product-type-simple"},"aioseo_notices":[],"_links":{"self":[{"href":"https:\/\/www.budream.com\/de\/wp-json\/wp\/v2\/product\/127784","targetHints":{"allow":["GET"]}}],"collection":[{"href":"https:\/\/www.budream.com\/de\/wp-json\/wp\/v2\/product"}],"about":[{"href":"https:\/\/www.budream.com\/de\/wp-json\/wp\/v2\/types\/product"}],"replies":[{"embeddable":true,"href":"https:\/\/www.budream.com\/de\/wp-json\/wp\/v2\/comments?post=127784"}],"version-history":[{"count":0,"href":"https:\/\/www.budream.com\/de\/wp-json\/wp\/v2\/product\/127784\/revisions"}],"wp:featuredmedia":[{"embeddable":true,"href":"https:\/\/www.budream.com\/de\/wp-json\/wp\/v2\/media\/127778"}],"wp:attachment":[{"href":"https:\/\/www.budream.com\/de\/wp-json\/wp\/v2\/media?parent=127784"}],"wp:term":[{"taxonomy":"product_brand","embeddable":true,"href":"https:\/\/www.budream.com\/de\/wp-json\/wp\/v2\/product_brand?post=127784"},{"taxonomy":"product_cat","embeddable":true,"href":"https:\/\/www.budream.com\/de\/wp-json\/wp\/v2\/product_cat?post=127784"},{"taxonomy":"product_tag","embeddable":true,"href":"https:\/\/www.budream.com\/de\/wp-json\/wp\/v2\/product_tag?post=127784"}],"curies":[{"name":"wp","href":"https:\/\/api.w.org\/{rel}","templated":true}]}}