{"id":127899,"date":"2025-07-30T21:09:09","date_gmt":"2025-07-30T19:09:09","guid":{"rendered":"https:\/\/www.budream.com\/shop\/linx-gaia-glas-mundstueck-filter-set\/"},"modified":"2025-12-23T12:54:23","modified_gmt":"2025-12-23T10:54:23","slug":"linx-gaia-glas-mundstueck-filter-set","status":"publish","type":"product","link":"https:\/\/www.budream.com\/de\/shop\/linx-gaia-glas-mundstueck-filter-set\/","title":{"rendered":"LINX GAIA &#8211; GLAS MUNDST\u00dcCK FILTER SET"},"content":{"rendered":"<p>Ersatzfiltersatz f\u00fcr Linx Gaia Glasmundst\u00fcck.<\/p>\n<p>BEINHALTET<br \/>1 Filterset<br \/>2 Netze<\/p>\n<p>ENTH\u00c4LT KEIN GLASMUNDST\u00dcCK<\/p>\n","protected":false},"excerpt":{"rendered":"<p>Ersatzfiltersatz f\u00fcr Linx Gaia Glasmundst\u00fcck. BEINHALTET1 Filterset2 Netze ENTH\u00c4LT KEIN GLASMUNDST\u00dcCK<\/p>\n","protected":false},"featured_media":127893,"comment_status":"open","ping_status":"closed","template":"","meta":[],"product_brand":[],"product_cat":[7907],"product_tag":[],"class_list":{"0":"post-127899","1":"product","2":"type-product","3":"status-publish","4":"has-post-thumbnail","6":"product_cat-verdampfer","8":"first","9":"instock","10":"taxable","11":"shipping-taxable","12":"purchasable","13":"product-type-simple"},"_links":{"self":[{"href":"https:\/\/www.budream.com\/de\/wp-json\/wp\/v2\/product\/127899","targetHints":{"allow":["GET"]}}],"collection":[{"href":"https:\/\/www.budream.com\/de\/wp-json\/wp\/v2\/product"}],"about":[{"href":"https:\/\/www.budream.com\/de\/wp-json\/wp\/v2\/types\/product"}],"replies":[{"embeddable":true,"href":"https:\/\/www.budream.com\/de\/wp-json\/wp\/v2\/comments?post=127899"}],"version-history":[{"count":0,"href":"https:\/\/www.budream.com\/de\/wp-json\/wp\/v2\/product\/127899\/revisions"}],"wp:featuredmedia":[{"embeddable":true,"href":"https:\/\/www.budream.com\/de\/wp-json\/wp\/v2\/media\/127893"}],"wp:attachment":[{"href":"https:\/\/www.budream.com\/de\/wp-json\/wp\/v2\/media?parent=127899"}],"wp:term":[{"taxonomy":"product_brand","embeddable":true,"href":"https:\/\/www.budream.com\/de\/wp-json\/wp\/v2\/product_brand?post=127899"},{"taxonomy":"product_cat","embeddable":true,"href":"https:\/\/www.budream.com\/de\/wp-json\/wp\/v2\/product_cat?post=127899"},{"taxonomy":"product_tag","embeddable":true,"href":"https:\/\/www.budream.com\/de\/wp-json\/wp\/v2\/product_tag?post=127899"}],"curies":[{"name":"wp","href":"https:\/\/api.w.org\/{rel}","templated":true}]}}