{"id":128009,"date":"2025-07-30T21:12:30","date_gmt":"2025-07-30T19:12:30","guid":{"rendered":"https:\/\/www.budream.com\/shop\/ortoled-s-serie-controller\/"},"modified":"2026-03-31T16:05:12","modified_gmt":"2026-03-31T14:05:12","slug":"ortoled-s-serie-controller","status":"publish","type":"product","link":"https:\/\/www.budream.com\/de\/shop\/ortoled-s-serie-controller\/","title":{"rendered":"ORTOLED &#8211; S SERIE CONTROLLER"},"content":{"rendered":"<p>Mit dem Zubeh\u00f6r S CONTROLLER k\u00f6nnen Sie die Intensit\u00e4tssteuerung der ORTOLED-Lampen der Serie s per Kabel steuern.<\/p>\n<p>Au\u00dferdem k\u00f6nnen Sie damit die Lichtleistung, die Sonnenaufgangs-\/Sonnenuntergangsfunktion und den Timer einstellen.<\/p>\n<p><strong>Achtung! Dieser Controller funktioniert nicht mit der neuen ORTOLED-Serie &#8211; S LINE HL BAR LIGHT<\/strong><\/p>\n<h2><span style=\"text-decoration: underline\"><strong>Eigenschaften S Controller:<\/strong><\/span><\/h2>\n<ul style=\"list-style-type: disc\">\n<li>Das Set besteht aus 1 Digitalanzeige, Fernbedienung, Anschlusskabel.<\/li>\n<li>Steuerung \u00fcber Kabel<\/li>\n<\/ul>\n","protected":false},"excerpt":{"rendered":"<p>Mit dem Zubeh\u00f6r S CONTROLLER k\u00f6nnen Sie die Intensit\u00e4tssteuerung der ORTOLED-Lampen der Serie s per Kabel steuern. Au\u00dferdem k\u00f6nnen Sie<\/p>\n","protected":false},"featured_media":127998,"comment_status":"open","ping_status":"closed","template":"","meta":[],"product_brand":[],"product_cat":[7938],"product_tag":[],"class_list":{"0":"post-128009","1":"product","2":"type-product","3":"status-publish","4":"has-post-thumbnail","6":"product_cat-led-lampe","8":"first","9":"instock","10":"sale","11":"taxable","12":"shipping-taxable","13":"purchasable","14":"product-type-simple"},"aioseo_notices":[],"_links":{"self":[{"href":"https:\/\/www.budream.com\/de\/wp-json\/wp\/v2\/product\/128009","targetHints":{"allow":["GET"]}}],"collection":[{"href":"https:\/\/www.budream.com\/de\/wp-json\/wp\/v2\/product"}],"about":[{"href":"https:\/\/www.budream.com\/de\/wp-json\/wp\/v2\/types\/product"}],"replies":[{"embeddable":true,"href":"https:\/\/www.budream.com\/de\/wp-json\/wp\/v2\/comments?post=128009"}],"version-history":[{"count":1,"href":"https:\/\/www.budream.com\/de\/wp-json\/wp\/v2\/product\/128009\/revisions"}],"predecessor-version":[{"id":262018,"href":"https:\/\/www.budream.com\/de\/wp-json\/wp\/v2\/product\/128009\/revisions\/262018"}],"wp:featuredmedia":[{"embeddable":true,"href":"https:\/\/www.budream.com\/de\/wp-json\/wp\/v2\/media\/127998"}],"wp:attachment":[{"href":"https:\/\/www.budream.com\/de\/wp-json\/wp\/v2\/media?parent=128009"}],"wp:term":[{"taxonomy":"product_brand","embeddable":true,"href":"https:\/\/www.budream.com\/de\/wp-json\/wp\/v2\/product_brand?post=128009"},{"taxonomy":"product_cat","embeddable":true,"href":"https:\/\/www.budream.com\/de\/wp-json\/wp\/v2\/product_cat?post=128009"},{"taxonomy":"product_tag","embeddable":true,"href":"https:\/\/www.budream.com\/de\/wp-json\/wp\/v2\/product_tag?post=128009"}],"curies":[{"name":"wp","href":"https:\/\/api.w.org\/{rel}","templated":true}]}}