{"id":128034,"date":"2025-07-30T21:13:01","date_gmt":"2025-07-30T19:13:01","guid":{"rendered":"https:\/\/www.budream.com\/shop\/flowermate-v5-nano-verdampfer\/"},"modified":"2026-04-20T14:18:08","modified_gmt":"2026-04-20T12:18:08","slug":"flowermate-v5-nano-verdampfer","status":"publish","type":"product","link":"https:\/\/www.budream.com\/de\/shop\/flowermate-v5-nano-verdampfer\/","title":{"rendered":"FLOWERMATE &#8211; V5 NANO VERDAMPFER"},"content":{"rendered":"<p>Der <strong>V5 Nano<\/strong>, eine Weiterentwicklung des Flowermate V5.0pro, ist die neueste Vision der tragbaren Aromatherapie f\u00fcr Flowermate. Ausgestattet mit einer herausnehmbaren 18650-Batterie, gibt der Nano dem Benutzer die direkte Kontrolle \u00fcber die Langlebigkeit des Ger\u00e4ts.<\/p>\n<p>Die Gr\u00f6\u00dfe des Ger\u00e4ts macht es extrem unauff\u00e4llig und leicht zu verstecken, und die ultraschnelle Aufw\u00e4rmzeit (30 Sekunden) beschleunigt Ihre Sitzungen au\u00dferhalb des Hauses.<\/p>\n<p>Weitere wichtige Merkmale sind ein Mundst\u00fcck <strong>aus Borosilikat<\/strong>, das zerlegt und im Ger\u00e4t versteckt werden kann, eine gro\u00dfe Kammer f\u00fcr Einzel- oder Gruppensitzungen und ein vollst\u00e4ndig isolierter Luftweg, der einen sauberen, rein schmeckenden Zug gew\u00e4hrleistet.<\/p>\n<p><\/p>\n<h2><span style=\"text-decoration: underline\">Merkmale Flowermate V5 nano Verdampfer<\/span>:<\/h2>\n<ul style=\"list-style-type: disc\">\n<li>Einstellbare Temperatur;<\/li>\n<li>Herausnehmbare und austauschbare 18650-Batterie;<\/li>\n<li>Mundst\u00fcck aus Borosilikatglas;<\/li>\n<li>Schnelles Aufheizen;<\/li>\n<li>Unauff\u00e4lliges Design;<\/li>\n<\/ul>\n<p> <strong> <span style=\"text-decoration: underline\"><span style=\"font-size: 12pt\">Im Paket enthalten<\/span>:<\/span><\/strong><\/p>\n<ul style=\"list-style-type: disc\">\n<li>Flowermate V5 nano;<\/li>\n<li>Mundst\u00fcck aus Borosilikat;<\/li>\n<li>USB\/Mini USB-Wandladeger\u00e4t;<\/li>\n<li>Trichter zum Bef\u00fcllen;<\/li>\n<li>Reinigungsb\u00fcrste und Dabber;<\/li>\n<li>Benutzerhandbuch (auf Englisch);<\/li>\n<li>Pflanzlicher Beh\u00e4lter;<\/li>\n<li>Beh\u00e4lter f\u00fcr \u00d6le (Wachs, Bho, Kolophonium);<\/li>\n<li>Schutzhandschuh;<\/li>\n<\/ul>\n","protected":false},"excerpt":{"rendered":"<p>Der V5 Nano, eine Weiterentwicklung des Flowermate V5.0pro, ist die neueste Vision der tragbaren Aromatherapie f\u00fcr Flowermate. Ausgestattet mit einer<\/p>\n","protected":false},"featured_media":128013,"comment_status":"open","ping_status":"closed","template":"","meta":[],"product_brand":[],"product_cat":[7907],"product_tag":[],"class_list":{"0":"post-128034","1":"product","2":"type-product","3":"status-publish","4":"has-post-thumbnail","6":"product_cat-verdampfer","8":"first","9":"instock","10":"sale","11":"taxable","12":"shipping-taxable","13":"purchasable","14":"product-type-simple"},"aioseo_notices":[],"_links":{"self":[{"href":"https:\/\/www.budream.com\/de\/wp-json\/wp\/v2\/product\/128034","targetHints":{"allow":["GET"]}}],"collection":[{"href":"https:\/\/www.budream.com\/de\/wp-json\/wp\/v2\/product"}],"about":[{"href":"https:\/\/www.budream.com\/de\/wp-json\/wp\/v2\/types\/product"}],"replies":[{"embeddable":true,"href":"https:\/\/www.budream.com\/de\/wp-json\/wp\/v2\/comments?post=128034"}],"version-history":[{"count":0,"href":"https:\/\/www.budream.com\/de\/wp-json\/wp\/v2\/product\/128034\/revisions"}],"wp:featuredmedia":[{"embeddable":true,"href":"https:\/\/www.budream.com\/de\/wp-json\/wp\/v2\/media\/128013"}],"wp:attachment":[{"href":"https:\/\/www.budream.com\/de\/wp-json\/wp\/v2\/media?parent=128034"}],"wp:term":[{"taxonomy":"product_brand","embeddable":true,"href":"https:\/\/www.budream.com\/de\/wp-json\/wp\/v2\/product_brand?post=128034"},{"taxonomy":"product_cat","embeddable":true,"href":"https:\/\/www.budream.com\/de\/wp-json\/wp\/v2\/product_cat?post=128034"},{"taxonomy":"product_tag","embeddable":true,"href":"https:\/\/www.budream.com\/de\/wp-json\/wp\/v2\/product_tag?post=128034"}],"curies":[{"name":"wp","href":"https:\/\/api.w.org\/{rel}","templated":true}]}}