{"id":128059,"date":"2025-07-30T21:14:11","date_gmt":"2025-07-30T19:14:11","guid":{"rendered":"https:\/\/www.budream.com\/shop\/qnubu-manuelle-rosinpresse-bolt-platte-6x12cm-druck-1ton\/"},"modified":"2026-04-14T14:54:07","modified_gmt":"2026-04-14T12:54:07","slug":"qnubu-manuelle-rosinpresse-bolt-platte-6x12cm-druck-1ton","status":"publish","type":"product","link":"https:\/\/www.budream.com\/de\/shop\/qnubu-manuelle-rosinpresse-bolt-platte-6x12cm-druck-1ton\/","title":{"rendered":"QNUBU &#8211; MANUELLE ROSINPRESSE BOLT | PLATTE 6x12cm DRUCK 1TON."},"content":{"rendered":"<h2><strong>Qnubu Handpresse f\u00fcr die Kolophoniumextraktion<\/strong><\/h2>\n<p>Die Kolophoniumextraktion war die erste, die entdeckte, dass durch Erreichen der richtigen Temperatur bis zu 80 % der Pflanzenwirkstoffe extrahiert werden k\u00f6nnen.<\/p>\n<p>Die Technik ist sehr einfach, da sie darin besteht, Druck auf eine Knospe auszu\u00fcben, die zwischen die Karten gelegt wird, so dass sie fest zwischen das hei\u00dfe Aluminium der Platten gepresst wird.<\/p>\n<p>Nach dem \u00d6ffnen des Beutels befindet sich das Harz darin &#8211; bequemer geht&#8217;s nicht.<\/p>\n<h2><strong><span style=\"text-decoration: underline\">Technische Daten der Qnubu Bolt Handpresse<\/span>:<\/strong><\/h2>\n<ul style=\"list-style-type: disc\">\n<li>Druck: 1 Tonne<\/li>\n<li>Platte: 6x12cm<\/li>\n<li>Abmessungen: 32x24x37h<\/li>\n<li>Zweifache Temperaturregelung (0-254 &ordm;C)<\/li>\n<li>TIimer 0-999sec &#8211; Akustische Warnung<\/li>\n<li>Spannung: 220V<\/li>\n<li>Verbrauch: 700W<\/li>\n<\/ul>\n<p>Speziell f\u00fcr die Extraktion von \u00d6len und Harzen ohne Verwendung von L\u00f6sungsmitteln, sondern einfach durch Druck und Erhitzung.<\/p>\n","protected":false},"excerpt":{"rendered":"<p>Qnubu Handpresse f\u00fcr die Kolophoniumextraktion Die Kolophoniumextraktion war die erste, die entdeckte, dass durch Erreichen der richtigen Temperatur bis zu<\/p>\n","protected":false},"featured_media":128043,"comment_status":"open","ping_status":"closed","template":"","meta":[],"product_brand":[],"product_cat":[7947],"product_tag":[],"class_list":{"0":"post-128059","1":"product","2":"type-product","3":"status-publish","4":"has-post-thumbnail","6":"product_cat-headshop-de","8":"first","9":"instock","10":"taxable","11":"shipping-taxable","12":"purchasable","13":"product-type-simple"},"aioseo_notices":[],"_links":{"self":[{"href":"https:\/\/www.budream.com\/de\/wp-json\/wp\/v2\/product\/128059","targetHints":{"allow":["GET"]}}],"collection":[{"href":"https:\/\/www.budream.com\/de\/wp-json\/wp\/v2\/product"}],"about":[{"href":"https:\/\/www.budream.com\/de\/wp-json\/wp\/v2\/types\/product"}],"replies":[{"embeddable":true,"href":"https:\/\/www.budream.com\/de\/wp-json\/wp\/v2\/comments?post=128059"}],"version-history":[{"count":1,"href":"https:\/\/www.budream.com\/de\/wp-json\/wp\/v2\/product\/128059\/revisions"}],"predecessor-version":[{"id":262224,"href":"https:\/\/www.budream.com\/de\/wp-json\/wp\/v2\/product\/128059\/revisions\/262224"}],"wp:featuredmedia":[{"embeddable":true,"href":"https:\/\/www.budream.com\/de\/wp-json\/wp\/v2\/media\/128043"}],"wp:attachment":[{"href":"https:\/\/www.budream.com\/de\/wp-json\/wp\/v2\/media?parent=128059"}],"wp:term":[{"taxonomy":"product_brand","embeddable":true,"href":"https:\/\/www.budream.com\/de\/wp-json\/wp\/v2\/product_brand?post=128059"},{"taxonomy":"product_cat","embeddable":true,"href":"https:\/\/www.budream.com\/de\/wp-json\/wp\/v2\/product_cat?post=128059"},{"taxonomy":"product_tag","embeddable":true,"href":"https:\/\/www.budream.com\/de\/wp-json\/wp\/v2\/product_tag?post=128059"}],"curies":[{"name":"wp","href":"https:\/\/api.w.org\/{rel}","templated":true}]}}