{"id":128069,"date":"2025-07-30T21:14:48","date_gmt":"2025-07-30T19:14:48","guid":{"rendered":"https:\/\/www.budream.com\/shop\/qnubu-hydraulische-rosin-presse-platte-12x12cm-druck-6ton\/"},"modified":"2026-04-14T14:54:32","modified_gmt":"2026-04-14T12:54:32","slug":"qnubu-hydraulische-rosin-presse-platte-12x12cm-druck-6ton","status":"publish","type":"product","link":"https:\/\/www.budream.com\/de\/shop\/qnubu-hydraulische-rosin-presse-platte-12x12cm-druck-6ton\/","title":{"rendered":"QNUBU &#8211; HYDRAULISCHE ROSIN PRESSE | PLATTE 12x12cm DRUCK 6TON."},"content":{"rendered":"<p>Rosin war der erste, der entdeckte, dass durch Erreichen der richtigen Temperatur bis zu 80 % der aktiven Pflanzeninhaltsstoffe extrahiert werden k\u00f6nnen.<\/p>\n<p>Die Technik ist sehr einfach, da sie darin besteht, Druck auf eine zwischen den Karten platzierte Knospe auszu\u00fcben, so dass sie fest zwischen das hei\u00dfe Aluminium der Platten gepresst wird.<\/p>\n<p>Nach dem \u00d6ffnen des Beutels befindet sich das Harz darin &#8211; bequemer geht&#8217;s nicht.<\/p>\n<h2><span style=\"text-decoration: underline\"><strong>Technische Daten professionelle hydraulische Presse Qnubu 6 Tonnen:<\/strong><\/span><\/h2>\n<ul style=\"list-style-type: disc\">\n<li>Druck: 6 Tonnen<\/li>\n<li>Platte: 12x12cm<\/li>\n<li>TIimer 0-999sec &#8211; Akustische Warnung<\/li>\n<li>Spannung: 220V<\/li>\n<li>Verbrauch: 1400W<\/li>\n<li>Gewicht: 29Kg<\/li>\n<\/ul>\n<p>Speziell entwickelt f\u00fcr das Extrahieren von \u00d6len und Harzen ohne Verwendung von L\u00f6sungsmitteln, sondern einfach durch Druck und Erhitzung.<\/p>\n","protected":false},"excerpt":{"rendered":"<p>Rosin war der erste, der entdeckte, dass durch Erreichen der richtigen Temperatur bis zu 80 % der aktiven Pflanzeninhaltsstoffe extrahiert<\/p>\n","protected":false},"featured_media":128063,"comment_status":"open","ping_status":"closed","template":"","meta":[],"product_brand":[],"product_cat":[7947],"product_tag":[],"class_list":{"0":"post-128069","1":"product","2":"type-product","3":"status-publish","4":"has-post-thumbnail","6":"product_cat-headshop-de","8":"first","9":"instock","10":"taxable","11":"shipping-taxable","12":"purchasable","13":"product-type-simple"},"aioseo_notices":[],"_links":{"self":[{"href":"https:\/\/www.budream.com\/de\/wp-json\/wp\/v2\/product\/128069","targetHints":{"allow":["GET"]}}],"collection":[{"href":"https:\/\/www.budream.com\/de\/wp-json\/wp\/v2\/product"}],"about":[{"href":"https:\/\/www.budream.com\/de\/wp-json\/wp\/v2\/types\/product"}],"replies":[{"embeddable":true,"href":"https:\/\/www.budream.com\/de\/wp-json\/wp\/v2\/comments?post=128069"}],"version-history":[{"count":1,"href":"https:\/\/www.budream.com\/de\/wp-json\/wp\/v2\/product\/128069\/revisions"}],"predecessor-version":[{"id":262659,"href":"https:\/\/www.budream.com\/de\/wp-json\/wp\/v2\/product\/128069\/revisions\/262659"}],"wp:featuredmedia":[{"embeddable":true,"href":"https:\/\/www.budream.com\/de\/wp-json\/wp\/v2\/media\/128063"}],"wp:attachment":[{"href":"https:\/\/www.budream.com\/de\/wp-json\/wp\/v2\/media?parent=128069"}],"wp:term":[{"taxonomy":"product_brand","embeddable":true,"href":"https:\/\/www.budream.com\/de\/wp-json\/wp\/v2\/product_brand?post=128069"},{"taxonomy":"product_cat","embeddable":true,"href":"https:\/\/www.budream.com\/de\/wp-json\/wp\/v2\/product_cat?post=128069"},{"taxonomy":"product_tag","embeddable":true,"href":"https:\/\/www.budream.com\/de\/wp-json\/wp\/v2\/product_tag?post=128069"}],"curies":[{"name":"wp","href":"https:\/\/api.w.org\/{rel}","templated":true}]}}