{"id":128099,"date":"2025-07-30T21:16:23","date_gmt":"2025-07-30T19:16:23","guid":{"rendered":"https:\/\/www.budream.com\/shop\/grenzenlos-tera-mundstueck\/"},"modified":"2025-12-23T12:51:54","modified_gmt":"2025-12-23T10:51:54","slug":"grenzenlos-tera-mundstueck","status":"publish","type":"product","link":"https:\/\/www.budream.com\/de\/shop\/grenzenlos-tera-mundstueck\/","title":{"rendered":"GRENZENLOS &#8211; TERA-MUNDST\u00dcCK"},"content":{"rendered":"<p>ERSATZMUNDST\u00dcCK F\u00dcR BOUNDLESS TERA.<\/p>\n<p>MUNDST\u00dcCK F\u00dcR BOUNDLESS TERA<\/p>\n<p><span style=\"font-family: 'arial black', sans-serif;font-size: 14pt\"><\/p>\n<p><\/span><\/p>\n","protected":false},"excerpt":{"rendered":"<p>ERSATZMUNDST\u00dcCK F\u00dcR BOUNDLESS TERA. MUNDST\u00dcCK F\u00dcR BOUNDLESS TERA<\/p>\n","protected":false},"featured_media":128093,"comment_status":"open","ping_status":"closed","template":"","meta":[],"product_brand":[],"product_cat":[7907],"product_tag":[],"class_list":{"0":"post-128099","1":"product","2":"type-product","3":"status-publish","4":"has-post-thumbnail","6":"product_cat-verdampfer","8":"first","9":"instock","10":"sale","11":"taxable","12":"shipping-taxable","13":"purchasable","14":"product-type-simple"},"aioseo_notices":[],"_links":{"self":[{"href":"https:\/\/www.budream.com\/de\/wp-json\/wp\/v2\/product\/128099","targetHints":{"allow":["GET"]}}],"collection":[{"href":"https:\/\/www.budream.com\/de\/wp-json\/wp\/v2\/product"}],"about":[{"href":"https:\/\/www.budream.com\/de\/wp-json\/wp\/v2\/types\/product"}],"replies":[{"embeddable":true,"href":"https:\/\/www.budream.com\/de\/wp-json\/wp\/v2\/comments?post=128099"}],"version-history":[{"count":0,"href":"https:\/\/www.budream.com\/de\/wp-json\/wp\/v2\/product\/128099\/revisions"}],"wp:featuredmedia":[{"embeddable":true,"href":"https:\/\/www.budream.com\/de\/wp-json\/wp\/v2\/media\/128093"}],"wp:attachment":[{"href":"https:\/\/www.budream.com\/de\/wp-json\/wp\/v2\/media?parent=128099"}],"wp:term":[{"taxonomy":"product_brand","embeddable":true,"href":"https:\/\/www.budream.com\/de\/wp-json\/wp\/v2\/product_brand?post=128099"},{"taxonomy":"product_cat","embeddable":true,"href":"https:\/\/www.budream.com\/de\/wp-json\/wp\/v2\/product_cat?post=128099"},{"taxonomy":"product_tag","embeddable":true,"href":"https:\/\/www.budream.com\/de\/wp-json\/wp\/v2\/product_tag?post=128099"}],"curies":[{"name":"wp","href":"https:\/\/api.w.org\/{rel}","templated":true}]}}