{"id":128109,"date":"2025-07-30T21:16:51","date_gmt":"2025-07-30T19:16:51","guid":{"rendered":"https:\/\/www.budream.com\/shop\/grenzenlos-ersatz-glas-mundstueck-tera\/"},"modified":"2025-12-23T12:52:14","modified_gmt":"2025-12-23T10:52:14","slug":"grenzenlos-ersatz-glas-mundstueck-tera","status":"publish","type":"product","link":"https:\/\/www.budream.com\/de\/shop\/grenzenlos-ersatz-glas-mundstueck-tera\/","title":{"rendered":"GRENZENLOS &#8211; ERSATZ GLAS MUNDST\u00dcCK TERA"},"content":{"rendered":"<p>ERSATZ GLAS MUNDST\u00dcCK F\u00dcR GRENZENLOSE TERA.<\/p>\n","protected":false},"excerpt":{"rendered":"<p>ERSATZ GLAS MUNDST\u00dcCK F\u00dcR GRENZENLOSE TERA.<\/p>\n","protected":false},"featured_media":128103,"comment_status":"open","ping_status":"closed","template":"","meta":[],"product_brand":[],"product_cat":[7907],"product_tag":[],"class_list":{"0":"post-128109","1":"product","2":"type-product","3":"status-publish","4":"has-post-thumbnail","6":"product_cat-verdampfer","8":"first","9":"instock","10":"sale","11":"taxable","12":"shipping-taxable","13":"purchasable","14":"product-type-simple"},"aioseo_notices":[],"_links":{"self":[{"href":"https:\/\/www.budream.com\/de\/wp-json\/wp\/v2\/product\/128109","targetHints":{"allow":["GET"]}}],"collection":[{"href":"https:\/\/www.budream.com\/de\/wp-json\/wp\/v2\/product"}],"about":[{"href":"https:\/\/www.budream.com\/de\/wp-json\/wp\/v2\/types\/product"}],"replies":[{"embeddable":true,"href":"https:\/\/www.budream.com\/de\/wp-json\/wp\/v2\/comments?post=128109"}],"version-history":[{"count":0,"href":"https:\/\/www.budream.com\/de\/wp-json\/wp\/v2\/product\/128109\/revisions"}],"wp:featuredmedia":[{"embeddable":true,"href":"https:\/\/www.budream.com\/de\/wp-json\/wp\/v2\/media\/128103"}],"wp:attachment":[{"href":"https:\/\/www.budream.com\/de\/wp-json\/wp\/v2\/media?parent=128109"}],"wp:term":[{"taxonomy":"product_brand","embeddable":true,"href":"https:\/\/www.budream.com\/de\/wp-json\/wp\/v2\/product_brand?post=128109"},{"taxonomy":"product_cat","embeddable":true,"href":"https:\/\/www.budream.com\/de\/wp-json\/wp\/v2\/product_cat?post=128109"},{"taxonomy":"product_tag","embeddable":true,"href":"https:\/\/www.budream.com\/de\/wp-json\/wp\/v2\/product_tag?post=128109"}],"curies":[{"name":"wp","href":"https:\/\/api.w.org\/{rel}","templated":true}]}}