{"id":128239,"date":"2025-07-30T21:22:21","date_gmt":"2025-07-30T19:22:21","guid":{"rendered":"https:\/\/www.budream.com\/shop\/hemp-nanotech-biobong-buster-detergent-1kg\/"},"modified":"2026-02-13T16:10:24","modified_gmt":"2026-02-13T14:10:24","slug":"hemp-nanotech-biobong-buster-detergent-1kg","status":"publish","type":"product","link":"https:\/\/www.budream.com\/de\/shop\/hemp-nanotech-biobong-buster-detergent-1kg\/","title":{"rendered":"HEMP NANOTECH &#8211; BIOBONG BUSTER DETERGENT | 1kg"},"content":{"rendered":"<p>BioBong Buster ist ein Pulverreiniger zur Reinigung von verkrusteten oder ausgetrockneten Bongs und Wasserpfeifen, der weder ger\u00fchrt noch mechanisch bearbeitet werden muss. Der Reiniger besteht aus naszierendem, mit Sauerstoff modifiziertem Mineralsalz. Dieses biologische Produkt wird durch die Modifizierung nat\u00fcrlicher Natriumsalze hergestellt, die mit Ultraschall und Wasserstoffperoxid behandelt werden, wobei das Salz mit Sauerstoff &#8222;gef\u00fcllt&#8220; wird. Das neu gebildete Salz ist bei Raumtemperatur sehr stabil, aber bereit, oberhalb von 60&deg;C Sauerstoff abzugeben. Wenn das Salz 60 Grad erreicht (z. B. in sehr hei\u00dfem Wasser), tritt der darin enthaltene Sauerstoff kr\u00e4ftig aus und l\u00f6st eine Oxidations-Reduktions-Reaktion gegen Kohlenstoffablagerungen, verfestigte Harzreste und \u00d6l aus.<\/p>\n<p>Es handelt sich um eine radikale L\u00f6sung, die eine tiefe und homogene Reinigung aller Oberfl\u00e4chen erm\u00f6glicht, auch der schwierigsten, mit ausgezeichneten Reinigungsergebnissen auch in Ritzen und kleinen Hohlr\u00e4umen. Der neutrale pH-Wert ist die beste Garantie daf\u00fcr, dass das Produkt nicht korrosiv ist und daher die Oberfl\u00e4chen gl\u00e4nzend und strahlend sauber hinterl\u00e4sst.<\/p>\n<h2><span style=\"text-decoration: underline\">Gebrauchsanweisung f\u00fcr Bio Bong Buster:<\/span><\/h2>\n<ul style=\"list-style-type: disc\">\n<li>1. Erhitzen Sie einen Topf mit Wasser, jede Art von Topf wird nicht besch\u00e4digt, der BioBong Buster hat sogar eine sterilisierende Funktion;<\/li>\n<li>2. Wenn das Wasser anf\u00e4ngt zu rauchen (ca. 70-80&deg;C), geben Sie ca. 30 g BioBong Buster in die Bong oder ein anderes zu reinigendes Instrument und tauchen Sie es in das Wasser;<\/li>\n<li>3. Warten Sie etwa 5 &#8211; 10 Minuten;<\/li>\n<li>4. Mit lauwarmem oder hei\u00dfem Wasser absp\u00fclen<\/li>\n<\/ul>\n<p>Diese Methode vermeidet Verschmutzungen an den Stellen, an denen die Instrumente gereinigt werden. Herd, Sp\u00fcle und Topf werden mit einer Sp\u00fclung gereinigt und der Schmutz geht in den Abfluss.<\/p>\n","protected":false},"excerpt":{"rendered":"<p>BioBong Buster ist ein Pulverreiniger zur Reinigung von verkrusteten oder ausgetrockneten Bongs und Wasserpfeifen, der weder ger\u00fchrt noch mechanisch bearbeitet<\/p>\n","protected":false},"featured_media":128233,"comment_status":"open","ping_status":"closed","template":"","meta":[],"product_brand":[],"product_cat":[7947],"product_tag":[],"class_list":{"0":"post-128239","1":"product","2":"type-product","3":"status-publish","4":"has-post-thumbnail","6":"product_cat-headshop-de","8":"first","9":"instock","10":"taxable","11":"shipping-taxable","12":"purchasable","13":"product-type-simple"},"aioseo_notices":[],"_links":{"self":[{"href":"https:\/\/www.budream.com\/de\/wp-json\/wp\/v2\/product\/128239","targetHints":{"allow":["GET"]}}],"collection":[{"href":"https:\/\/www.budream.com\/de\/wp-json\/wp\/v2\/product"}],"about":[{"href":"https:\/\/www.budream.com\/de\/wp-json\/wp\/v2\/types\/product"}],"replies":[{"embeddable":true,"href":"https:\/\/www.budream.com\/de\/wp-json\/wp\/v2\/comments?post=128239"}],"version-history":[{"count":0,"href":"https:\/\/www.budream.com\/de\/wp-json\/wp\/v2\/product\/128239\/revisions"}],"wp:featuredmedia":[{"embeddable":true,"href":"https:\/\/www.budream.com\/de\/wp-json\/wp\/v2\/media\/128233"}],"wp:attachment":[{"href":"https:\/\/www.budream.com\/de\/wp-json\/wp\/v2\/media?parent=128239"}],"wp:term":[{"taxonomy":"product_brand","embeddable":true,"href":"https:\/\/www.budream.com\/de\/wp-json\/wp\/v2\/product_brand?post=128239"},{"taxonomy":"product_cat","embeddable":true,"href":"https:\/\/www.budream.com\/de\/wp-json\/wp\/v2\/product_cat?post=128239"},{"taxonomy":"product_tag","embeddable":true,"href":"https:\/\/www.budream.com\/de\/wp-json\/wp\/v2\/product_tag?post=128239"}],"curies":[{"name":"wp","href":"https:\/\/api.w.org\/{rel}","templated":true}]}}