{"id":128259,"date":"2025-07-30T21:23:17","date_gmt":"2025-07-30T19:23:17","guid":{"rendered":"https:\/\/www.budream.com\/shop\/hanf-nanotech-geruchsbuster-neutralisiert-rauchgerueche-100ml\/"},"modified":"2026-02-06T13:56:03","modified_gmt":"2026-02-06T11:56:03","slug":"hanf-nanotech-geruchsbuster-neutralisiert-rauchgerueche-100ml","status":"publish","type":"product","link":"https:\/\/www.budream.com\/de\/shop\/hanf-nanotech-geruchsbuster-neutralisiert-rauchgerueche-100ml\/","title":{"rendered":"HANF NANOTECH &#8211; GERUCHSBUSTER NEUTRALISIERT RAUCHGER\u00dcCHE | 100ML"},"content":{"rendered":"<p>Bio Bong Smell Buster ist die neue Pflanzentechnologie, die durch Rauch und Harze verursachte Ger\u00fcche einf\u00e4ngt und neutralisiert. Dank der Kapazit\u00e4t der Extrakte ist es sofort aktiv, bindet Ger\u00fcche und gibt einen zarten, frischen und sauberen Duft an die Luft und an Textilien ab.<\/p>\n<p>Smell buster ist ideal f\u00fcr den Einsatz in Innenr\u00e4umen oder im Auto und kann auf allen harten Oberfl\u00e4chen sowie auf Textilien und Kleidung verwendet werden. Es ist ein biologisches Produkt, das langfristig wirksam und 100% hautvertr\u00e4glich ist.<\/p>\n<h2><strong><br \/><span style=\"text-decoration: underline\">Gebrauchsanweisung f\u00fcr Smell Buster:<\/span><\/strong><\/h2>\n<p>Direkt auf die zu desinfizierenden Oberfl\u00e4chen oder R\u00e4ume spr\u00fchen, das Produkt mit einem Zerst\u00e4uber verwenden oder mit einem Tuch verteilen.<\/p>\n","protected":false},"excerpt":{"rendered":"<p>Bio Bong Smell Buster ist die neue Pflanzentechnologie, die durch Rauch und Harze verursachte Ger\u00fcche einf\u00e4ngt und neutralisiert. Dank der<\/p>\n","protected":false},"featured_media":128253,"comment_status":"open","ping_status":"closed","template":"","meta":[],"product_brand":[],"product_cat":[7947],"product_tag":[],"class_list":{"0":"post-128259","1":"product","2":"type-product","3":"status-publish","4":"has-post-thumbnail","6":"product_cat-headshop-de","8":"first","9":"instock","10":"taxable","11":"shipping-taxable","12":"purchasable","13":"product-type-simple"},"aioseo_notices":[],"_links":{"self":[{"href":"https:\/\/www.budream.com\/de\/wp-json\/wp\/v2\/product\/128259","targetHints":{"allow":["GET"]}}],"collection":[{"href":"https:\/\/www.budream.com\/de\/wp-json\/wp\/v2\/product"}],"about":[{"href":"https:\/\/www.budream.com\/de\/wp-json\/wp\/v2\/types\/product"}],"replies":[{"embeddable":true,"href":"https:\/\/www.budream.com\/de\/wp-json\/wp\/v2\/comments?post=128259"}],"version-history":[{"count":0,"href":"https:\/\/www.budream.com\/de\/wp-json\/wp\/v2\/product\/128259\/revisions"}],"wp:featuredmedia":[{"embeddable":true,"href":"https:\/\/www.budream.com\/de\/wp-json\/wp\/v2\/media\/128253"}],"wp:attachment":[{"href":"https:\/\/www.budream.com\/de\/wp-json\/wp\/v2\/media?parent=128259"}],"wp:term":[{"taxonomy":"product_brand","embeddable":true,"href":"https:\/\/www.budream.com\/de\/wp-json\/wp\/v2\/product_brand?post=128259"},{"taxonomy":"product_cat","embeddable":true,"href":"https:\/\/www.budream.com\/de\/wp-json\/wp\/v2\/product_cat?post=128259"},{"taxonomy":"product_tag","embeddable":true,"href":"https:\/\/www.budream.com\/de\/wp-json\/wp\/v2\/product_tag?post=128259"}],"curies":[{"name":"wp","href":"https:\/\/api.w.org\/{rel}","templated":true}]}}