{"id":128269,"date":"2025-07-30T21:23:46","date_gmt":"2025-07-30T19:23:46","guid":{"rendered":"https:\/\/www.budream.com\/shop\/hemp-nanotech-resin-cleaner-detergent-250ml\/"},"modified":"2026-05-13T13:12:03","modified_gmt":"2026-05-13T11:12:03","slug":"hemp-nanotech-resin-cleaner-detergent-250ml","status":"publish","type":"product","link":"https:\/\/www.budream.com\/de\/shop\/hemp-nanotech-resin-cleaner-detergent-250ml\/","title":{"rendered":"HEMP NANOTECH &#8211; RESIN CLEANER DETERGENT | 250ml"},"content":{"rendered":"<p>Es entfernt sanft schwer zu entfernende Harzr\u00fcckst\u00e4nde von H\u00e4nden und Oberfl\u00e4chen und beseitigt auch unangenehme Ger\u00fcche. <br \/>Seine Zusammensetzung h\u00e4lt die Haut feucht, weich und geschmeidig.<br \/><strong>Ideal zum Entfernen von Harzen von Klingen, Scheren und Bauteilen von automatischen und manuellen Trimmern.<\/p>\n<p><\/strong><\/p>\n<h2><span style=\"text-decoration: underline\">Gebrauchsanweisung f\u00fcr den Harzreiniger:<\/span><\/h2>\n<ul style=\"list-style-type: disc\">\n<li>Das Produkt auf die H\u00e4nde oder Oberfl\u00e4chen auftragen;<\/li>\n<li>schrubben und absp\u00fclen;<\/li>\n<\/ul>\n","protected":false},"excerpt":{"rendered":"<p>Es entfernt sanft schwer zu entfernende Harzr\u00fcckst\u00e4nde von H\u00e4nden und Oberfl\u00e4chen und beseitigt auch unangenehme Ger\u00fcche. Seine Zusammensetzung h\u00e4lt die<\/p>\n","protected":false},"featured_media":128263,"comment_status":"open","ping_status":"closed","template":"","meta":[],"product_brand":[],"product_cat":[7947],"product_tag":[],"class_list":{"0":"post-128269","1":"product","2":"type-product","3":"status-publish","4":"has-post-thumbnail","6":"product_cat-headshop-de","8":"first","9":"instock","10":"taxable","11":"shipping-taxable","12":"purchasable","13":"product-type-simple"},"aioseo_notices":[],"_links":{"self":[{"href":"https:\/\/www.budream.com\/de\/wp-json\/wp\/v2\/product\/128269","targetHints":{"allow":["GET"]}}],"collection":[{"href":"https:\/\/www.budream.com\/de\/wp-json\/wp\/v2\/product"}],"about":[{"href":"https:\/\/www.budream.com\/de\/wp-json\/wp\/v2\/types\/product"}],"replies":[{"embeddable":true,"href":"https:\/\/www.budream.com\/de\/wp-json\/wp\/v2\/comments?post=128269"}],"version-history":[{"count":1,"href":"https:\/\/www.budream.com\/de\/wp-json\/wp\/v2\/product\/128269\/revisions"}],"predecessor-version":[{"id":269820,"href":"https:\/\/www.budream.com\/de\/wp-json\/wp\/v2\/product\/128269\/revisions\/269820"}],"wp:featuredmedia":[{"embeddable":true,"href":"https:\/\/www.budream.com\/de\/wp-json\/wp\/v2\/media\/128263"}],"wp:attachment":[{"href":"https:\/\/www.budream.com\/de\/wp-json\/wp\/v2\/media?parent=128269"}],"wp:term":[{"taxonomy":"product_brand","embeddable":true,"href":"https:\/\/www.budream.com\/de\/wp-json\/wp\/v2\/product_brand?post=128269"},{"taxonomy":"product_cat","embeddable":true,"href":"https:\/\/www.budream.com\/de\/wp-json\/wp\/v2\/product_cat?post=128269"},{"taxonomy":"product_tag","embeddable":true,"href":"https:\/\/www.budream.com\/de\/wp-json\/wp\/v2\/product_tag?post=128269"}],"curies":[{"name":"wp","href":"https:\/\/api.w.org\/{rel}","templated":true}]}}