{"id":128349,"date":"2025-07-30T21:28:00","date_gmt":"2025-07-30T19:28:00","guid":{"rendered":"https:\/\/www.budream.com\/shop\/flortis-konzentriertes-neem-oel-250ml\/"},"modified":"2026-03-18T14:29:04","modified_gmt":"2026-03-18T12:29:04","slug":"flortis-konzentriertes-neem-oel-250ml","status":"publish","type":"product","link":"https:\/\/www.budream.com\/de\/shop\/flortis-konzentriertes-neem-oel-250ml\/","title":{"rendered":"FLORTIS &#8211; KONZENTRIERTES NEEM-\u00d6L | 250ml"},"content":{"rendered":"<p>Neem\u00f6l f\u00fcr Pflanzen, <strong>100% nat\u00fcrlich und biologisch abbaubar<\/strong>, kaltgepresst, wasserl\u00f6slich.<\/p>\n<p>Wenn es auf Pflanzen aufgetragen wird, verbessert es deren allgemeine Gesundheit und erh\u00f6ht ihre nat\u00fcrliche Resistenz gegen Sch\u00e4dlinge und Krankheiten. Es ist \u00f6kologisch und sicher f\u00fcr die Umwelt. Es ist ungiftig f\u00fcr S\u00e4ugetiere, V\u00f6gel und Wassertiere.<\/p>\n<h2 class=\"titles\"><strong>Art der Anwendung:<\/strong><\/h2>\n<p>5-15 ml Neem-\u00d6l in einem Liter Wasser mischen, etwa 7-12 ml pro m2. Die Dosierung muss je nach Gr\u00f6\u00dfe der Pflanzen, dem Bedarf der Pflanzen und der zum Bespr\u00fchen der gesamten Pflanze erforderlichen Wassermenge angepasst werden. Es kann in jedem Stadium der Pflanzenentwicklung angewendet werden. Es wird empfohlen, nach der Behandlung mindestens 48 Stunden verstreichen zu lassen, bevor die behandelten Pflanzen verzehrt werden.<strong><br \/><\/strong><\/p>\n<div class=\"section row\">\n<div class=\"column twelve bgLightColor b-radius-10\">\n<div class=\"padding20 white\">\n<p><strong>Die 250-ml-Packung ist f\u00fcr die Behandlung von bis zu 3500 m2 und bis zu 50 Liter L\u00f6sung geeignet.<\/p>\n<p><\/strong><\/p>\n<p><strong>ZUSAMMENSETZUNG: <\/strong>100% reines Neem\u00f6l.<strong><br \/>FORMULAZIONE: <\/strong>Fl\u00fcssigkeit zum Verd\u00fcnnen.<strong><br \/>VERPACKUNG: <\/strong>250ml-Dose.<\/p>\n<\/div>\n<\/div>\n<\/div>\n","protected":false},"excerpt":{"rendered":"<p>Neem\u00f6l f\u00fcr Pflanzen, 100% nat\u00fcrlich und biologisch abbaubar, kaltgepresst, wasserl\u00f6slich. Wenn es auf Pflanzen aufgetragen wird, verbessert es deren allgemeine<\/p>\n","protected":false},"featured_media":128328,"comment_status":"open","ping_status":"closed","template":"","meta":[],"product_brand":[],"product_cat":[3095],"product_tag":[],"class_list":{"0":"post-128349","1":"product","2":"type-product","3":"status-publish","4":"has-post-thumbnail","6":"product_cat-antiparassitari-e-difesa","8":"first","9":"instock","10":"taxable","11":"shipping-taxable","12":"purchasable","13":"product-type-simple"},"_links":{"self":[{"href":"https:\/\/www.budream.com\/de\/wp-json\/wp\/v2\/product\/128349","targetHints":{"allow":["GET"]}}],"collection":[{"href":"https:\/\/www.budream.com\/de\/wp-json\/wp\/v2\/product"}],"about":[{"href":"https:\/\/www.budream.com\/de\/wp-json\/wp\/v2\/types\/product"}],"replies":[{"embeddable":true,"href":"https:\/\/www.budream.com\/de\/wp-json\/wp\/v2\/comments?post=128349"}],"version-history":[{"count":0,"href":"https:\/\/www.budream.com\/de\/wp-json\/wp\/v2\/product\/128349\/revisions"}],"wp:featuredmedia":[{"embeddable":true,"href":"https:\/\/www.budream.com\/de\/wp-json\/wp\/v2\/media\/128328"}],"wp:attachment":[{"href":"https:\/\/www.budream.com\/de\/wp-json\/wp\/v2\/media?parent=128349"}],"wp:term":[{"taxonomy":"product_brand","embeddable":true,"href":"https:\/\/www.budream.com\/de\/wp-json\/wp\/v2\/product_brand?post=128349"},{"taxonomy":"product_cat","embeddable":true,"href":"https:\/\/www.budream.com\/de\/wp-json\/wp\/v2\/product_cat?post=128349"},{"taxonomy":"product_tag","embeddable":true,"href":"https:\/\/www.budream.com\/de\/wp-json\/wp\/v2\/product_tag?post=128349"}],"curies":[{"name":"wp","href":"https:\/\/api.w.org\/{rel}","templated":true}]}}