{"id":128364,"date":"2025-07-30T21:28:31","date_gmt":"2025-07-30T19:28:31","guid":{"rendered":"https:\/\/www.budream.com\/shop\/enecta-koerpermilch-mit-cannabidiol-200mg-cbd-200ml\/"},"modified":"2026-01-20T14:25:57","modified_gmt":"2026-01-20T12:25:57","slug":"enecta-koerpermilch-mit-cannabidiol-200mg-cbd-200ml","status":"publish","type":"product","link":"https:\/\/www.budream.com\/de\/shop\/enecta-koerpermilch-mit-cannabidiol-200mg-cbd-200ml\/","title":{"rendered":"ENECTA &#8211; K\u00d6RPERMILCH MIT CANNABIDIOL | 200mg CBD | 200ml"},"content":{"rendered":"<h2 class=\"p1\"><strong>Junge, strahlende Haut mit der Cannabidiol-K\u00f6rpermilch von Enecta<\/strong><\/h2>\n<p class=\"p1\">Eine feuchtigkeitsspendende Milch, die reich an CBD ist und alle Hauttypen sch\u00fctzt, selbst die empfindlichsten. Reich an nat\u00fcrlichen \u00d6len, darunter Hanfsamen\u00f6l, das besonders pflegend ist. <strong>Die antioxidative Wirkung der CBD-Kristalle h\u00e4lt die Haut des K\u00f6rpers jung und strahlend.<\/p>\n<p><\/strong><\/p>\n<p class=\"p1\"><strong>AUCH IN DER FORMULIERUNG<\/strong><\/p>\n<ul style=\"list-style-type: disc\">\n<li class=\"p2\"><strong>S\u00fc\u00dfmandel\u00f6l und Sheabutter:<\/strong> stellen die Hautbarriere wieder her, indem sie die Lipide der Hornschicht mit feuchtigkeitsspendender und elastifizierender Wirkung wiederherstellen.<\/li>\n<li class=\"p2\"><strong>Nat\u00fcrliches Vitamin E:<\/strong> Mischung aus antioxidativen Tocopherolen, die aus Sonnenblumen\u00f6l gewonnen werden und reich an nat\u00fcrlichem Squalen sind.<\/li>\n<\/ul>\n<p class=\"p1\"><span class=\"s1\"><br \/><span style=\"font-size: 8pt\"><strong>INHALTSSTOFFE: <\/strong><\/span><\/span><span style=\"font-size: 8pt\"><em>Aqua [Wasser], Prunus amygdalus dulcis (S\u00fc\u00dfmandel) \u00d6l, Ethylhexyl stearate, Propylheptyl caprylate, Butyrospermum parkii (Shea) Butter, Polyglyceryl-3 methylglucose distearate, Ricinus communis (Castor) Samen\u00f6l, Glyceryl stearate, Cetearyl alcohol, Cannabis sativa Samen\u00f6l, Cannabidiol, Copernicia cerifera (Carnauba) wax, Tocopherol<span class=\"s2\">, <\/span>1,2-Hexandiol, Caprylylglycol, hydriertes Rizinus\u00f6l, Acacia senegal gum, Helianthus annuus (Sonnenblumen) Samen\u00f6l, Xanthan gum, Tetrasodium glutamate diacetate, Parfum [Duft], Benzyl salicylate, Linalool, Hexyl cinnamal, Alpha-isomethyl ionone, Tropolone, Geraniol, Squalene*, Citronellol, Beta-sitosterol. *aus Sonnenblumen\u00f6l.<\/em><\/span><\/p>\n<p class=\"p1\"><strong> <\/strong><\/p><\/p>\n","protected":false},"excerpt":{"rendered":"<p>Junge, strahlende Haut mit der Cannabidiol-K\u00f6rpermilch von Enecta Eine feuchtigkeitsspendende Milch, die reich an CBD ist und alle Hauttypen sch\u00fctzt,<\/p>\n","protected":false},"featured_media":128353,"comment_status":"open","ping_status":"closed","template":"","meta":[],"product_brand":[],"product_cat":[7912],"product_tag":[],"class_list":{"0":"post-128364","1":"product","2":"type-product","3":"status-publish","4":"has-post-thumbnail","6":"product_cat-kosmetik","8":"first","9":"instock","10":"taxable","11":"shipping-taxable","12":"purchasable","13":"product-type-simple"},"_links":{"self":[{"href":"https:\/\/www.budream.com\/de\/wp-json\/wp\/v2\/product\/128364","targetHints":{"allow":["GET"]}}],"collection":[{"href":"https:\/\/www.budream.com\/de\/wp-json\/wp\/v2\/product"}],"about":[{"href":"https:\/\/www.budream.com\/de\/wp-json\/wp\/v2\/types\/product"}],"replies":[{"embeddable":true,"href":"https:\/\/www.budream.com\/de\/wp-json\/wp\/v2\/comments?post=128364"}],"version-history":[{"count":0,"href":"https:\/\/www.budream.com\/de\/wp-json\/wp\/v2\/product\/128364\/revisions"}],"wp:featuredmedia":[{"embeddable":true,"href":"https:\/\/www.budream.com\/de\/wp-json\/wp\/v2\/media\/128353"}],"wp:attachment":[{"href":"https:\/\/www.budream.com\/de\/wp-json\/wp\/v2\/media?parent=128364"}],"wp:term":[{"taxonomy":"product_brand","embeddable":true,"href":"https:\/\/www.budream.com\/de\/wp-json\/wp\/v2\/product_brand?post=128364"},{"taxonomy":"product_cat","embeddable":true,"href":"https:\/\/www.budream.com\/de\/wp-json\/wp\/v2\/product_cat?post=128364"},{"taxonomy":"product_tag","embeddable":true,"href":"https:\/\/www.budream.com\/de\/wp-json\/wp\/v2\/product_tag?post=128364"}],"curies":[{"name":"wp","href":"https:\/\/api.w.org\/{rel}","templated":true}]}}