{"id":128384,"date":"2025-07-30T21:29:24","date_gmt":"2025-07-30T19:29:24","guid":{"rendered":"https:\/\/www.budream.com\/shop\/enecta-antiruffelcreme-mit-cannabidiol-700mg-cbd-50ml\/"},"modified":"2026-04-16T13:38:11","modified_gmt":"2026-04-16T11:38:11","slug":"enecta-antiruffelcreme-mit-cannabidiol-700mg-cbd-50ml","status":"publish","type":"product","link":"https:\/\/www.budream.com\/de\/shop\/enecta-antiruffelcreme-mit-cannabidiol-700mg-cbd-50ml\/","title":{"rendered":"ENECTA &#8211; ANTIRUFFELCREME MIT CANNABIDIOL | 700mg CBD | 50ml"},"content":{"rendered":"<h2 class=\"p1\"><strong>T\u00e4glicher Schutz f\u00fcr eine j\u00fcnger aussehende Haut mit der Anti-Falten-Creme von Enecta mit Cannabidiol<\/strong><\/h2>\n<p class=\"p1\">Verhindert und reduziert die Zeichen der Hautalterung dank eines Komplexes von Antioxidantien, einschlie\u00dflich CBD und Vitamin C. F\u00fcr eine j\u00fcngere, strahlendere Haut.<\/p>\n<p class=\"p1\"><strong>AUSSERDEM IN DER FORMULIERUNG<br \/><\/strong><\/p>\n<ul style=\"list-style-type: disc\">\n<li class=\"p1\"><strong><span class=\"s1\">heterifiziertes Vitamin C: <\/span><\/strong>Antioxidans, stimuliert die Produktion von neuem Kollagen durch Anregung der Fibroblasten, hemmt die Bildung von braunen Flecken.<\/li>\n<li class=\"p1\"><strong>Jojoba\u00f6l:<\/strong> talg\u00e4hnlich, bewahrt die Hautfeuchtigkeit und sch\u00fctzt sie vor Umwelteinfl\u00fcssen (Bakterien, Sonne, Wind, Chemikalien in der Luft). Es ist reich an Vitamin E und Vitaminen des B-Komplexes sowie an Mineralien wie Zink, Kupfer und Jod. Es belebt und regeneriert, beruhigt gereizte Haut, st\u00e4rkt und strafft sie und beugt Falten vor.<\/li>\n<li class=\"p1\"><strong>Kokosnuss\u00f6l:<\/strong> hat n\u00e4hrende und talgregulierende Eigenschaften. Es wird in Anti-Aging-Formulierungen und bei trockener und empfindlicher Haut verwendet, da es der Epidermis ihre Geschmeidigkeit zur\u00fcckgibt.<\/li>\n<li class=\"p1\">Nat\u00fcrliches<strong>Vitamin E:<\/strong> Mischung aus antioxidativen Tocopherolen, die aus Sonnenblumen\u00f6l gewonnen werden und reich an nat\u00fcrlichem Squalen sind.<\/li>\n<\/ul>\n<p class=\"p1\"><span class=\"s1\"><br \/><span style=\"font-size: 8pt\"><strong>INHALTSSTOFFE: <\/strong><\/span><\/span><span style=\"font-size: 8pt\"><em>Aqua [Wasser], Caprylic\/capric triglyceride, Coconut alkanes, Cetearyl alcohol, Glyceryl stearate citrate, Glyceryl stearate, Cannabis sativa seed oil, Cannabidiol, Sodium hyaluronate, Fructooligosaccharides, Beta vulgaris (Beet) root extract, Tocopherol, 1,2-Hexanediol, Coco caprylate\/Caprate, Caprylyl glycol, Sodium stearoyl lactylate, Sodium lauroyl glutamate, Acacia senegal gum, Xantha n gum, Helianthus annuus (Sunflower) seed oil, Tetrasodium glutamate diacetate, Potassium lactate, Lactic acid, Parfum [Fragrance], Benzyl salicylate, Linalool, Hexyl cinnamal, Tropolone, Alpha-isomethyl ionone, Squalene*, Geraniol, Beta-sitosterol. *aus Sonnenblumen\u00f6l.<\/em><\/span><\/p>\n<p class=\"p1\"><strong> <\/strong><\/p><\/p>\n","protected":false},"excerpt":{"rendered":"<p>T\u00e4glicher Schutz f\u00fcr eine j\u00fcnger aussehende Haut mit der Anti-Falten-Creme von Enecta mit Cannabidiol Verhindert und reduziert die Zeichen der<\/p>\n","protected":false},"featured_media":128378,"comment_status":"open","ping_status":"closed","template":"","meta":[],"product_brand":[],"product_cat":[7912],"product_tag":[],"class_list":{"0":"post-128384","1":"product","2":"type-product","3":"status-publish","4":"has-post-thumbnail","6":"product_cat-kosmetik","8":"first","9":"outofstock","10":"taxable","11":"shipping-taxable","12":"purchasable","13":"product-type-simple"},"_links":{"self":[{"href":"https:\/\/www.budream.com\/de\/wp-json\/wp\/v2\/product\/128384","targetHints":{"allow":["GET"]}}],"collection":[{"href":"https:\/\/www.budream.com\/de\/wp-json\/wp\/v2\/product"}],"about":[{"href":"https:\/\/www.budream.com\/de\/wp-json\/wp\/v2\/types\/product"}],"replies":[{"embeddable":true,"href":"https:\/\/www.budream.com\/de\/wp-json\/wp\/v2\/comments?post=128384"}],"version-history":[{"count":1,"href":"https:\/\/www.budream.com\/de\/wp-json\/wp\/v2\/product\/128384\/revisions"}],"predecessor-version":[{"id":263155,"href":"https:\/\/www.budream.com\/de\/wp-json\/wp\/v2\/product\/128384\/revisions\/263155"}],"wp:featuredmedia":[{"embeddable":true,"href":"https:\/\/www.budream.com\/de\/wp-json\/wp\/v2\/media\/128378"}],"wp:attachment":[{"href":"https:\/\/www.budream.com\/de\/wp-json\/wp\/v2\/media?parent=128384"}],"wp:term":[{"taxonomy":"product_brand","embeddable":true,"href":"https:\/\/www.budream.com\/de\/wp-json\/wp\/v2\/product_brand?post=128384"},{"taxonomy":"product_cat","embeddable":true,"href":"https:\/\/www.budream.com\/de\/wp-json\/wp\/v2\/product_cat?post=128384"},{"taxonomy":"product_tag","embeddable":true,"href":"https:\/\/www.budream.com\/de\/wp-json\/wp\/v2\/product_tag?post=128384"}],"curies":[{"name":"wp","href":"https:\/\/api.w.org\/{rel}","templated":true}]}}