{"id":128394,"date":"2025-07-30T21:29:53","date_gmt":"2025-07-30T19:29:53","guid":{"rendered":"https:\/\/www.budream.com\/shop\/enecta-gesichts-hals-reinigung-mit-cannabidiol-200mg-cbd-200ml\/"},"modified":"2026-01-20T14:26:55","modified_gmt":"2026-01-20T12:26:55","slug":"enecta-gesichts-hals-reinigung-mit-cannabidiol-200mg-cbd-200ml","status":"publish","type":"product","link":"https:\/\/www.budream.com\/de\/shop\/enecta-gesichts-hals-reinigung-mit-cannabidiol-200mg-cbd-200ml\/","title":{"rendered":"ENECTA &#8211; GESICHTS-HALS-REINIGUNG MIT CANNABIDIOL | 200mg CBD | 200ml"},"content":{"rendered":"<h2 class=\"p1\">Beseitigen Sie Verunreinigungen, die Achtung der PH <strong>mit dem Gesicht, Hals Reiniger mit Cannabidiol von Enecta<\/strong><\/h2>\n<p class=\"p1\">Eine Formulierung, die f\u00fcr alle Hauttypen geeignet ist, auch f\u00fcr die empfindlichsten oder zu Akne neigenden, mit antioxidativer und entz\u00fcndungshemmender Wirkung, dank der Anwesenheit von 200 mg CBD und Hanfsamen\u00f6l, deren Zusammensetzungen, \u00e4hnlich denen, die nat\u00fcrlich in der Haut vorhanden sind, in der Lage sind, den Zellumsatz zu stimulieren und die Haut auszugleichen.<\/p>\n<p><strong>EBENFALLS IN DER FORMULIERUNG:<br \/><\/strong><\/p>\n<ul style=\"list-style-type: disc\">\n<li><strong>Aloe:<\/strong> beruhigend, mineralisierend, feuchtigkeitsspendend<\/li>\n<li><strong><span class=\"s1\">Hamamelis: <\/span><\/strong>adstringierend, vasoprotektiv, reinigend<\/li>\n<li><strong>Salbei:<\/strong> bakteriostatisch, sebumregulierend, ausgleichend auf die Epidermis<\/li>\n<li><strong>nat\u00fcrliches Vitamin E:<\/strong> Mischung aus antioxidativen Tocopherolen aus Sonnenblumen\u00f6l, reich an nat\u00fcrlichem Squalen<\/li>\n<li><strong>Milde Reinigungsmittel nat\u00fcrlichen Ursprungs:<\/strong> schonen die Haut, ohne ihren physiologischen pH-Wert zu ver\u00e4ndern<\/li>\n<\/ul>\n<p class=\"p1\"><span class=\"s1\"><br \/><span style=\"font-size: 8pt\"><strong>INHALTSSTOFFE: <\/strong><\/span><\/span><span style=\"font-size: 8pt\"><em>Aqua [Wasser], Acrylates copolymer, Sorbitol, Betaine, Glycerin, Sodium cocoyl glycinate, Triethanolamine, Prunus amygdalus dulcis (Sweet almond) oil, Sodium PCA, Cannabis sativa seed oil, Aloe barbadensis leaf juice, Salvia officinalis (Sage) leaf extract, Hamamelis virginia na (Witch hazel) leaf extract, Cannabidiol, Coco-betaine, 1,2-Hexandiol, Caprylyl glycol, Tocopherol, Parfum [Fragrance], Tetrasodium glutamate diacetate, Citric acid, Benzyl salicylate, Linalool, Helianthus annuus (Sunflower) seed oil, He xyl cinnamal, Tropolone, Sodium benzoate, Alpha-isome <span class=\"s1\">-thyl<\/span>ionone, Potassium sorbate, Squalene*, Beta-sitosterol. *aus Sonnenblumenkern\u00f6l.<\/em><\/span><\/p>\n<p class=\"p1\"><strong> <\/strong><\/p><\/p>\n","protected":false},"excerpt":{"rendered":"<p>Beseitigen Sie Verunreinigungen, die Achtung der PH mit dem Gesicht, Hals Reiniger mit Cannabidiol von Enecta Eine Formulierung, die f\u00fcr<\/p>\n","protected":false},"featured_media":128388,"comment_status":"open","ping_status":"closed","template":"","meta":[],"product_brand":[],"product_cat":[7912],"product_tag":[],"class_list":{"0":"post-128394","1":"product","2":"type-product","3":"status-publish","4":"has-post-thumbnail","6":"product_cat-kosmetik","8":"first","9":"instock","10":"taxable","11":"shipping-taxable","12":"purchasable","13":"product-type-simple"},"_links":{"self":[{"href":"https:\/\/www.budream.com\/de\/wp-json\/wp\/v2\/product\/128394","targetHints":{"allow":["GET"]}}],"collection":[{"href":"https:\/\/www.budream.com\/de\/wp-json\/wp\/v2\/product"}],"about":[{"href":"https:\/\/www.budream.com\/de\/wp-json\/wp\/v2\/types\/product"}],"replies":[{"embeddable":true,"href":"https:\/\/www.budream.com\/de\/wp-json\/wp\/v2\/comments?post=128394"}],"version-history":[{"count":0,"href":"https:\/\/www.budream.com\/de\/wp-json\/wp\/v2\/product\/128394\/revisions"}],"wp:featuredmedia":[{"embeddable":true,"href":"https:\/\/www.budream.com\/de\/wp-json\/wp\/v2\/media\/128388"}],"wp:attachment":[{"href":"https:\/\/www.budream.com\/de\/wp-json\/wp\/v2\/media?parent=128394"}],"wp:term":[{"taxonomy":"product_brand","embeddable":true,"href":"https:\/\/www.budream.com\/de\/wp-json\/wp\/v2\/product_brand?post=128394"},{"taxonomy":"product_cat","embeddable":true,"href":"https:\/\/www.budream.com\/de\/wp-json\/wp\/v2\/product_cat?post=128394"},{"taxonomy":"product_tag","embeddable":true,"href":"https:\/\/www.budream.com\/de\/wp-json\/wp\/v2\/product_tag?post=128394"}],"curies":[{"name":"wp","href":"https:\/\/api.w.org\/{rel}","templated":true}]}}