{"id":128444,"date":"2025-07-30T21:33:00","date_gmt":"2025-07-30T19:33:00","guid":{"rendered":"https:\/\/www.budream.com\/shop\/uvonair-5000-zimmer-ozoniser-bis-150m%c2%b3\/"},"modified":"2026-02-03T13:51:39","modified_gmt":"2026-02-03T11:51:39","slug":"uvonair-5000-zimmer-ozoniser-bis-150m%c2%b3","status":"publish","type":"product","link":"https:\/\/www.budream.com\/de\/shop\/uvonair-5000-zimmer-ozoniser-bis-150m%c2%b3\/","title":{"rendered":"UVONAIR &#8211; 5000 ZIMMER OZONISER | BIS 150m\u00b3"},"content":{"rendered":"<p><span style=\"color: #ff0000\"><strong>WICHTIGE INFORMATIONEN \u00dcBER OZON UND COVID-19 CORONAVIRUS!<\/strong><\/span><br \/>Bei verantwortungsbewusster Anwendung t\u00f6tet Ozon nachweislich 99,99 % der sch\u00e4dlichen Viren und Bakterien (wie z. B. SARS) und kann bei der Bek\u00e4mpfung des Coronavirus COVID-19 n\u00fctzlich sein.<\/p>\n<p>Der professionelle, kanalisierte Ozongenerator UVONAIR eignet sich f\u00fcr die Beseitigung aller unangenehmen organischen Ger\u00fcche im Luftstrom. Die durch das UVONAIR-System geleitete Luft wird gereinigt und anschlie\u00dfend ausgesto\u00dfen.<\/p>\n<p>UVONAIR&reg; 1000, 3000, 5000 sind NUR F\u00dcR DEN INDUSTRIELLEN GEBRAUCH * und d\u00fcrfen nur von Fachleuten in kontrollierten Bereichen verwendet werden, in denen sich keine Personen \u00fcber <u>l\u00e4ngere<\/u> Zeit aufhalten.<\/p>\n<p><strong><u>Der vorgesehene Einsatz dieses Produkts ist f\u00fcr<\/u>:<\/strong><br \/>&#8211; Geruchs- und Rauchbek\u00e4mpfung im Gastst\u00e4ttengewerbe.<br \/>&#8211; Geruchs- und Rauchbek\u00e4mpfung in der Fahrzeugaufbereitungsindustrie.<br \/>&#8211; Und andere industrielle Anwendungen, bei denen sich im Allgemeinen keine Menschen im Raum aufhalten.<\/p>\n<p>Ozon in Konzentrationen \u00fcber 0,05 ppm kann f\u00fcr die menschliche Gesundheit sch\u00e4dlich sein.<\/p>\n<p><strong>UVONAIR&reg; UV &amp; CORONA<\/strong><\/p>\n<p>Uvonair&reg; In-Duct-Systeme &#8211; UV80H, CD800, CD1000-1, CD1000-2 und CD1200 &#8211; sind ausschlie\u00dflich f\u00fcr den Einsatz in der Industrie* als integrierter Bestandteil einer Zentralheizungs-\/Klimaanlage oder eines L\u00fcftungssystems konzipiert. Nach der Installation in Verbindung mit dem bestehenden HVAC-System werden alle Ozonkonzentrationen sicher abgebaut, ohne dass sch\u00e4dliche Restozonkonzentrationen im Raum zur\u00fcckbleiben.<\/p>\n<p>* NICHT F\u00dcR DEN HAUSGEBRAUCH, NUR F\u00dcR DEN GEWERBLICHEN GEBRAUCH<\/p>\n<p>Uvonair&reg;-Ozongeneratoren haben<strong>sich seit \u00fcber 20 Jahren bew\u00e4hrt<\/strong><br \/>Uvonair&reg;-Ozongeneratoren haben: <strong>Garantieleistungen<\/strong><br \/>Uvonair&reg;-Ozongeneratoren sind: <strong>UL-Sicherheitsstandard zugelassen<\/strong><br \/><strong><\/p>\n<p>TECHNISCHE DATEN<\/strong><\/p>\n<ul style=\"list-style-type: disc\">\n<li><strong>Beschreibung:<\/strong> UVONAIR 5000 ft&sup3; Kamera-Ozonator mit 11&#8243; UV-Birne<\/li>\n<li><strong>Ozonproduktion (mg\/Stunde):<\/strong> 47<\/li>\n<li><strong>Luftdurchsatz (CFM):<\/strong> 1,1<\/li>\n<li><strong>Spannung \/ Ampere \/ Watt: 220<\/strong> V<\/li>\n<li><strong>Sicherungen:<\/strong> n\/a<\/li>\n<li><strong>Uvonair 5000-Lampe:<\/strong> 17 Watt<\/li>\n<li><strong>Lebensdauer der UV-Lampe:<\/strong> f\u00fcr 9.000 Betriebsstunden unter optimalen Bedingungen ausgelegt<\/li>\n<\/ul>\n<p><strong><br \/>MERKMALE<\/strong><\/p>\n<ul style=\"list-style-type: disc\">\n<li><strong>UV-gesch\u00fctztes Polycarbonat-Geh\u00e4use f\u00fcr maximale Haltbarkeit<\/strong><\/li>\n<li>Ideal f\u00fcr <strong>150m&sup3;<\/strong> R\u00e4ume<\/li>\n<li>Arbeitet mit weniger als einer 100-Watt-Lampe!<\/li>\n<li>Funktioniert in Bereichen mit hoher <strong>FEUCHTIGKEIT<\/strong><\/li>\n<li>Funktioniert in einem breiten <strong>Temperaturbereich<\/strong><\/li>\n<li>Leicht <strong>TRANSPORTIERBAR<\/strong><\/li>\n<li><strong>\u00d6KOLOGISCH erzeugt keinen<\/strong> Sonderm\u00fcll!<\/li>\n<li>Volle einj\u00e4hrige Garantie<\/li>\n<li>Keine Wartung erforderlich<\/li>\n<\/ul>\n<p><strong>INSTALLATION<\/strong><\/p>\n<ul style=\"list-style-type: disc\">\n<li>Stellen Sie den Uvonair&reg; Odor Eliminator auf ein hohes Regal im Raum. Ozon ist schwerer als Luft.<\/li>\n<li>Halten Sie beide Enden frei von Hindernissen.<\/li>\n<li>Befolgen Sie die Anweisungen des Herstellers bez\u00fcglich der Verwendung von Verl\u00e4ngerungskabeln und Zeitschaltuhren.<\/li>\n<li>Achten Sie darauf, dass alle elektrischen Anschl\u00fcsse trocken sind.<\/li>\n<\/ul>\n<p><strong>BETRIEBSANLEITUNG<\/strong><\/p>\n<ul style=\"list-style-type: disc\">\n<li>Das Uvonair&reg;-Modell muss entsprechend der Gr\u00f6\u00dfe des Raumes ausgew\u00e4hlt werden.<\/li>\n<li>Wenn Sie ein gr\u00f6\u00dferes Ger\u00e4t als empfohlen verwenden, stellen Sie die Betriebszeit mit einer Zeitschaltuhr entsprechend ein.<\/li>\n<li>Ziehen Sie vor der Wartung des Ger\u00e4ts den Netzstecker.<\/li>\n<\/ul>\n<p><strong>HINWEIS:<\/strong>Die meisten Ozonger\u00e4te auf dem Markt <u>sind<\/u> <u>nicht<\/u> nach UL-Standards getestet! Sind Sie sicher, dass Ihre Ger\u00fcche beseitigt werden? Gehen Sie sicher mit UVONAIR&reg;! Die einzige Wahl f\u00fcr hochwertige INDUSTRIELLE GERUCHSBEK\u00c4MPFER! Es maskiert nicht nur Ger\u00fcche, es <strong>ZERST\u00d6RT SIE <\/strong>!Uvonair&reg;-Geruchsbeseitigungsger\u00e4te erzeugen Ozon, eines der wirksamsten Oxidationsmittel der Natur! Ozon ver\u00e4ndert auf sichere Weise die Molekularstruktur sch\u00e4dlicher Mikroorganismen, um Ger\u00fcche zu beseitigen. Das <strong>Uvonair&reg;-UV-Raummodell<\/strong> ist ein wirtschaftliches System, das Ozon mit Hilfe spezieller Ultraviolettlampen erzeugt.<\/p>\n","protected":false},"excerpt":{"rendered":"<p>WICHTIGE INFORMATIONEN \u00dcBER OZON UND COVID-19 CORONAVIRUS!Bei verantwortungsbewusster Anwendung t\u00f6tet Ozon nachweislich 99,99 % der sch\u00e4dlichen Viren und Bakterien (wie<\/p>\n","protected":false},"featured_media":128438,"comment_status":"open","ping_status":"closed","template":"","meta":[],"product_brand":[],"product_cat":[7929],"product_tag":[],"class_list":{"0":"post-128444","1":"product","2":"type-product","3":"status-publish","4":"has-post-thumbnail","6":"product_cat-pflanzenschutz-und-abwehr","8":"first","9":"instock","10":"taxable","11":"shipping-taxable","12":"purchasable","13":"product-type-simple"},"aioseo_notices":[],"_links":{"self":[{"href":"https:\/\/www.budream.com\/de\/wp-json\/wp\/v2\/product\/128444","targetHints":{"allow":["GET"]}}],"collection":[{"href":"https:\/\/www.budream.com\/de\/wp-json\/wp\/v2\/product"}],"about":[{"href":"https:\/\/www.budream.com\/de\/wp-json\/wp\/v2\/types\/product"}],"replies":[{"embeddable":true,"href":"https:\/\/www.budream.com\/de\/wp-json\/wp\/v2\/comments?post=128444"}],"version-history":[{"count":0,"href":"https:\/\/www.budream.com\/de\/wp-json\/wp\/v2\/product\/128444\/revisions"}],"wp:featuredmedia":[{"embeddable":true,"href":"https:\/\/www.budream.com\/de\/wp-json\/wp\/v2\/media\/128438"}],"wp:attachment":[{"href":"https:\/\/www.budream.com\/de\/wp-json\/wp\/v2\/media?parent=128444"}],"wp:term":[{"taxonomy":"product_brand","embeddable":true,"href":"https:\/\/www.budream.com\/de\/wp-json\/wp\/v2\/product_brand?post=128444"},{"taxonomy":"product_cat","embeddable":true,"href":"https:\/\/www.budream.com\/de\/wp-json\/wp\/v2\/product_cat?post=128444"},{"taxonomy":"product_tag","embeddable":true,"href":"https:\/\/www.budream.com\/de\/wp-json\/wp\/v2\/product_tag?post=128444"}],"curies":[{"name":"wp","href":"https:\/\/api.w.org\/{rel}","templated":true}]}}