{"id":128554,"date":"2025-07-30T21:38:46","date_gmt":"2025-07-30T19:38:46","guid":{"rendered":"https:\/\/www.budream.com\/shop\/bioki-potassium-b-soap-bicarbonat-350gr\/"},"modified":"2026-03-09T12:57:21","modified_gmt":"2026-03-09T10:57:21","slug":"bioki-potassium-b-soap-bicarbonat-350gr","status":"publish","type":"product","link":"https:\/\/www.budream.com\/de\/shop\/bioki-potassium-b-soap-bicarbonat-350gr\/","title":{"rendered":"BIOKI &#8211; POTASSIUM B SOAP (BICARBONAT) | 350gr"},"content":{"rendered":"<p>l Soft Soap B wird durch ein kaltes Verseifungsverfahren hergestellt, das mit <strong>Bikarbonat<\/strong> aktiviert wird. Es ist f\u00fcr seine entscheidende Wasch-\/Hygienisierungswirkung zur Vorbeugung und Beseitigung von Faulbrut und F\u00e4ulnis, zur Verbesserung der Chlorophyllaktivit\u00e4t, zur Schaffung eines f\u00fcr die Entwicklung von Pilzkrankheiten ungeeigneten Umfelds, zur St\u00e4rkung der Zellw\u00e4nde und des Pflanzengewebes, zur Beseitigung von organischen R\u00fcckst\u00e4nden, die von Insekten hinterlassen werden, und zur St\u00e4rkung der endogenen nat\u00fcrlichen Abwehrkr\u00e4fte angezeigt.<\/p>\n<p>Es kann im Obstbau (Pfirsich, Aprikose, Pflaume, Kirsche, Wein, Zitronen und Zitrusfr\u00fcchte im Allgemeinen), im Gartenbau (Salat, Spinat, Sellerie, Fenchel, Basilikum, Tomaten, Paprika, Auberginen, Erdbeeren usw.) und im Gartenbau (Hecken, Blumen und Zierpflanzen) verwendet werden.<br \/>und Zierpflanzen).<\/p>\n<p><strong>ANWENDUNGSDOSEN<\/strong> (Menge pro 10 Liter Wasser):<br \/>Winterbehandlungen: 120-150 g;<br \/>Behandlungen im Fr\u00fchjahr und Sommer: 80-120 g;<br \/>Vorbeugende Phase: 1 Behandlung alle 15 Tage.<br \/>Kurative Phase: 1 Behandlung alle 3-4 Tage bis zum Verschwinden der Symptome.<\/p>\n<p>VERPACKUNG 350 g Dose.<\/p>\n","protected":false},"excerpt":{"rendered":"<p>l Soft Soap B wird durch ein kaltes Verseifungsverfahren hergestellt, das mit Bikarbonat aktiviert wird. Es ist f\u00fcr seine entscheidende<\/p>\n","protected":false},"featured_media":128548,"comment_status":"open","ping_status":"closed","template":"","meta":[],"product_brand":[],"product_cat":[3095],"product_tag":[],"class_list":{"0":"post-128554","1":"product","2":"type-product","3":"status-publish","4":"has-post-thumbnail","6":"product_cat-antiparassitari-e-difesa","8":"first","9":"instock","10":"taxable","11":"shipping-taxable","12":"purchasable","13":"product-type-simple"},"_links":{"self":[{"href":"https:\/\/www.budream.com\/de\/wp-json\/wp\/v2\/product\/128554","targetHints":{"allow":["GET"]}}],"collection":[{"href":"https:\/\/www.budream.com\/de\/wp-json\/wp\/v2\/product"}],"about":[{"href":"https:\/\/www.budream.com\/de\/wp-json\/wp\/v2\/types\/product"}],"replies":[{"embeddable":true,"href":"https:\/\/www.budream.com\/de\/wp-json\/wp\/v2\/comments?post=128554"}],"version-history":[{"count":0,"href":"https:\/\/www.budream.com\/de\/wp-json\/wp\/v2\/product\/128554\/revisions"}],"wp:featuredmedia":[{"embeddable":true,"href":"https:\/\/www.budream.com\/de\/wp-json\/wp\/v2\/media\/128548"}],"wp:attachment":[{"href":"https:\/\/www.budream.com\/de\/wp-json\/wp\/v2\/media?parent=128554"}],"wp:term":[{"taxonomy":"product_brand","embeddable":true,"href":"https:\/\/www.budream.com\/de\/wp-json\/wp\/v2\/product_brand?post=128554"},{"taxonomy":"product_cat","embeddable":true,"href":"https:\/\/www.budream.com\/de\/wp-json\/wp\/v2\/product_cat?post=128554"},{"taxonomy":"product_tag","embeddable":true,"href":"https:\/\/www.budream.com\/de\/wp-json\/wp\/v2\/product_tag?post=128554"}],"curies":[{"name":"wp","href":"https:\/\/api.w.org\/{rel}","templated":true}]}}