{"id":128559,"date":"2025-07-30T21:39:12","date_gmt":"2025-07-30T19:39:12","guid":{"rendered":"https:\/\/www.budream.com\/shop\/hanf-nanotech-biobong-natuerlicher-bongreiniger-250ml\/"},"modified":"2026-03-04T16:33:01","modified_gmt":"2026-03-04T14:33:01","slug":"hanf-nanotech-biobong-natuerlicher-bongreiniger-250ml","status":"publish","type":"product","link":"https:\/\/www.budream.com\/de\/shop\/hanf-nanotech-biobong-natuerlicher-bongreiniger-250ml\/","title":{"rendered":"HANF NANOTECH &#8211; BIOBONG NAT\u00dcRLICHER BONGREINIGER | 250ML"},"content":{"rendered":"<p>Innovative Fluidtechnologie auf der Basis eines Konzentrats von Pflanzenextrakten in einer w\u00e4ssrigen Basis mit neutralem pH-Wert, geeignet zum Ent\u00f6len, Entfetten und Reinigen von Verunreinigungen durch Rauch, Fett, \u00d6le usw. Ein organisches Produkt mit bemerkenswerter Reinigungswirkung, das Ger\u00fcche und Verschmutzungen stark reduziert, eine REDOX-Kapazit\u00e4t f\u00fcr viele organische Substanzen besitzt und die bakterielle Belastung stark reduziert.<\/p>\n<p>Es ist einfach zu verwenden und kann viele Male wiederverwendet werden, ohne seine Reinigungskapazit\u00e4t zu verlieren; es &#8222;frisst&#8220; auch Ger\u00fcche und ist leicht mit kaltem Wasser abzusp\u00fclen.<\/p>\n<h2><span style=\"text-decoration: underline\">Bio bong natural Gebrauchsanweisung:<\/span><\/h2>\n<ul style=\"list-style-type: disc\">\n<li>1. Gie\u00dfen Sie BioBong Natural in einen Beh\u00e4lter mit 1\/3 Wasser;<\/li>\n<li>2. Tauchen Sie die verschmutzten Teile der Bong bei jedem Rauchvorgang in die L\u00f6sung aus Wasser und BioBong Natural;<\/li>\n<li>3. 3. bei der n\u00e4chsten Rauchsession die Bongteile absp\u00fclen und dabei darauf achten, dass BioBong Natural f\u00fcr die n\u00e4chste Waschung zur\u00fcckgewonnen wird.<\/li>\n<li>4. Die Fl\u00fcssigkeit verdunstet garantiert und ist immer geruchsneutral.<\/li>\n<\/ul>\n","protected":false},"excerpt":{"rendered":"<p>Innovative Fluidtechnologie auf der Basis eines Konzentrats von Pflanzenextrakten in einer w\u00e4ssrigen Basis mit neutralem pH-Wert, geeignet zum Ent\u00f6len, Entfetten<\/p>\n","protected":false},"featured_media":128243,"comment_status":"open","ping_status":"closed","template":"","meta":[],"product_brand":[],"product_cat":[7947],"product_tag":[],"class_list":{"0":"post-128559","1":"product","2":"type-product","3":"status-publish","4":"has-post-thumbnail","6":"product_cat-headshop-de","8":"first","9":"instock","10":"taxable","11":"shipping-taxable","12":"purchasable","13":"product-type-simple"},"aioseo_notices":[],"_links":{"self":[{"href":"https:\/\/www.budream.com\/de\/wp-json\/wp\/v2\/product\/128559","targetHints":{"allow":["GET"]}}],"collection":[{"href":"https:\/\/www.budream.com\/de\/wp-json\/wp\/v2\/product"}],"about":[{"href":"https:\/\/www.budream.com\/de\/wp-json\/wp\/v2\/types\/product"}],"replies":[{"embeddable":true,"href":"https:\/\/www.budream.com\/de\/wp-json\/wp\/v2\/comments?post=128559"}],"version-history":[{"count":0,"href":"https:\/\/www.budream.com\/de\/wp-json\/wp\/v2\/product\/128559\/revisions"}],"wp:featuredmedia":[{"embeddable":true,"href":"https:\/\/www.budream.com\/de\/wp-json\/wp\/v2\/media\/128243"}],"wp:attachment":[{"href":"https:\/\/www.budream.com\/de\/wp-json\/wp\/v2\/media?parent=128559"}],"wp:term":[{"taxonomy":"product_brand","embeddable":true,"href":"https:\/\/www.budream.com\/de\/wp-json\/wp\/v2\/product_brand?post=128559"},{"taxonomy":"product_cat","embeddable":true,"href":"https:\/\/www.budream.com\/de\/wp-json\/wp\/v2\/product_cat?post=128559"},{"taxonomy":"product_tag","embeddable":true,"href":"https:\/\/www.budream.com\/de\/wp-json\/wp\/v2\/product_tag?post=128559"}],"curies":[{"name":"wp","href":"https:\/\/api.w.org\/{rel}","templated":true}]}}