{"id":128574,"date":"2025-07-30T21:39:52","date_gmt":"2025-07-30T19:39:52","guid":{"rendered":"https:\/\/www.budream.com\/shop\/super-sativa-seed-club-auto-creeper-fem-8-seeds-verfuegbar-solange-der-vorrat-reicht\/"},"modified":"2026-03-21T12:25:55","modified_gmt":"2026-03-21T10:25:55","slug":"super-sativa-seed-club-auto-creeper-fem-8-seeds-verfuegbar-solange-der-vorrat-reicht","status":"publish","type":"product","link":"https:\/\/www.budream.com\/de\/shop\/super-sativa-seed-club-auto-creeper-fem-8-seeds-verfuegbar-solange-der-vorrat-reicht\/","title":{"rendered":"SUPER SATIVA SEED CLUB &#8211; AUTO CREEPER FEM | 8 SEEDS Verf\u00fcgbar solange der Vorrat reicht"},"content":{"rendered":"<p><strong>AUTO CREEPER FEM | 8 SEEDS<\/strong> ist ein ausgewogener Hybrid zwischen Indica und Sativa, vielseitig und f\u00fcr jede Gelegenheit geeignet von SUPER SATIVA SEED CLUB. Verf\u00fcgbar in Packungen mit 8 Samen feminisiert. Mit sehr hohem THC-Gehalt (Sehr hoch (20\u202f%+)), diese Pflanze richtet sich an erfahrene Z\u00fcchter. Im Anbau, erfordert eine l\u00e4ngere Bl\u00fctezeit (13+ Wochen), belohnt mit au\u00dfergew\u00f6hnlicher Qualit\u00e4t und produziert gro\u00dfz\u00fcgige Ertr\u00e4ge. In der Nase und am Gaumen zeichnet sich sein \ud83c\udf4b Zitrusartig-Aroma aus.<\/p>\n","protected":false},"excerpt":{"rendered":"<p>\ud83c\udf3f AUTO CREEPER FEM | 8 SEEDS von SUPER SATIVA SEED CLUB \u00b7 \ud83e\uddec Indica \/ Sativa \u00b7 \ud83d\udd25 THC sehr hoch (Sehr hoch (20\u202f%+)).<\/p>\n","protected":false},"featured_media":128563,"comment_status":"open","ping_status":"closed","template":"","meta":[],"product_brand":[],"product_cat":[7952],"product_tag":[10126,10128,10149,10150,8510,8511,8545,9931,10124],"class_list":{"0":"post-128574","1":"product","2":"type-product","3":"status-publish","4":"has-post-thumbnail","6":"product_cat-seedshop-de","7":"product_tag-cannabis-samen","8":"product_tag-feminisierte-samen","9":"product_tag-auto-creeper-fem-8-seeds-verfuegbar-solange-der-vorrat-reicht","10":"product_tag-zitrusartig","11":"product_tag-indica","12":"product_tag-sativa","13":"product_tag-super-sativa-seed-club","14":"product_tag-hybrid","15":"product_tag-thc-sehr-hoch","17":"first","18":"instock","19":"sale","20":"taxable","21":"shipping-taxable","22":"purchasable","23":"product-type-simple"},"_links":{"self":[{"href":"https:\/\/www.budream.com\/de\/wp-json\/wp\/v2\/product\/128574","targetHints":{"allow":["GET"]}}],"collection":[{"href":"https:\/\/www.budream.com\/de\/wp-json\/wp\/v2\/product"}],"about":[{"href":"https:\/\/www.budream.com\/de\/wp-json\/wp\/v2\/types\/product"}],"replies":[{"embeddable":true,"href":"https:\/\/www.budream.com\/de\/wp-json\/wp\/v2\/comments?post=128574"}],"version-history":[{"count":1,"href":"https:\/\/www.budream.com\/de\/wp-json\/wp\/v2\/product\/128574\/revisions"}],"predecessor-version":[{"id":258684,"href":"https:\/\/www.budream.com\/de\/wp-json\/wp\/v2\/product\/128574\/revisions\/258684"}],"wp:featuredmedia":[{"embeddable":true,"href":"https:\/\/www.budream.com\/de\/wp-json\/wp\/v2\/media\/128563"}],"wp:attachment":[{"href":"https:\/\/www.budream.com\/de\/wp-json\/wp\/v2\/media?parent=128574"}],"wp:term":[{"taxonomy":"product_brand","embeddable":true,"href":"https:\/\/www.budream.com\/de\/wp-json\/wp\/v2\/product_brand?post=128574"},{"taxonomy":"product_cat","embeddable":true,"href":"https:\/\/www.budream.com\/de\/wp-json\/wp\/v2\/product_cat?post=128574"},{"taxonomy":"product_tag","embeddable":true,"href":"https:\/\/www.budream.com\/de\/wp-json\/wp\/v2\/product_tag?post=128574"}],"curies":[{"name":"wp","href":"https:\/\/api.w.org\/{rel}","templated":true}]}}