{"id":128594,"date":"2025-07-30T21:40:59","date_gmt":"2025-07-30T19:40:59","guid":{"rendered":"https:\/\/www.budream.com\/shop\/flortis-neem-oel-spray-500ml\/"},"modified":"2026-03-24T13:38:43","modified_gmt":"2026-03-24T11:38:43","slug":"flortis-neem-oel-spray-500ml","status":"publish","type":"product","link":"https:\/\/www.budream.com\/de\/shop\/flortis-neem-oel-spray-500ml\/","title":{"rendered":"FLORTIS &#8211; NEEM-\u00d6l-SPRAY | 500ml"},"content":{"rendered":"<h2><strong>Neem\u00f6l f\u00fcr ges\u00fcndere, bl\u00fchende Pflanzen<\/strong><\/h2>\n<p>Flortis Neem\u00f6l f\u00fcr Pflanzen, 100% nat\u00fcrlich und biologisch abbaubar, kaltgepresst, wasserl\u00f6slich.<\/p>\n<p>Neem-\u00d6l wirkt eher mechanisch als chemisch und macht das Pflanzengewebe schwerer angreifbar f\u00fcr Sch\u00e4dlinge; au\u00dferdem blockiert es deren Ern\u00e4hrung und Vermehrung. Wenn es auf Pflanzen aufgetragen wird, verbessert es deren allgemeine Gesundheit und erh\u00f6ht ihre nat\u00fcrliche Widerstandskraft gegen Sch\u00e4dlinge und Krankheiten.<\/p>\n<p>Es ist \u00f6kologisch und sicher f\u00fcr die Umwelt. Es ist ungiftig f\u00fcr S\u00e4ugetiere, V\u00f6gel und Wassertiere.<\/p>\n<p><strong>ZUSAMMENSETZUNG<\/strong> 1,5% 90% reines Neem\u00f6l.<br \/><strong>FORMULATION<\/strong> Gebrauchsfertige Fl\u00fcssigkeit.<br \/><strong>VERPACKUNG<\/strong> 500 ml Flasche mit Ausl\u00f6ser.<\/p>\n<p><strong>ANWENDUNG:<\/strong> Die gesamte Pflanze bespr\u00fchen. Kann in jedem Stadium der Pflanzenentwicklung angewendet werden. Es wird empfohlen, nach der Behandlung mindestens 48 Stunden verstreichen zu lassen, bevor die behandelten Pflanzen verzehrt werden.<\/p>\n","protected":false},"excerpt":{"rendered":"<p>Neem\u00f6l f\u00fcr ges\u00fcndere, bl\u00fchende Pflanzen Flortis Neem\u00f6l f\u00fcr Pflanzen, 100% nat\u00fcrlich und biologisch abbaubar, kaltgepresst, wasserl\u00f6slich. Neem-\u00d6l wirkt eher mechanisch<\/p>\n","protected":false},"featured_media":128588,"comment_status":"open","ping_status":"closed","template":"","meta":[],"product_brand":[],"product_cat":[7929],"product_tag":[],"class_list":{"0":"post-128594","1":"product","2":"type-product","3":"status-publish","4":"has-post-thumbnail","6":"product_cat-pflanzenschutz-und-abwehr","8":"first","9":"instock","10":"taxable","11":"shipping-taxable","12":"purchasable","13":"product-type-simple"},"_links":{"self":[{"href":"https:\/\/www.budream.com\/de\/wp-json\/wp\/v2\/product\/128594","targetHints":{"allow":["GET"]}}],"collection":[{"href":"https:\/\/www.budream.com\/de\/wp-json\/wp\/v2\/product"}],"about":[{"href":"https:\/\/www.budream.com\/de\/wp-json\/wp\/v2\/types\/product"}],"replies":[{"embeddable":true,"href":"https:\/\/www.budream.com\/de\/wp-json\/wp\/v2\/comments?post=128594"}],"version-history":[{"count":0,"href":"https:\/\/www.budream.com\/de\/wp-json\/wp\/v2\/product\/128594\/revisions"}],"wp:featuredmedia":[{"embeddable":true,"href":"https:\/\/www.budream.com\/de\/wp-json\/wp\/v2\/media\/128588"}],"wp:attachment":[{"href":"https:\/\/www.budream.com\/de\/wp-json\/wp\/v2\/media?parent=128594"}],"wp:term":[{"taxonomy":"product_brand","embeddable":true,"href":"https:\/\/www.budream.com\/de\/wp-json\/wp\/v2\/product_brand?post=128594"},{"taxonomy":"product_cat","embeddable":true,"href":"https:\/\/www.budream.com\/de\/wp-json\/wp\/v2\/product_cat?post=128594"},{"taxonomy":"product_tag","embeddable":true,"href":"https:\/\/www.budream.com\/de\/wp-json\/wp\/v2\/product_tag?post=128594"}],"curies":[{"name":"wp","href":"https:\/\/api.w.org\/{rel}","templated":true}]}}