{"id":128614,"date":"2025-07-30T21:42:06","date_gmt":"2025-07-30T19:42:06","guid":{"rendered":"https:\/\/www.budream.com\/shop\/ueber-hemp-barrier-spray-bio-750ml\/"},"modified":"2025-10-14T18:14:03","modified_gmt":"2025-10-14T16:14:03","slug":"ueber-hemp-barrier-spray-bio-750ml","status":"publish","type":"product","link":"https:\/\/www.budream.com\/de\/shop\/ueber-hemp-barrier-spray-bio-750ml\/","title":{"rendered":"UEBER &#8211; HEMP BARRIER SPRAY BIO | 750ml"},"content":{"rendered":"<h2><strong>Nat\u00fcrliche Barriere gegen alle Arten von Ungeziefer f\u00fcr Behandlungen im Freien.<\/p>\n<p><\/strong><\/h2>\n<p><strong>Das Wanzenschutzspray von Ueber<\/strong> ist ein rein nat\u00fcrliches Produkt auf der Basis von Pflanzenextrakten, die die Wanzenabwehr f\u00f6rdern. Nach dem Verd\u00fcnnen des Produkts werden die von Wanzen befallenen Fl\u00e4chen gleichm\u00e4\u00dfig bespr\u00fcht.<\/p>\n<p><em>Dosierung pro 50 Liter<\/em><\/p>\n<p><strong>ZUSAMMENSETZUNG<\/strong><br \/>Pflanzenextrakte<\/p>\n","protected":false},"excerpt":{"rendered":"<p>Nat\u00fcrliche Barriere gegen alle Arten von Ungeziefer f\u00fcr Behandlungen im Freien. Das Wanzenschutzspray von Ueber ist ein rein nat\u00fcrliches Produkt<\/p>\n","protected":false},"featured_media":128608,"comment_status":"open","ping_status":"closed","template":"","meta":[],"product_brand":[],"product_cat":[7929],"product_tag":[],"class_list":{"0":"post-128614","1":"product","2":"type-product","3":"status-publish","4":"has-post-thumbnail","6":"product_cat-pflanzenschutz-und-abwehr","8":"first","9":"instock","10":"taxable","11":"shipping-taxable","12":"purchasable","13":"product-type-simple"},"aioseo_notices":[],"_links":{"self":[{"href":"https:\/\/www.budream.com\/de\/wp-json\/wp\/v2\/product\/128614","targetHints":{"allow":["GET"]}}],"collection":[{"href":"https:\/\/www.budream.com\/de\/wp-json\/wp\/v2\/product"}],"about":[{"href":"https:\/\/www.budream.com\/de\/wp-json\/wp\/v2\/types\/product"}],"replies":[{"embeddable":true,"href":"https:\/\/www.budream.com\/de\/wp-json\/wp\/v2\/comments?post=128614"}],"version-history":[{"count":0,"href":"https:\/\/www.budream.com\/de\/wp-json\/wp\/v2\/product\/128614\/revisions"}],"wp:featuredmedia":[{"embeddable":true,"href":"https:\/\/www.budream.com\/de\/wp-json\/wp\/v2\/media\/128608"}],"wp:attachment":[{"href":"https:\/\/www.budream.com\/de\/wp-json\/wp\/v2\/media?parent=128614"}],"wp:term":[{"taxonomy":"product_brand","embeddable":true,"href":"https:\/\/www.budream.com\/de\/wp-json\/wp\/v2\/product_brand?post=128614"},{"taxonomy":"product_cat","embeddable":true,"href":"https:\/\/www.budream.com\/de\/wp-json\/wp\/v2\/product_cat?post=128614"},{"taxonomy":"product_tag","embeddable":true,"href":"https:\/\/www.budream.com\/de\/wp-json\/wp\/v2\/product_tag?post=128614"}],"curies":[{"name":"wp","href":"https:\/\/api.w.org\/{rel}","templated":true}]}}