{"id":128624,"date":"2025-07-30T21:42:34","date_gmt":"2025-07-30T19:42:34","guid":{"rendered":"https:\/\/www.budream.com\/shop\/ueber-bio-concentrated-hemp-barrier-250ml\/"},"modified":"2026-02-06T10:01:55","modified_gmt":"2026-02-06T08:01:55","slug":"ueber-bio-concentrated-hemp-barrier-250ml","status":"publish","type":"product","link":"https:\/\/www.budream.com\/de\/shop\/ueber-bio-concentrated-hemp-barrier-250ml\/","title":{"rendered":"UEBER &#8211; BIO CONCENTRATED HEMP BARRIER | 250ml"},"content":{"rendered":"<h2><strong>Nat\u00fcrliche Barriere gegen alle Arten von Ungeziefer f\u00fcr Behandlungen im Freien.<\/p>\n<p><\/strong><\/h2>\n<p><strong>Ueber&#8217;s Concentrated Bug Barrier<\/strong> ist ein rein nat\u00fcrliches Produkt auf Basis von Pflanzenextrakten, die die Wanzenabwehr f\u00f6rdern. Nach dem Verd\u00fcnnen des Produkts die von Wanzen befallenen Fl\u00e4chen gleichm\u00e4\u00dfig bespr\u00fchen.<\/p>\n<p><em>Dosierung pro 50 Liter<\/em><\/p>\n<p><strong>ZUSAMMENSETZUNG<\/strong><br \/>Pflanzenextrakte<\/p>\n","protected":false},"excerpt":{"rendered":"<p>Nat\u00fcrliche Barriere gegen alle Arten von Ungeziefer f\u00fcr Behandlungen im Freien. Ueber&#8217;s Concentrated Bug Barrier ist ein rein nat\u00fcrliches Produkt<\/p>\n","protected":false},"featured_media":128618,"comment_status":"open","ping_status":"closed","template":"","meta":[],"product_brand":[],"product_cat":[7929],"product_tag":[],"class_list":{"0":"post-128624","1":"product","2":"type-product","3":"status-publish","4":"has-post-thumbnail","6":"product_cat-pflanzenschutz-und-abwehr","8":"first","9":"instock","10":"taxable","11":"shipping-taxable","12":"purchasable","13":"product-type-simple"},"aioseo_notices":[],"_links":{"self":[{"href":"https:\/\/www.budream.com\/de\/wp-json\/wp\/v2\/product\/128624","targetHints":{"allow":["GET"]}}],"collection":[{"href":"https:\/\/www.budream.com\/de\/wp-json\/wp\/v2\/product"}],"about":[{"href":"https:\/\/www.budream.com\/de\/wp-json\/wp\/v2\/types\/product"}],"replies":[{"embeddable":true,"href":"https:\/\/www.budream.com\/de\/wp-json\/wp\/v2\/comments?post=128624"}],"version-history":[{"count":0,"href":"https:\/\/www.budream.com\/de\/wp-json\/wp\/v2\/product\/128624\/revisions"}],"wp:featuredmedia":[{"embeddable":true,"href":"https:\/\/www.budream.com\/de\/wp-json\/wp\/v2\/media\/128618"}],"wp:attachment":[{"href":"https:\/\/www.budream.com\/de\/wp-json\/wp\/v2\/media?parent=128624"}],"wp:term":[{"taxonomy":"product_brand","embeddable":true,"href":"https:\/\/www.budream.com\/de\/wp-json\/wp\/v2\/product_brand?post=128624"},{"taxonomy":"product_cat","embeddable":true,"href":"https:\/\/www.budream.com\/de\/wp-json\/wp\/v2\/product_cat?post=128624"},{"taxonomy":"product_tag","embeddable":true,"href":"https:\/\/www.budream.com\/de\/wp-json\/wp\/v2\/product_tag?post=128624"}],"curies":[{"name":"wp","href":"https:\/\/api.w.org\/{rel}","templated":true}]}}