{"id":128679,"date":"2025-07-30T21:45:50","date_gmt":"2025-07-30T19:45:50","guid":{"rendered":"https:\/\/www.budream.com\/shop\/qnubu-rosin-manuelle-presse-kompact-2-0-platte-6x12cm-druck-600kg\/"},"modified":"2026-04-14T14:55:25","modified_gmt":"2026-04-14T12:55:25","slug":"qnubu-rosin-manuelle-presse-kompact-2-0-platte-6x12cm-druck-600kg","status":"publish","type":"product","link":"https:\/\/www.budream.com\/de\/shop\/qnubu-rosin-manuelle-presse-kompact-2-0-platte-6x12cm-druck-600kg\/","title":{"rendered":"QNUBU &#8211; ROSIN MANUELLE PRESSE KOMPACT 2.0 | PLATTE 6x12cm DRUCK 600Kg"},"content":{"rendered":"<h2><span style=\"text-decoration: underline\"><strong>Manuelle Kompact 2.0 Qnubu-Presse f\u00fcr die Kolophoniumgewinnung<\/strong><\/span><\/h2>\n<p><strong>Die Kompact 2.0 600kg ist eine verbesserte Version der 300kg Manual Kompact.<\/p>\n<p><\/strong>Die Verbesserungen in der Version 2.0 sind eine zus\u00e4tzliche Verst\u00e4rkung des Kurbelmechanismus, eine doppelte Halterung an der oberen Platte und eine doppelte Druckeinstellung f\u00fcr mehr Pr\u00e4zision.<\/p>\n<p>Rosin entdeckte als Erster, dass durch Erreichen der richtigen Temperatur bis zu 80 % der Pflanzenwirkstoffe extrahiert werden k\u00f6nnen.<\/p>\n<p>Die Technik ist sehr einfach, da sie darin besteht, Druck auf eine Knospe auszu\u00fcben, die sich zwischen den Karten befindet, so dass sie fest zwischen dem hei\u00dfen Aluminium der Platten gepresst wird.<\/p>\n<p>Nach dem \u00d6ffnen des Beutels befindet sich das Harz darin &#8211; bequemer geht es nicht.<\/p>\n<h2><strong><span style=\"text-decoration: underline\">Technische Daten Qnubu Kompact 2.0 manuelle Presse<\/span>:<\/strong><\/h2>\n<ul style=\"list-style-type: disc\">\n<li>Druck: 600Kg<\/li>\n<li>Platte: 6x12cm<\/li>\n<li>Zweifache Temperaturregelung (0-200 &ordm;C)<\/li>\n<li>TIimer 0-999sec &#8211; Akustische Warnung<\/li>\n<li>Spannung: 220V<\/li>\n<li>Verbrauch: 550W\/h<\/li>\n<li>Gewicht: 5Kg<\/li>\n<\/ul>\n<p>Speziell entwickelt f\u00fcr die Extraktion von \u00d6len und Harzen ohne Verwendung von L\u00f6sungsmitteln, sondern einfach durch Druck und Erhitzung.<\/p>\n","protected":false},"excerpt":{"rendered":"<p>Manuelle Kompact 2.0 Qnubu-Presse f\u00fcr die Kolophoniumgewinnung Die Kompact 2.0 600kg ist eine verbesserte Version der 300kg Manual Kompact. Die<\/p>\n","protected":false},"featured_media":128653,"comment_status":"open","ping_status":"closed","template":"","meta":[],"product_brand":[],"product_cat":[7947],"product_tag":[],"class_list":{"0":"post-128679","1":"product","2":"type-product","3":"status-publish","4":"has-post-thumbnail","6":"product_cat-headshop-de","8":"first","9":"instock","10":"taxable","11":"shipping-taxable","12":"purchasable","13":"product-type-simple"},"aioseo_notices":[],"_links":{"self":[{"href":"https:\/\/www.budream.com\/de\/wp-json\/wp\/v2\/product\/128679","targetHints":{"allow":["GET"]}}],"collection":[{"href":"https:\/\/www.budream.com\/de\/wp-json\/wp\/v2\/product"}],"about":[{"href":"https:\/\/www.budream.com\/de\/wp-json\/wp\/v2\/types\/product"}],"replies":[{"embeddable":true,"href":"https:\/\/www.budream.com\/de\/wp-json\/wp\/v2\/comments?post=128679"}],"version-history":[{"count":1,"href":"https:\/\/www.budream.com\/de\/wp-json\/wp\/v2\/product\/128679\/revisions"}],"predecessor-version":[{"id":262034,"href":"https:\/\/www.budream.com\/de\/wp-json\/wp\/v2\/product\/128679\/revisions\/262034"}],"wp:featuredmedia":[{"embeddable":true,"href":"https:\/\/www.budream.com\/de\/wp-json\/wp\/v2\/media\/128653"}],"wp:attachment":[{"href":"https:\/\/www.budream.com\/de\/wp-json\/wp\/v2\/media?parent=128679"}],"wp:term":[{"taxonomy":"product_brand","embeddable":true,"href":"https:\/\/www.budream.com\/de\/wp-json\/wp\/v2\/product_brand?post=128679"},{"taxonomy":"product_cat","embeddable":true,"href":"https:\/\/www.budream.com\/de\/wp-json\/wp\/v2\/product_cat?post=128679"},{"taxonomy":"product_tag","embeddable":true,"href":"https:\/\/www.budream.com\/de\/wp-json\/wp\/v2\/product_tag?post=128679"}],"curies":[{"name":"wp","href":"https:\/\/api.w.org\/{rel}","templated":true}]}}