{"id":128944,"date":"2025-07-30T22:00:42","date_gmt":"2025-07-30T20:00:42","guid":{"rendered":"https:\/\/www.budream.com\/shop\/terpene-essence-sativa-blend-of-terpenes-2ml\/"},"modified":"2026-01-20T14:13:53","modified_gmt":"2026-01-20T12:13:53","slug":"terpene-essence-sativa-blend-of-terpenes-2ml","status":"publish","type":"product","link":"https:\/\/www.budream.com\/de\/shop\/terpene-essence-sativa-blend-of-terpenes-2ml\/","title":{"rendered":"TERPENE ESSENCE &#8211; SATIVA BLEND OF TERPENES | 2ml"},"content":{"rendered":"<p>Tr\u00e4umen Sie davon, Ihren wertvollsten Dingen ein st\u00e4rkeres Aroma zu verleihen? Fruchtig, w\u00fcrzig, balsamisch, zitrusartig! <\/p>\n<p>Sativa Blend, Og Kush und Sweet Pineapple sind die <strong>drei von Terpene essence kreierten Mischungen<\/strong>, die die Natur der Pflanzen respektieren.<\/p>\n<p>TERPENE ESSENCE Mischungen sind formuliert:<\/p>\n<ul style=\"list-style-type: disc\">\n<li><strong>Mit 100% reinen und nat\u00fcrlichen Terpenen<\/strong><\/li>\n<li><strong>Ohne die Verwendung von L\u00f6sungsmitteln.<\/strong><\/li>\n<li><strong>In Spray-Format<\/strong> f\u00fcr EASY-TO-USE Verwendung und gleichm\u00e4\u00dfige Anwendung.<\/li>\n<\/ul>\n<p><strong>Wie werden sie verwendet?<\/strong><br \/>Spr\u00fchen Sie das Produkt einfach direkt auf die zu aromatisierenden Produkte. Wir empfehlen eine Dosierung von 5 Spr\u00fchst\u00f6\u00dfen pro 100 g des zu aromatisierenden Materials und wiederholen die Anwendung alle 7 Tage, bis zu 8 Wochen lang, bis die gew\u00fcnschte aromatische Intensit\u00e4t erreicht ist.<\/p>\n<p>Mischung von Terpenen mit charakteristischen aromatischen Eigenschaften mit erdigen und w\u00fcrzigen Noten und balsamischen Untert\u00f6nen. Hochkonzentriertes Produkt.<\/p>\n<p>Nur f\u00fcr den technischen Gebrauch bestimmt.<br \/>Vermeiden Sie den Kontakt mit Augen und Haut.<\/p>\n<p><em>Inhaltsstoffe: Beta-Caryophyllen, Myrcen, Limonen, Humulen, Alpha-Pinen, Beta-Pinen, Nerolidol, Delta-3-Caren, Geraniol, Terpinolenecaryophyllen<\/em><\/p>\n","protected":false},"excerpt":{"rendered":"<p>Tr\u00e4umen Sie davon, Ihren wertvollsten Dingen ein st\u00e4rkeres Aroma zu verleihen? Fruchtig, w\u00fcrzig, balsamisch, zitrusartig! Sativa Blend, Og Kush und<\/p>\n","protected":false},"featured_media":128938,"comment_status":"open","ping_status":"closed","template":"","meta":[],"product_brand":[],"product_cat":[7912],"product_tag":[],"class_list":{"0":"post-128944","1":"product","2":"type-product","3":"status-publish","4":"has-post-thumbnail","6":"product_cat-kosmetik","8":"first","9":"instock","10":"taxable","11":"shipping-taxable","12":"purchasable","13":"product-type-simple"},"_links":{"self":[{"href":"https:\/\/www.budream.com\/de\/wp-json\/wp\/v2\/product\/128944","targetHints":{"allow":["GET"]}}],"collection":[{"href":"https:\/\/www.budream.com\/de\/wp-json\/wp\/v2\/product"}],"about":[{"href":"https:\/\/www.budream.com\/de\/wp-json\/wp\/v2\/types\/product"}],"replies":[{"embeddable":true,"href":"https:\/\/www.budream.com\/de\/wp-json\/wp\/v2\/comments?post=128944"}],"version-history":[{"count":0,"href":"https:\/\/www.budream.com\/de\/wp-json\/wp\/v2\/product\/128944\/revisions"}],"wp:featuredmedia":[{"embeddable":true,"href":"https:\/\/www.budream.com\/de\/wp-json\/wp\/v2\/media\/128938"}],"wp:attachment":[{"href":"https:\/\/www.budream.com\/de\/wp-json\/wp\/v2\/media?parent=128944"}],"wp:term":[{"taxonomy":"product_brand","embeddable":true,"href":"https:\/\/www.budream.com\/de\/wp-json\/wp\/v2\/product_brand?post=128944"},{"taxonomy":"product_cat","embeddable":true,"href":"https:\/\/www.budream.com\/de\/wp-json\/wp\/v2\/product_cat?post=128944"},{"taxonomy":"product_tag","embeddable":true,"href":"https:\/\/www.budream.com\/de\/wp-json\/wp\/v2\/product_tag?post=128944"}],"curies":[{"name":"wp","href":"https:\/\/api.w.org\/{rel}","templated":true}]}}