{"id":128974,"date":"2025-07-30T22:02:14","date_gmt":"2025-07-30T20:02:14","guid":{"rendered":"https:\/\/www.budream.com\/shop\/rewell-cbd-extreme-creme-100ml-500mg-cbd\/"},"modified":"2026-02-19T13:59:23","modified_gmt":"2026-02-19T11:59:23","slug":"rewell-cbd-extreme-creme-100ml-500mg-cbd","status":"publish","type":"product","link":"https:\/\/www.budream.com\/de\/shop\/rewell-cbd-extreme-creme-100ml-500mg-cbd\/","title":{"rendered":"REWELL &#8211; CBD EXTREME CR\u00c8ME | 100ml 500mg CBD"},"content":{"rendered":"<p>Neue umweltfreundliche, 100% recycelbare, pflanzliche Tubenverpackung!<br \/>Wenn die Muskeln einer intensiven k\u00f6rperlichen Aktivit\u00e4t ausgesetzt sind, ist die CBD Extreme Creme von Rewell ideal f\u00fcr eine sofortige Linderung.<\/p>\n<p>Dank ihrer nat\u00fcrlichen Bestandteile eignet sie sich zur Unterst\u00fctzung der Muskeln beim Aufw\u00e4rmen, um Verstauchungen\/Zerrungen vorzubeugen, oder nach k\u00f6rperlicher Anstrengung, um ein Gef\u00fchl der Erleichterung zu finden. Sie entspannt das Gewebe und lindert Muskelschmerzen, indem sie Entz\u00fcndungen deutlich reduziert. Es zieht schnell ein und ist nicht fettend.<\/p>\n<p><\/p>\n<h2><strong>Anweisungen zur Verwendung:<br \/><\/strong><\/h2>\n<p>Das Produkt nach Bedarf auftragen und einmassieren, bis es eingezogen ist.<br \/>VORHER: Massieren Sie die Muskeln w\u00e4hrend des Aufw\u00e4rmens, verhindert das Risiko von Muskelzerrungen und Verstauchungen.<br \/>POST: Massage nach k\u00f6rperlicher Anstrengung, entspannt das Gewebe und lindert Muskelschmerzen.<br \/>Warnhinweise: KOSMETIKPRODUKT. \u00c4u\u00dferliche Anwendung. Vermeiden Sie den Kontakt mit den Augen. Au\u00dferhalb der Reichweite von Kindern aufbewahren.<\/p>\n<p><strong><br \/>Inhaltsstoffe:<br \/><\/strong><em>Wasser, Aloe-Barbadensis-Blattsaft, Helianthus-Annuus-Samen\u00f6l, Cetearylalkohol, Glycerin, Glycerylstearat Se, Glycin-Soja\u00f6l, Arnika-Montana-Bl\u00fctenextrakt, Boswellia-Serrata-Harz-Extrakt, Glucosaminsulfat, Benzylalkohol, Glycerylstearat-Citrat, Harpagophytum-Procumbens-Wurzelextrakt, Tocopherylacetat, Cannabidiol, Menthol, Xanthangummi, Parfum, Natriumdehydroacetat, Lecithin, Milchs\u00e4ure, Tetranatriumglutamatdiacetat, Glycerylcaprylat, Dehydroessigs\u00e4ure, Tocopherol, Ascorbylpalmitat, Zitronens\u00e4ure, Linalool, Limonen, Citronellol.<\/em><strong><br \/><\/strong><\/p>\n","protected":false},"excerpt":{"rendered":"<p>Neue umweltfreundliche, 100% recycelbare, pflanzliche Tubenverpackung!Wenn die Muskeln einer intensiven k\u00f6rperlichen Aktivit\u00e4t ausgesetzt sind, ist die CBD Extreme Creme von<\/p>\n","protected":false},"featured_media":128968,"comment_status":"open","ping_status":"closed","template":"","meta":[],"product_brand":[],"product_cat":[7912],"product_tag":[],"class_list":{"0":"post-128974","1":"product","2":"type-product","3":"status-publish","4":"has-post-thumbnail","6":"product_cat-kosmetik","8":"first","9":"instock","10":"taxable","11":"shipping-taxable","12":"purchasable","13":"product-type-simple"},"_links":{"self":[{"href":"https:\/\/www.budream.com\/de\/wp-json\/wp\/v2\/product\/128974","targetHints":{"allow":["GET"]}}],"collection":[{"href":"https:\/\/www.budream.com\/de\/wp-json\/wp\/v2\/product"}],"about":[{"href":"https:\/\/www.budream.com\/de\/wp-json\/wp\/v2\/types\/product"}],"replies":[{"embeddable":true,"href":"https:\/\/www.budream.com\/de\/wp-json\/wp\/v2\/comments?post=128974"}],"version-history":[{"count":0,"href":"https:\/\/www.budream.com\/de\/wp-json\/wp\/v2\/product\/128974\/revisions"}],"wp:featuredmedia":[{"embeddable":true,"href":"https:\/\/www.budream.com\/de\/wp-json\/wp\/v2\/media\/128968"}],"wp:attachment":[{"href":"https:\/\/www.budream.com\/de\/wp-json\/wp\/v2\/media?parent=128974"}],"wp:term":[{"taxonomy":"product_brand","embeddable":true,"href":"https:\/\/www.budream.com\/de\/wp-json\/wp\/v2\/product_brand?post=128974"},{"taxonomy":"product_cat","embeddable":true,"href":"https:\/\/www.budream.com\/de\/wp-json\/wp\/v2\/product_cat?post=128974"},{"taxonomy":"product_tag","embeddable":true,"href":"https:\/\/www.budream.com\/de\/wp-json\/wp\/v2\/product_tag?post=128974"}],"curies":[{"name":"wp","href":"https:\/\/api.w.org\/{rel}","templated":true}]}}