{"id":128994,"date":"2025-07-30T22:03:09","date_gmt":"2025-07-30T20:03:09","guid":{"rendered":"https:\/\/www.budream.com\/shop\/rewell-cbd-schuetzendes-handgel-100ml-25mg-cbd-aloe-vera\/"},"modified":"2025-12-29T13:32:26","modified_gmt":"2025-12-29T11:32:26","slug":"rewell-cbd-schuetzendes-handgel-100ml-25mg-cbd-aloe-vera","status":"publish","type":"product","link":"https:\/\/www.budream.com\/de\/shop\/rewell-cbd-schuetzendes-handgel-100ml-25mg-cbd-aloe-vera\/","title":{"rendered":"REWELL &#8211; CBD SCH\u00dcTZENDES HANDGEL | 100ml 25mg CBD + ALOE VERA"},"content":{"rendered":"<p>REWELL Hand Gel ist nach einer untersuchten Konzentration von Alkohol und Chlorhexidin mit einer hohen desinfizierenden Wirkung zus\u00e4tzlich zu ALOE VERA und so viel wie 25mg von CBD formuliert, um die Haut vor Reizungen oder Trockenheit zu sch\u00fctzen, indem es mehr Feuchtigkeit.<br \/>Maximaler Schutz, ohne die Haut Ihrer H\u00e4nde zu vernachl\u00e4ssigen, um Ihre Haut zu reinigen und zu sch\u00fctzen, wenn Sie kein Wasser, Seife oder etwas anderes haben.<\/p>\n<p><\/p>\n<h2><strong>Wegbeschreibung f\u00fcr die Verwendung:<br \/><\/strong><\/h2>\n<p>Eine kleine Menge des Produkts auf die Handfl\u00e4che geben und verteilen, dabei vorsichtig massieren, auch auf dem R\u00fccken, bis es vollst\u00e4ndig eingezogen ist, kein Wasser erforderlich. Warnhinweise: KOSMETIKPRODUKT. \u00c4u\u00dferliche Anwendung. Vermeiden Sie den Kontakt mit den Augen und bewahren Sie es au\u00dferhalb der Reichweite von Kindern auf.<\/p>\n<p><strong><br \/>Inhaltsstoffe:<br \/><\/strong><em>70% Alkohol, Chlorhexidin, Aloe vera, CBD 25mg Alcohol denat, Aqua, aloe barbadensis leaf Julce, hydroxyethyl acrylate\/sodlum acryloyldimethyl taurate copolymer, squalane, cannabidiol, xanthan gum, polysorbate 60, Ilmonene, tocopheryl acetate, citrus limon peel oil, sorbitan Isostearate, chlorhexidine dlgluconate, lactic acid, citral.<\/em><strong><br \/><\/strong><\/p>\n","protected":false},"excerpt":{"rendered":"<p>REWELL Hand Gel ist nach einer untersuchten Konzentration von Alkohol und Chlorhexidin mit einer hohen desinfizierenden Wirkung zus\u00e4tzlich zu ALOE<\/p>\n","protected":false},"featured_media":128988,"comment_status":"open","ping_status":"closed","template":"","meta":[],"product_brand":[],"product_cat":[7912],"product_tag":[],"class_list":{"0":"post-128994","1":"product","2":"type-product","3":"status-publish","4":"has-post-thumbnail","6":"product_cat-kosmetik","8":"first","9":"instock","10":"taxable","11":"shipping-taxable","12":"purchasable","13":"product-type-simple"},"_links":{"self":[{"href":"https:\/\/www.budream.com\/de\/wp-json\/wp\/v2\/product\/128994","targetHints":{"allow":["GET"]}}],"collection":[{"href":"https:\/\/www.budream.com\/de\/wp-json\/wp\/v2\/product"}],"about":[{"href":"https:\/\/www.budream.com\/de\/wp-json\/wp\/v2\/types\/product"}],"replies":[{"embeddable":true,"href":"https:\/\/www.budream.com\/de\/wp-json\/wp\/v2\/comments?post=128994"}],"version-history":[{"count":0,"href":"https:\/\/www.budream.com\/de\/wp-json\/wp\/v2\/product\/128994\/revisions"}],"wp:featuredmedia":[{"embeddable":true,"href":"https:\/\/www.budream.com\/de\/wp-json\/wp\/v2\/media\/128988"}],"wp:attachment":[{"href":"https:\/\/www.budream.com\/de\/wp-json\/wp\/v2\/media?parent=128994"}],"wp:term":[{"taxonomy":"product_brand","embeddable":true,"href":"https:\/\/www.budream.com\/de\/wp-json\/wp\/v2\/product_brand?post=128994"},{"taxonomy":"product_cat","embeddable":true,"href":"https:\/\/www.budream.com\/de\/wp-json\/wp\/v2\/product_cat?post=128994"},{"taxonomy":"product_tag","embeddable":true,"href":"https:\/\/www.budream.com\/de\/wp-json\/wp\/v2\/product_tag?post=128994"}],"curies":[{"name":"wp","href":"https:\/\/api.w.org\/{rel}","templated":true}]}}