{"id":129009,"date":"2025-07-30T22:05:21","date_gmt":"2025-07-30T20:05:21","guid":{"rendered":"https:\/\/www.budream.com\/shop\/flowermate-aura-adapter-bong\/"},"modified":"2026-04-20T14:18:34","modified_gmt":"2026-04-20T12:18:34","slug":"flowermate-aura-adapter-bong","status":"publish","type":"product","link":"https:\/\/www.budream.com\/de\/shop\/flowermate-aura-adapter-bong\/","title":{"rendered":"FLOWERMATE &#8211; AURA ADAPTER BONG"},"content":{"rendered":"<p>Der universelle Bong- und Wasserfilter-Adapter f\u00fcr Flowermate Aura erm\u00f6glicht es Ihnen, Ihre Aura an jede Bong oder jeden Wasserfilter anzuschlie\u00dfen.<\/p>\n<h2><span style=\"text-decoration: underline\">FLOWERMATE &#8211; AURA BONG ADAPTER:<\/span> <\/h2>\n<ul style=\"list-style-type: disc\">\n<li>Adapter f\u00fcr Flowermate Aura;<\/li>\n<li>10\/14 und 18 mm Stecker und Buchse;<\/li>\n<li>100% rostfreier Stahl;<\/li>\n<li>Passt zu jeder Bong;<\/li>\n<li>Watertool-Adapter;<\/li>\n<\/ul>\n","protected":false},"excerpt":{"rendered":"<p>Der universelle Bong- und Wasserfilter-Adapter f\u00fcr Flowermate Aura erm\u00f6glicht es Ihnen, Ihre Aura an jede Bong oder jeden Wasserfilter anzuschlie\u00dfen.<\/p>\n","protected":false},"featured_media":125678,"comment_status":"open","ping_status":"closed","template":"","meta":[],"product_brand":[],"product_cat":[7907],"product_tag":[],"class_list":{"0":"post-129009","1":"product","2":"type-product","3":"status-publish","4":"has-post-thumbnail","6":"product_cat-verdampfer","8":"first","9":"instock","10":"sale","11":"taxable","12":"shipping-taxable","13":"purchasable","14":"product-type-simple"},"_links":{"self":[{"href":"https:\/\/www.budream.com\/de\/wp-json\/wp\/v2\/product\/129009","targetHints":{"allow":["GET"]}}],"collection":[{"href":"https:\/\/www.budream.com\/de\/wp-json\/wp\/v2\/product"}],"about":[{"href":"https:\/\/www.budream.com\/de\/wp-json\/wp\/v2\/types\/product"}],"replies":[{"embeddable":true,"href":"https:\/\/www.budream.com\/de\/wp-json\/wp\/v2\/comments?post=129009"}],"version-history":[{"count":0,"href":"https:\/\/www.budream.com\/de\/wp-json\/wp\/v2\/product\/129009\/revisions"}],"wp:featuredmedia":[{"embeddable":true,"href":"https:\/\/www.budream.com\/de\/wp-json\/wp\/v2\/media\/125678"}],"wp:attachment":[{"href":"https:\/\/www.budream.com\/de\/wp-json\/wp\/v2\/media?parent=129009"}],"wp:term":[{"taxonomy":"product_brand","embeddable":true,"href":"https:\/\/www.budream.com\/de\/wp-json\/wp\/v2\/product_brand?post=129009"},{"taxonomy":"product_cat","embeddable":true,"href":"https:\/\/www.budream.com\/de\/wp-json\/wp\/v2\/product_cat?post=129009"},{"taxonomy":"product_tag","embeddable":true,"href":"https:\/\/www.budream.com\/de\/wp-json\/wp\/v2\/product_tag?post=129009"}],"curies":[{"name":"wp","href":"https:\/\/api.w.org\/{rel}","templated":true}]}}