{"id":129024,"date":"2025-07-30T22:05:51","date_gmt":"2025-07-30T20:05:51","guid":{"rendered":"https:\/\/www.budream.com\/shop\/storzbickel-maechtiges-handwerkliches-fuellraum-werkzeugset\/"},"modified":"2025-12-23T15:02:21","modified_gmt":"2025-12-23T13:02:21","slug":"storzbickel-maechtiges-handwerkliches-fuellraum-werkzeugset","status":"publish","type":"product","link":"https:\/\/www.budream.com\/de\/shop\/storzbickel-maechtiges-handwerkliches-fuellraum-werkzeugset\/","title":{"rendered":"STORZ&amp;BICKEL &#8211; M\u00c4CHTIGES+ HANDWERKLICHES+ F\u00dcLLRAUM-WERKZEUGSET"},"content":{"rendered":"<p>Dank des Werkzeugs ist es m\u00f6glich, die Verdampfungskammer nach jedem Gebrauch zu leeren und zu reinigen.<br \/>Ersatzwerkzeugsatz f\u00fcr mighty, mighty+ und crafty+.<\/p>\n<h2><span style=\"text-decoration: underline\">Storz&amp;Bickel &#8211; F\u00fcllkammer-Werkzeugsatz f\u00fcr mighty, mighty+ und crafty+:<\/span><\/h2>\n<ul style=\"list-style-type: disc\">\n<li>Verdampferkammerwerkzeug;<\/li>\n<li>5 Teile;<\/li>\n<\/ul>\n","protected":false},"excerpt":{"rendered":"<p>Dank des Werkzeugs ist es m\u00f6glich, die Verdampfungskammer nach jedem Gebrauch zu leeren und zu reinigen.Ersatzwerkzeugsatz f\u00fcr mighty, mighty+ und<\/p>\n","protected":false},"featured_media":129013,"comment_status":"open","ping_status":"closed","template":"","meta":[],"product_brand":[],"product_cat":[7907],"product_tag":[],"class_list":{"0":"post-129024","1":"product","2":"type-product","3":"status-publish","4":"has-post-thumbnail","6":"product_cat-verdampfer","8":"first","9":"instock","10":"sale","11":"taxable","12":"shipping-taxable","13":"purchasable","14":"product-type-simple"},"_links":{"self":[{"href":"https:\/\/www.budream.com\/de\/wp-json\/wp\/v2\/product\/129024","targetHints":{"allow":["GET"]}}],"collection":[{"href":"https:\/\/www.budream.com\/de\/wp-json\/wp\/v2\/product"}],"about":[{"href":"https:\/\/www.budream.com\/de\/wp-json\/wp\/v2\/types\/product"}],"replies":[{"embeddable":true,"href":"https:\/\/www.budream.com\/de\/wp-json\/wp\/v2\/comments?post=129024"}],"version-history":[{"count":0,"href":"https:\/\/www.budream.com\/de\/wp-json\/wp\/v2\/product\/129024\/revisions"}],"wp:featuredmedia":[{"embeddable":true,"href":"https:\/\/www.budream.com\/de\/wp-json\/wp\/v2\/media\/129013"}],"wp:attachment":[{"href":"https:\/\/www.budream.com\/de\/wp-json\/wp\/v2\/media?parent=129024"}],"wp:term":[{"taxonomy":"product_brand","embeddable":true,"href":"https:\/\/www.budream.com\/de\/wp-json\/wp\/v2\/product_brand?post=129024"},{"taxonomy":"product_cat","embeddable":true,"href":"https:\/\/www.budream.com\/de\/wp-json\/wp\/v2\/product_cat?post=129024"},{"taxonomy":"product_tag","embeddable":true,"href":"https:\/\/www.budream.com\/de\/wp-json\/wp\/v2\/product_tag?post=129024"}],"curies":[{"name":"wp","href":"https:\/\/api.w.org\/{rel}","templated":true}]}}