{"id":129314,"date":"2025-07-30T22:15:15","date_gmt":"2025-07-30T20:15:15","guid":{"rendered":"https:\/\/www.budream.com\/shop\/qnubu-hydraulische-rosinpresse-pro-lion-20ton-doppelte-platte-76x25cm-und-15x20cm\/"},"modified":"2026-04-14T15:00:56","modified_gmt":"2026-04-14T13:00:56","slug":"qnubu-hydraulische-rosinpresse-pro-lion-20ton-doppelte-platte-76x25cm-und-15x20cm","status":"publish","type":"product","link":"https:\/\/www.budream.com\/de\/shop\/qnubu-hydraulische-rosinpresse-pro-lion-20ton-doppelte-platte-76x25cm-und-15x20cm\/","title":{"rendered":"QNUBU &#8211; HYDRAULISCHE ROSINPRESSE PRO LION | 20TON DOPPELTE PLATTE 7,6x25cm UND 15x20cm"},"content":{"rendered":"<h2><strong>Qnubu hydraulische Presse f\u00fcr die Gewinnung von Kolophonium<\/strong><\/h2>\n<p>Bei der Kolophoniumextraktion wurde als erstes entdeckt, dass durch Erreichen der richtigen Temperatur bis zu 80 % der aktiven Pflanzeninhaltsstoffe extrahiert werden k\u00f6nnen.<\/p>\n<p>Die Technik ist sehr einfach, da sie darin besteht, Druck auf eine Knospe auszu\u00fcben, die zwischen die Karten gelegt wird, so dass sie fest zwischen das hei\u00dfe Aluminium der Platten gepresst wird.<\/p>\n<p>Nach dem \u00d6ffnen des Beutels befindet sich das Harz darin &#8211; bequemer geht&#8217;s nicht.<\/p>\n<p><strong>Die Platte ist <\/strong>drehbar<strong>: <\/strong>Sie kann gedreht werden, um die Extraktion zu erleichtern.<\/p>\n<p><strong>ACHTUNG: Die professionelle hydraulische 20-Tonnen-Presse wird jetzt mit 2 Paaren von Heizplatten verkauft: 7,6x25cm und 15x20cm<\/strong><\/p>\n<h2><strong><br \/>Technische Daten Pro Lion Qnubu 20 Tonnen Presse:<\/strong><\/h2>\n<ul style=\"list-style-type: disc\">\n<li>Druck: 20 Tonnen<\/li>\n<li>Platte: zwei Platten enthalten: 7.6x25cm und 15x20cm<\/li>\n<li>Timer 0-999sec &#8211; Akustische Warnung<\/li>\n<li>Spannung: 220V<\/li>\n<li>Verbrauch: 1400W\/h<\/li>\n<li>Gewicht: 60Kg<\/li>\n<\/ul>\n<p>Speziell entwickelt f\u00fcr die Extraktion von \u00d6len und Harzen ohne L\u00f6sungsmittel, sondern einfach durch Druck und Erhitzung.<\/p>\n","protected":false},"excerpt":{"rendered":"<p>Qnubu hydraulische Presse f\u00fcr die Gewinnung von Kolophonium Bei der Kolophoniumextraktion wurde als erstes entdeckt, dass durch Erreichen der richtigen<\/p>\n","protected":false},"featured_media":129288,"comment_status":"open","ping_status":"closed","template":"","meta":[],"product_brand":[],"product_cat":[7947],"product_tag":[],"class_list":{"0":"post-129314","1":"product","2":"type-product","3":"status-publish","4":"has-post-thumbnail","6":"product_cat-headshop-de","8":"first","9":"instock","10":"taxable","11":"shipping-taxable","12":"purchasable","13":"product-type-simple"},"aioseo_notices":[],"_links":{"self":[{"href":"https:\/\/www.budream.com\/de\/wp-json\/wp\/v2\/product\/129314","targetHints":{"allow":["GET"]}}],"collection":[{"href":"https:\/\/www.budream.com\/de\/wp-json\/wp\/v2\/product"}],"about":[{"href":"https:\/\/www.budream.com\/de\/wp-json\/wp\/v2\/types\/product"}],"replies":[{"embeddable":true,"href":"https:\/\/www.budream.com\/de\/wp-json\/wp\/v2\/comments?post=129314"}],"version-history":[{"count":1,"href":"https:\/\/www.budream.com\/de\/wp-json\/wp\/v2\/product\/129314\/revisions"}],"predecessor-version":[{"id":262707,"href":"https:\/\/www.budream.com\/de\/wp-json\/wp\/v2\/product\/129314\/revisions\/262707"}],"wp:featuredmedia":[{"embeddable":true,"href":"https:\/\/www.budream.com\/de\/wp-json\/wp\/v2\/media\/129288"}],"wp:attachment":[{"href":"https:\/\/www.budream.com\/de\/wp-json\/wp\/v2\/media?parent=129314"}],"wp:term":[{"taxonomy":"product_brand","embeddable":true,"href":"https:\/\/www.budream.com\/de\/wp-json\/wp\/v2\/product_brand?post=129314"},{"taxonomy":"product_cat","embeddable":true,"href":"https:\/\/www.budream.com\/de\/wp-json\/wp\/v2\/product_cat?post=129314"},{"taxonomy":"product_tag","embeddable":true,"href":"https:\/\/www.budream.com\/de\/wp-json\/wp\/v2\/product_tag?post=129314"}],"curies":[{"name":"wp","href":"https:\/\/api.w.org\/{rel}","templated":true}]}}