{"id":129359,"date":"2025-07-30T22:16:26","date_gmt":"2025-07-30T20:16:26","guid":{"rendered":"https:\/\/www.budream.com\/shop\/ueber-aphido-spray-bio-750ml\/"},"modified":"2025-10-14T18:44:28","modified_gmt":"2025-10-14T16:44:28","slug":"ueber-aphido-spray-bio-750ml","status":"publish","type":"product","link":"https:\/\/www.budream.com\/de\/shop\/ueber-aphido-spray-bio-750ml\/","title":{"rendered":"UEBER &#8211; APHIDO SPRAY BIO | 750ml"},"content":{"rendered":"<h2><strong>Pflanzenextrakt auf Basis von Rutaceae.<\/strong><\/h2>\n<p class=\"p1\">Hochmodernes Produkt, das eine angemessene und \u00fcppige Pflanzenentwicklung f\u00f6rdert.<\/p>\n<p class=\"p1\">Aufgrund seiner speziellen Formulierung wird das Produkt bei der indirekten Bek\u00e4mpfung von Blattl\u00e4usen, Aleurodidae, Thripsen und Psilla eingesetzt.<\/p>\n<p class=\"p1\">Die im Produkt enthaltenen Komponenten beg\u00fcnstigen eine repellierende Wirkung gegen Insekten im Boden oder auf der Vegetation. Auf diese Weise k\u00f6nnen sich die Sch\u00e4dlinge nicht ern\u00e4hren und werden auf nat\u00fcrliche Weise und v\u00f6llig r\u00fcckstandsfrei aus den behandelten Fl\u00e4chen entfernt.<\/p>\n<p><strong><br \/>Behandlung f\u00fcr:<\/strong> Bek\u00e4mpfung von Blattl\u00e4usen, Aleurodidae, Thripsen und Psilla.<\/p>\n","protected":false},"excerpt":{"rendered":"<p>Pflanzenextrakt auf Basis von Rutaceae. Hochmodernes Produkt, das eine angemessene und \u00fcppige Pflanzenentwicklung f\u00f6rdert. Aufgrund seiner speziellen Formulierung wird das<\/p>\n","protected":false},"featured_media":129353,"comment_status":"open","ping_status":"closed","template":"","meta":[],"product_brand":[],"product_cat":[7929],"product_tag":[],"class_list":{"0":"post-129359","1":"product","2":"type-product","3":"status-publish","4":"has-post-thumbnail","6":"product_cat-pflanzenschutz-und-abwehr","8":"first","9":"outofstock","10":"taxable","11":"shipping-taxable","12":"purchasable","13":"product-type-simple"},"aioseo_notices":[],"_links":{"self":[{"href":"https:\/\/www.budream.com\/de\/wp-json\/wp\/v2\/product\/129359","targetHints":{"allow":["GET"]}}],"collection":[{"href":"https:\/\/www.budream.com\/de\/wp-json\/wp\/v2\/product"}],"about":[{"href":"https:\/\/www.budream.com\/de\/wp-json\/wp\/v2\/types\/product"}],"replies":[{"embeddable":true,"href":"https:\/\/www.budream.com\/de\/wp-json\/wp\/v2\/comments?post=129359"}],"version-history":[{"count":0,"href":"https:\/\/www.budream.com\/de\/wp-json\/wp\/v2\/product\/129359\/revisions"}],"wp:featuredmedia":[{"embeddable":true,"href":"https:\/\/www.budream.com\/de\/wp-json\/wp\/v2\/media\/129353"}],"wp:attachment":[{"href":"https:\/\/www.budream.com\/de\/wp-json\/wp\/v2\/media?parent=129359"}],"wp:term":[{"taxonomy":"product_brand","embeddable":true,"href":"https:\/\/www.budream.com\/de\/wp-json\/wp\/v2\/product_brand?post=129359"},{"taxonomy":"product_cat","embeddable":true,"href":"https:\/\/www.budream.com\/de\/wp-json\/wp\/v2\/product_cat?post=129359"},{"taxonomy":"product_tag","embeddable":true,"href":"https:\/\/www.budream.com\/de\/wp-json\/wp\/v2\/product_tag?post=129359"}],"curies":[{"name":"wp","href":"https:\/\/api.w.org\/{rel}","templated":true}]}}