{"id":129369,"date":"2025-07-30T22:16:54","date_gmt":"2025-07-30T20:16:54","guid":{"rendered":"https:\/\/www.budream.com\/shop\/vdl-forest-keeper-ruecksackpumpe-mit-batterie-5l\/"},"modified":"2025-12-29T16:58:55","modified_gmt":"2025-12-29T14:58:55","slug":"vdl-forest-keeper-ruecksackpumpe-mit-batterie-5l","status":"publish","type":"product","link":"https:\/\/www.budream.com\/de\/shop\/vdl-forest-keeper-ruecksackpumpe-mit-batterie-5l\/","title":{"rendered":"VDL &#8211; FOREST KEEPER R\u00dcCKSACKPUMPE MIT BATTERIE | 5l"},"content":{"rendered":"<p>Die <strong>Forest 5 Keeper<\/strong> Rucksackpumpe ist ein elektronisches Spr\u00fchger\u00e4t mit einer Reichweite von 120 Minuten, das speziell f\u00fcr die Ausbringung von Fl\u00fcssigkeiten wie Pestiziden, Herbiziden oder Bew\u00e4sserung konzipiert ist.<\/p>\n<p>Aufgeladen \u00fcber USB-Anschluss (im Lieferumfang enthalten), mit Kontrollleuchte.<\/p>\n<p>Die Lanze ist aus rostfreiem Stahl gefertigt, um eine lange Lebensdauer zu gew\u00e4hrleisten, ohne das auszubringende Produkt zu besch\u00e4digen.<\/p>\n<p>Ein Spr\u00fchger\u00e4t, das dank seines gepolsterten Schultergurts, mit dem man es problemlos aufladen kann, bequem zu benutzen ist.<\/p>\n<h2>Technische Eigenschaften Rucksackpumpe Forest 5:<\/h2>\n<div class=\"row att-row\">\n<div class=\"col-6\">\n<ul style=\"list-style-type: disc\">\n<li>Fassungsverm\u00f6gen (L) 5<\/li>\n<li>Abmessungen (cm) 239x141x408<\/li>\n<li>Gewicht (kg) 1<\/li>\n<li>Material Rostfreier Stahl<\/li>\n<li>Maximaler Druck 2 bar<\/li>\n<li>Lebensdauer der Batterie (h) Zwei<\/li>\n<\/ul>\n<\/div>\n<\/div>\n","protected":false},"excerpt":{"rendered":"<p>Die Forest 5 Keeper Rucksackpumpe ist ein elektronisches Spr\u00fchger\u00e4t mit einer Reichweite von 120 Minuten, das speziell f\u00fcr die Ausbringung<\/p>\n","protected":false},"featured_media":129363,"comment_status":"open","ping_status":"closed","template":"","meta":[],"product_brand":[],"product_cat":[7929],"product_tag":[],"class_list":{"0":"post-129369","1":"product","2":"type-product","3":"status-publish","4":"has-post-thumbnail","6":"product_cat-pflanzenschutz-und-abwehr","8":"first","9":"outofstock","10":"taxable","11":"shipping-taxable","12":"purchasable","13":"product-type-simple"},"aioseo_notices":[],"_links":{"self":[{"href":"https:\/\/www.budream.com\/de\/wp-json\/wp\/v2\/product\/129369","targetHints":{"allow":["GET"]}}],"collection":[{"href":"https:\/\/www.budream.com\/de\/wp-json\/wp\/v2\/product"}],"about":[{"href":"https:\/\/www.budream.com\/de\/wp-json\/wp\/v2\/types\/product"}],"replies":[{"embeddable":true,"href":"https:\/\/www.budream.com\/de\/wp-json\/wp\/v2\/comments?post=129369"}],"version-history":[{"count":0,"href":"https:\/\/www.budream.com\/de\/wp-json\/wp\/v2\/product\/129369\/revisions"}],"wp:featuredmedia":[{"embeddable":true,"href":"https:\/\/www.budream.com\/de\/wp-json\/wp\/v2\/media\/129363"}],"wp:attachment":[{"href":"https:\/\/www.budream.com\/de\/wp-json\/wp\/v2\/media?parent=129369"}],"wp:term":[{"taxonomy":"product_brand","embeddable":true,"href":"https:\/\/www.budream.com\/de\/wp-json\/wp\/v2\/product_brand?post=129369"},{"taxonomy":"product_cat","embeddable":true,"href":"https:\/\/www.budream.com\/de\/wp-json\/wp\/v2\/product_cat?post=129369"},{"taxonomy":"product_tag","embeddable":true,"href":"https:\/\/www.budream.com\/de\/wp-json\/wp\/v2\/product_tag?post=129369"}],"curies":[{"name":"wp","href":"https:\/\/api.w.org\/{rel}","templated":true}]}}