{"id":129439,"date":"2025-07-30T22:18:36","date_gmt":"2025-07-30T20:18:36","guid":{"rendered":"https:\/\/www.budream.com\/shop\/grenco-science-gpen-roam-verdampfer-fuer-extrakte\/"},"modified":"2025-12-23T21:29:10","modified_gmt":"2025-12-23T19:29:10","slug":"grenco-science-gpen-roam-verdampfer-fuer-extrakte","status":"publish","type":"product","link":"https:\/\/www.budream.com\/de\/shop\/grenco-science-gpen-roam-verdampfer-fuer-extrakte\/","title":{"rendered":"GRENCO SCIENCE &#8211; GPEN ROAM | VERDAMPFER F\u00dcR EXTRAKTE"},"content":{"rendered":"<p>GRENCO Science pr\u00e4sentiert den <strong>Gpen Roam<\/strong>, einen tragbaren All-in-One-Verdampfer, der intuitiv f\u00fcr die Extraktverdampfung mit eingebautem Wasserfilter konzipiert ist.<br \/><strong><strong><br \/><\/strong><\/strong><\/p>\n<h3><span style=\"text-decoration: underline\">Eingebauter Bubbler<\/span><\/h3>\n<p>Ausgestattet mit einem abnehmbaren, auslaufsicheren Bubbler aus Borosilikatglas, der den Dampf filtert und auffrischt, wird das Verdampfen von Extrakten nie wieder dasselbe sein! Ein Tank <strong>aus 100% Quarz<\/strong> und ein leistungsstarker Lithium-Ionen-Akku mit 1.300 mAh vervollst\u00e4ndigen das Paket.<strong><strong><\/p>\n<p><\/strong><\/strong><\/p>\n<h3><span style=\"text-decoration: underline\">Verwalten Sie Ihre Temperatur<\/span><\/h3>\n<p>Der Gpen Roam <strong>passt sich an den Geschmack und die W\u00e4rmevorlieben jedes Benutzers<\/strong> an, dank einer digitalen Temperaturregelung (204&deg; &#8211; 425&deg; C) und einer leicht ablesbaren LED-Anzeige sowie einer taktilen Feedbackfunktion (Vibration), die anzeigt, wann das Ger\u00e4t einsatzbereit ist.<br \/>Der Gpen Roam erreicht die eingestellte Temperatur in nur wenigen Sekunden und liefert schnell und einfach weiche und schmackhafte Z\u00fcge.<\/p>\n<h3><span style=\"text-decoration: underline\">Quarz-Tank<\/span><\/h3>\n<p>Der Quarz-Tank des Gpen Roam heizt nicht nur schneller auf, sondern sorgt auch daf\u00fcr, dass der Geschmack des Rauchmaterials besser zur Geltung kommt, selbst im<strong>hohen Temperaturbereich<\/strong> von 315&deg;C &#8211; 425&deg;C.<br \/>Der Roam wurde mit Blick auf eine diskrete Tragbarkeit entwickelt und ist in einer leichten und dennoch robusten Aluminiumlegierung untergebracht, die den Quarzbeh\u00e4lter und den Glasblubber vollst\u00e4ndig sch\u00fctzt.<\/p>\n<p> Dank der Pass-Through-Technologie kann das Ger\u00e4t auch im eingesteckten Zustand verwendet werden, und alle Teile k\u00f6nnen<strong> leicht entfernt und gereinigt<\/strong> werden. Der G Pen Roam l\u00e4sst sich schnell aufladen, kann w\u00e4hrend des Ladevorgangs verwendet werden und bleibt einen ganzen Tag lang betriebsbereit.<br \/>Jedes komplette G Pen Roam-Kit wird standardm\u00e4\u00dfig in einem <strong>Hanf-Reiseetui<\/strong> geliefert, das Platz f\u00fcr zwei Dosen Konzentrate und eine Zubeh\u00f6rtasche mit einem Micro-USB-Ladekabel und einem GPen-Dabber zum Laden von Konzentraten bietet.<\/p>\n<h2><span style=\"text-decoration: underline\">Eigenschaften Gpen Roam<\/span>:<\/h2>\n<ul style=\"list-style-type: disc\">\n<li>Verdampfer f\u00fcr Extrakte;<\/li>\n<li>eingebauter Bubbler;<\/li>\n<li>digitale Temperaturkontrolle;<\/li>\n<li>LED-Anzeige;<\/li>\n<li>Quarz-Verdampfungskammer;<\/li>\n<li>hoher Temperaturbereich;<\/li>\n<\/ul>\n<p><span style=\"font-size: 14pt\"><span style=\"text-decoration: underline\"><br \/><strong>In der Box enthalten<\/strong><\/span><strong>:<\/strong><br \/><\/span><\/p>\n<ul style=\"list-style-type: disc\">\n<li>1x GPen Roam<\/li>\n<li>1x Quarz-Tank<\/li>\n<li>1x Tankdeckel<\/li>\n<li>1x Mundst\u00fcck<\/li>\n<li>1x Glassprudler<\/li>\n<li>1x Micro-USB-Ladekabel<\/li>\n<li>1x Reiseetui<\/li>\n<li>1x GPEN Dabber<\/li>\n<\/ul>\n","protected":false},"excerpt":{"rendered":"<p>GRENCO Science pr\u00e4sentiert den Gpen Roam, einen tragbaren All-in-One-Verdampfer, der intuitiv f\u00fcr die Extraktverdampfung mit eingebautem Wasserfilter konzipiert ist. Eingebauter<\/p>\n","protected":false},"featured_media":129388,"comment_status":"open","ping_status":"closed","template":"","meta":[],"product_brand":[],"product_cat":[1179],"product_tag":[],"class_list":{"0":"post-129439","1":"product","2":"type-product","3":"status-publish","4":"has-post-thumbnail","6":"product_cat-vaporizzatori","8":"first","9":"instock","10":"taxable","11":"shipping-taxable","12":"purchasable","13":"product-type-simple"},"aioseo_notices":[],"_links":{"self":[{"href":"https:\/\/www.budream.com\/de\/wp-json\/wp\/v2\/product\/129439","targetHints":{"allow":["GET"]}}],"collection":[{"href":"https:\/\/www.budream.com\/de\/wp-json\/wp\/v2\/product"}],"about":[{"href":"https:\/\/www.budream.com\/de\/wp-json\/wp\/v2\/types\/product"}],"replies":[{"embeddable":true,"href":"https:\/\/www.budream.com\/de\/wp-json\/wp\/v2\/comments?post=129439"}],"version-history":[{"count":0,"href":"https:\/\/www.budream.com\/de\/wp-json\/wp\/v2\/product\/129439\/revisions"}],"wp:featuredmedia":[{"embeddable":true,"href":"https:\/\/www.budream.com\/de\/wp-json\/wp\/v2\/media\/129388"}],"wp:attachment":[{"href":"https:\/\/www.budream.com\/de\/wp-json\/wp\/v2\/media?parent=129439"}],"wp:term":[{"taxonomy":"product_brand","embeddable":true,"href":"https:\/\/www.budream.com\/de\/wp-json\/wp\/v2\/product_brand?post=129439"},{"taxonomy":"product_cat","embeddable":true,"href":"https:\/\/www.budream.com\/de\/wp-json\/wp\/v2\/product_cat?post=129439"},{"taxonomy":"product_tag","embeddable":true,"href":"https:\/\/www.budream.com\/de\/wp-json\/wp\/v2\/product_tag?post=129439"}],"curies":[{"name":"wp","href":"https:\/\/api.w.org\/{rel}","templated":true}]}}