{"id":129534,"date":"2025-07-30T22:25:58","date_gmt":"2025-07-30T20:25:58","guid":{"rendered":"https:\/\/www.budream.com\/shop\/stahl-filternetz-fuer-extraktionen-50-mikron-11x11cm\/"},"modified":"2026-02-25T12:54:47","modified_gmt":"2026-02-25T10:54:47","slug":"stahl-filternetz-fuer-extraktionen-50-mikron-11x11cm","status":"publish","type":"product","link":"https:\/\/www.budream.com\/de\/shop\/stahl-filternetz-fuer-extraktionen-50-mikron-11x11cm\/","title":{"rendered":"STAHL-FILTERNETZ F\u00dcR EXTRAKTIONEN | 50 MIKRON 11X11CM"},"content":{"rendered":"<h2><span style=\"text-decoration: underline\">Stahlfiltergewebe f\u00fcr die Gasgewinnung:<\/span><\/h2>\n<ul style=\"list-style-type: disc\">\n<li>100% Stahl<\/li>\n<li>50 Mikrometer<\/li>\n<li>Gr\u00f6\u00dfe: 11&#215;11 cm<\/li>\n<li>1 ST\u00dcCK<\/li>\n<\/ul>\n<p><strong><br \/><\/strong><\/p>\n","protected":false},"excerpt":{"rendered":"<p>Stahlfiltergewebe f\u00fcr die Gasgewinnung: 100% Stahl 50 Mikrometer Gr\u00f6\u00dfe: 11&#215;11 cm 1 ST\u00dcCK<\/p>\n","protected":false},"featured_media":129528,"comment_status":"open","ping_status":"closed","template":"","meta":[],"product_brand":[],"product_cat":[7947],"product_tag":[],"class_list":{"0":"post-129534","1":"product","2":"type-product","3":"status-publish","4":"has-post-thumbnail","6":"product_cat-headshop-de","8":"first","9":"instock","10":"taxable","11":"shipping-taxable","12":"purchasable","13":"product-type-simple"},"_links":{"self":[{"href":"https:\/\/www.budream.com\/de\/wp-json\/wp\/v2\/product\/129534","targetHints":{"allow":["GET"]}}],"collection":[{"href":"https:\/\/www.budream.com\/de\/wp-json\/wp\/v2\/product"}],"about":[{"href":"https:\/\/www.budream.com\/de\/wp-json\/wp\/v2\/types\/product"}],"replies":[{"embeddable":true,"href":"https:\/\/www.budream.com\/de\/wp-json\/wp\/v2\/comments?post=129534"}],"version-history":[{"count":0,"href":"https:\/\/www.budream.com\/de\/wp-json\/wp\/v2\/product\/129534\/revisions"}],"wp:featuredmedia":[{"embeddable":true,"href":"https:\/\/www.budream.com\/de\/wp-json\/wp\/v2\/media\/129528"}],"wp:attachment":[{"href":"https:\/\/www.budream.com\/de\/wp-json\/wp\/v2\/media?parent=129534"}],"wp:term":[{"taxonomy":"product_brand","embeddable":true,"href":"https:\/\/www.budream.com\/de\/wp-json\/wp\/v2\/product_brand?post=129534"},{"taxonomy":"product_cat","embeddable":true,"href":"https:\/\/www.budream.com\/de\/wp-json\/wp\/v2\/product_cat?post=129534"},{"taxonomy":"product_tag","embeddable":true,"href":"https:\/\/www.budream.com\/de\/wp-json\/wp\/v2\/product_tag?post=129534"}],"curies":[{"name":"wp","href":"https:\/\/api.w.org\/{rel}","templated":true}]}}