{"id":129544,"date":"2025-07-30T22:26:26","date_gmt":"2025-07-30T20:26:26","guid":{"rendered":"https:\/\/www.budream.com\/shop\/stahl-filter-retin-fuer-extraktionen-110-micron-10x10cm-3pcs\/"},"modified":"2026-02-25T12:54:12","modified_gmt":"2026-02-25T10:54:12","slug":"stahl-filter-retin-fuer-extraktionen-110-micron-10x10cm-3pcs","status":"publish","type":"product","link":"https:\/\/www.budream.com\/de\/shop\/stahl-filter-retin-fuer-extraktionen-110-micron-10x10cm-3pcs\/","title":{"rendered":"STAHL FILTER RETIN F\u00dcR EXTRAKTIONEN | 110 MICRON 10X10CM 3pcs"},"content":{"rendered":"<h2><span style=\"text-decoration: underline\">Stahlfiltergewebe f\u00fcr die Gasgewinnung:<\/span><\/h2>\n<p><\/p>\n<ul style=\"list-style-type: disc\">\n<li>100% Stahl<\/li>\n<li>110 Mikron<\/li>\n<li>Gr\u00f6\u00dfe: 10&#215;10 cm<\/li>\n<li>3 ST\u00dcCKE<\/li>\n<\/ul>\n<p><strong><br \/><\/strong><\/p>\n","protected":false},"excerpt":{"rendered":"<p>Stahlfiltergewebe f\u00fcr die Gasgewinnung: 100% Stahl 110 Mikron Gr\u00f6\u00dfe: 10&#215;10 cm 3 ST\u00dcCKE<\/p>\n","protected":false},"featured_media":129538,"comment_status":"open","ping_status":"closed","template":"","meta":[],"product_brand":[],"product_cat":[7947],"product_tag":[],"class_list":{"0":"post-129544","1":"product","2":"type-product","3":"status-publish","4":"has-post-thumbnail","6":"product_cat-headshop-de","8":"first","9":"outofstock","10":"taxable","11":"shipping-taxable","12":"purchasable","13":"product-type-simple"},"_links":{"self":[{"href":"https:\/\/www.budream.com\/de\/wp-json\/wp\/v2\/product\/129544","targetHints":{"allow":["GET"]}}],"collection":[{"href":"https:\/\/www.budream.com\/de\/wp-json\/wp\/v2\/product"}],"about":[{"href":"https:\/\/www.budream.com\/de\/wp-json\/wp\/v2\/types\/product"}],"replies":[{"embeddable":true,"href":"https:\/\/www.budream.com\/de\/wp-json\/wp\/v2\/comments?post=129544"}],"version-history":[{"count":0,"href":"https:\/\/www.budream.com\/de\/wp-json\/wp\/v2\/product\/129544\/revisions"}],"wp:featuredmedia":[{"embeddable":true,"href":"https:\/\/www.budream.com\/de\/wp-json\/wp\/v2\/media\/129538"}],"wp:attachment":[{"href":"https:\/\/www.budream.com\/de\/wp-json\/wp\/v2\/media?parent=129544"}],"wp:term":[{"taxonomy":"product_brand","embeddable":true,"href":"https:\/\/www.budream.com\/de\/wp-json\/wp\/v2\/product_brand?post=129544"},{"taxonomy":"product_cat","embeddable":true,"href":"https:\/\/www.budream.com\/de\/wp-json\/wp\/v2\/product_cat?post=129544"},{"taxonomy":"product_tag","embeddable":true,"href":"https:\/\/www.budream.com\/de\/wp-json\/wp\/v2\/product_tag?post=129544"}],"curies":[{"name":"wp","href":"https:\/\/api.w.org\/{rel}","templated":true}]}}