{"id":129569,"date":"2025-07-30T22:27:55","date_gmt":"2025-07-30T20:27:55","guid":{"rendered":"https:\/\/www.budream.com\/shop\/510-keramikkartusche-fuer-e-liquids-konzentrate-und-extrakte-05-ml\/"},"modified":"2025-12-19T15:50:10","modified_gmt":"2025-12-19T13:50:10","slug":"510-keramikkartusche-fuer-e-liquids-konzentrate-und-extrakte-05-ml","status":"publish","type":"product","link":"https:\/\/www.budream.com\/de\/shop\/510-keramikkartusche-fuer-e-liquids-konzentrate-und-extrakte-05-ml\/","title":{"rendered":"510 KERAMIKKARTUSCHE F\u00dcR E-LIQUIDS, KONZENTRATE UND EXTRAKTE | 0,5 ML"},"content":{"rendered":"<p>Mit dieser Patrone k\u00f6nnen Sie Extrakte mit Glykol oder MCT-\u00d6l verd\u00fcnnt konsumieren. Die Keramik ersetzt Spulen mit Bio-Baumwolle, die Vermeidung von Produktverbrennungen und die Verl\u00e4ngerung der Lebensdauer der Patrone.<span style=\"text-decoration: underline\"><\/p>\n<p><\/span><\/p>\n<h2><span style=\"text-decoration: underline\">Keramische Zerst\u00e4uberpatrone:<\/span><\/h2>\n<ul style=\"list-style-type: disc\">\n<li><strong>Keramischer<\/strong> Zerst\u00e4uber und Mundst\u00fcck;<\/li>\n<li>Fassungsverm\u00f6gen: 0,5 ml;<\/li>\n<li><strong>510er Anschluss;<\/strong><\/li>\n<li>Wiederverwendbar;<\/li>\n<li>Schwarze Farbe;<\/li>\n<li>Hervorragend geeignet f\u00fcr \u00d6le und Extrakte, verd\u00fcnnt mit E-Liquid-Basen;<\/li>\n<li>1 St\u00fcck;<\/li>\n<\/ul>\n<p>ACHTUNG: Bitte beachten Sie, dass die Kartuschen vor dem Einschalten des Ger\u00e4ts mit dem entsprechenden Liquid bef\u00fcllt werden m\u00fcssen. Es wird empfohlen, nach dem Bef\u00fcllen 10 Minuten zu warten, damit sich die Zellulose ausreichend vollsaugen kann. Schalten Sie das Ger\u00e4t niemals ein, wenn die Kartusche leer ist! \u00dcberf\u00fcllen Sie niemals die Fl\u00fcssigkeit, beachten Sie die F\u00fcllangaben in der Gebrauchsanweisung.<\/p>\n","protected":false},"excerpt":{"rendered":"<p>Mit dieser Patrone k\u00f6nnen Sie Extrakte mit Glykol oder MCT-\u00d6l verd\u00fcnnt konsumieren. Die Keramik ersetzt Spulen mit Bio-Baumwolle, die Vermeidung<\/p>\n","protected":false},"featured_media":129563,"comment_status":"open","ping_status":"closed","template":"","meta":[],"product_brand":[],"product_cat":[1179],"product_tag":[],"class_list":{"0":"post-129569","1":"product","2":"type-product","3":"status-publish","4":"has-post-thumbnail","6":"product_cat-vaporizzatori","8":"first","9":"instock","10":"taxable","11":"shipping-taxable","12":"purchasable","13":"product-type-simple"},"_links":{"self":[{"href":"https:\/\/www.budream.com\/de\/wp-json\/wp\/v2\/product\/129569","targetHints":{"allow":["GET"]}}],"collection":[{"href":"https:\/\/www.budream.com\/de\/wp-json\/wp\/v2\/product"}],"about":[{"href":"https:\/\/www.budream.com\/de\/wp-json\/wp\/v2\/types\/product"}],"replies":[{"embeddable":true,"href":"https:\/\/www.budream.com\/de\/wp-json\/wp\/v2\/comments?post=129569"}],"version-history":[{"count":0,"href":"https:\/\/www.budream.com\/de\/wp-json\/wp\/v2\/product\/129569\/revisions"}],"wp:featuredmedia":[{"embeddable":true,"href":"https:\/\/www.budream.com\/de\/wp-json\/wp\/v2\/media\/129563"}],"wp:attachment":[{"href":"https:\/\/www.budream.com\/de\/wp-json\/wp\/v2\/media?parent=129569"}],"wp:term":[{"taxonomy":"product_brand","embeddable":true,"href":"https:\/\/www.budream.com\/de\/wp-json\/wp\/v2\/product_brand?post=129569"},{"taxonomy":"product_cat","embeddable":true,"href":"https:\/\/www.budream.com\/de\/wp-json\/wp\/v2\/product_cat?post=129569"},{"taxonomy":"product_tag","embeddable":true,"href":"https:\/\/www.budream.com\/de\/wp-json\/wp\/v2\/product_tag?post=129569"}],"curies":[{"name":"wp","href":"https:\/\/api.w.org\/{rel}","templated":true}]}}