{"id":129584,"date":"2025-07-30T22:28:35","date_gmt":"2025-07-30T20:28:35","guid":{"rendered":"https:\/\/www.budream.com\/shop\/enecta-cbg-crystals-99-rein-05g\/"},"modified":"2025-12-16T17:57:10","modified_gmt":"2025-12-16T15:57:10","slug":"enecta-cbg-crystals-99-rein-05g","status":"publish","type":"product","link":"https:\/\/www.budream.com\/de\/shop\/enecta-cbg-crystals-99-rein-05g\/","title":{"rendered":"ENECTA &#8211; CBG CRYSTALS (99% REIN) | 0,5g"},"content":{"rendered":"<p>Cannabigerol, der Vater aller Cannabinoide, ist ein erst k\u00fcrzlich entdecktes Phytocannabinoid, das f\u00fcr die Synthese aller anderen Cannabinoide verantwortlich ist und keine Nebenwirkungen und <strong>zahlreiche positive Wirkungen<\/strong> hat. Wie Cannabidiol hat es keine psychotropen Wirkungen, ist aber Gegenstand zahlreicher Studien in verschiedenen therapeutischen Bereichen und hat sich in vielen dieser Bereiche als besonders wirksam erwiesen, wenn es allein oder im Wechsel mit CBD eingenommen wird.<\/p>\n<p>Es wird oft als Vater aller Cannabinoide bezeichnet, und das nicht von ungef\u00e4hr: Wie ein f\u00fcrsorglicher Vater &#8222;beugt&#8220; sich CBG den Bed\u00fcrfnissen der Natur und bringt die anderen Bestandteile von Cannabis wie CBD und THC hervor. Es ist ein nat\u00fcrliches Produkt, ohne Pestizide oder Herbizide, das direkt aus unseren Pflanzen in Italien gewonnen und von unabh\u00e4ngigen Labors getestet wird, um Sicherheit und h\u00f6chste Qualit\u00e4t zu gew\u00e4hrleisten.<\/p>\n<p>Der Extraktionsprozess wird bei jedem Schritt \u00fcberwacht, um maximale Qualit\u00e4t und Sicherheit zu gew\u00e4hrleisten. Die Hanfpflanzen, die wir als Rohstoff f\u00fcr unsere Produkte ausw\u00e4hlen, stammen aus <strong>zertifiziertem biologischem<\/strong> Anbau.<strong><br \/><\/strong><\/p>\n<h2><span style=\"text-decoration: underline\">Eigenschaften von Enecta CBG Crystals<\/span>:<\/h2>\n<p> <strong>CBG-Kristalle<\/strong> sind eine un\u00fcbersehbare Neuheit, die aus der Extraktion eines der revolution\u00e4rsten nicht-psychoaktiven Cannabinoide in der Sativa-Hanfpflanze gewonnen wird; CBG-Kristalle sind <strong>zu 99% rein<\/strong>. <br \/>Es handelt sich um ein ganz besonderes Phytocannabinoid, das f\u00fcr die Synthese aller anderen Cannabinoide, einschlie\u00dflich CBD und THC, verantwortlich ist. <br \/>Im Gegensatz zu letzterem hat es keine drogen\u00e4hnlichen oder psychoaktiven Wirkungen, sondern nur vorteilhafte Wirkungen, die in j\u00fcngster Zeit von mehreren wissenschaftlichen Gemeinschaften erforscht worden sind. <br \/>Diese Art von Extrakt eignet sich perfekt zum Verdampfen, kann aber auch in einem Getr\u00e4nk, einer Speise oder sublingual verd\u00fcnnt werden, um die zahlreichen Eigenschaften von Cannabigerol zu genie\u00dfen. <\/p>\n<p>Enecta <strong>CBG Crystals<\/strong> sind ein nat\u00fcrliches Produkt, <strong>das aus den besten<\/strong> italienischen <strong>Pflanzen<\/strong> aus ausschlie\u00dflich biologischem Anbau <strong>gewonnen wird<\/strong>, die keine Pestizide und chemischen Zus\u00e4tze verwenden. Der Extraktionsprozess wird in jeder Phase \u00fcberwacht und das Endprodukt in spezialisierten Labors getestet, die seine<strong> Qualit\u00e4t und Sicherheit<\/strong> garantieren<strong>.<\/strong><\/p>\n<p><strong>Inhalt<\/strong>: 99% CBG-Kristalle 1% Terpene<br \/><strong>Gewicht<\/strong>: 0,5 gr<\/p>\n","protected":false},"excerpt":{"rendered":"<p>Cannabigerol, der Vater aller Cannabinoide, ist ein erst k\u00fcrzlich entdecktes Phytocannabinoid, das f\u00fcr die Synthese aller anderen Cannabinoide verantwortlich ist<\/p>\n","protected":false},"featured_media":129573,"comment_status":"open","ping_status":"closed","template":"","meta":[],"product_brand":[],"product_cat":[7912],"product_tag":[],"class_list":{"0":"post-129584","1":"product","2":"type-product","3":"status-publish","4":"has-post-thumbnail","6":"product_cat-kosmetik","8":"first","9":"instock","10":"taxable","11":"shipping-taxable","12":"purchasable","13":"product-type-simple"},"_links":{"self":[{"href":"https:\/\/www.budream.com\/de\/wp-json\/wp\/v2\/product\/129584","targetHints":{"allow":["GET"]}}],"collection":[{"href":"https:\/\/www.budream.com\/de\/wp-json\/wp\/v2\/product"}],"about":[{"href":"https:\/\/www.budream.com\/de\/wp-json\/wp\/v2\/types\/product"}],"replies":[{"embeddable":true,"href":"https:\/\/www.budream.com\/de\/wp-json\/wp\/v2\/comments?post=129584"}],"version-history":[{"count":0,"href":"https:\/\/www.budream.com\/de\/wp-json\/wp\/v2\/product\/129584\/revisions"}],"wp:featuredmedia":[{"embeddable":true,"href":"https:\/\/www.budream.com\/de\/wp-json\/wp\/v2\/media\/129573"}],"wp:attachment":[{"href":"https:\/\/www.budream.com\/de\/wp-json\/wp\/v2\/media?parent=129584"}],"wp:term":[{"taxonomy":"product_brand","embeddable":true,"href":"https:\/\/www.budream.com\/de\/wp-json\/wp\/v2\/product_brand?post=129584"},{"taxonomy":"product_cat","embeddable":true,"href":"https:\/\/www.budream.com\/de\/wp-json\/wp\/v2\/product_cat?post=129584"},{"taxonomy":"product_tag","embeddable":true,"href":"https:\/\/www.budream.com\/de\/wp-json\/wp\/v2\/product_tag?post=129584"}],"curies":[{"name":"wp","href":"https:\/\/api.w.org\/{rel}","templated":true}]}}