{"id":129614,"date":"2025-07-30T22:29:06","date_gmt":"2025-07-30T20:29:06","guid":{"rendered":"https:\/\/www.budream.com\/shop\/flowermate-cap-pro-verdampfer\/"},"modified":"2026-04-20T14:18:59","modified_gmt":"2026-04-20T12:18:59","slug":"flowermate-cap-pro-verdampfer","status":"publish","type":"product","link":"https:\/\/www.budream.com\/de\/shop\/flowermate-cap-pro-verdampfer\/","title":{"rendered":"FLOWERMATE &#8211; CAP PRO | VERDAMPFER"},"content":{"rendered":"<p>Der <strong>CAP PRO<\/strong> von Flowermate ist ein Verdampfer mit fortschrittlicher Technologie und hoher Leistung. Das \u00c4u\u00dfere des CAP PRO besteht aus thermoplastischem POK-Material und Aluminium, was das Ger\u00e4t langlebig und leicht macht.<\/p>\n<p>Der Flowermate CAP PRO ist nur 10,5 cm hoch und passt damit perfekt in Ihre Handfl\u00e4che. <br \/>Mit seinem leistungsstarken 2000-mAh-Akku ist der CAP PRO in der Lage, die eingestellte Temperatur in 30 Sekunden zu erreichen &#8211; perfekt f\u00fcr schnelle und diskrete ganzt\u00e4gige Sessions, egal wo Sie sind.<\/p>\n<p>Im Gegensatz zum ersten CAP k\u00f6nnen Sie bei diesem Ger\u00e4t den Temperaturbereich <strong>von 40 \u2103 bis 230 \u2103<\/strong> einstellen <strong>, um<\/strong> die Nutzung Ihrer Kr\u00e4uter zu maximieren und jede Sitzung zu optimieren.<br \/>Ein taktiles Feedback (Vibration) zeigt Ihnen an, wenn das Ger\u00e4t die eingestellte Temperatur erreicht hat.<\/p>\n<h3><strong>Magnetisches Mundst\u00fcck <\/strong><\/h3>\n<p>Das Mundst\u00fcck mit Magnethalterung l\u00e4sst sich leicht abnehmen, um die Kr\u00e4uter zu laden und die Verdampfungskammer zu reinigen. Das Mundst\u00fcck kann auch f\u00fcr eine gr\u00fcndliche Reinigung abgenommen werden.<\/p>\n<h3><strong>Zirkoniumdioxid-Dampfpfad<\/strong><\/h3>\n<p>Der mit Zirkoniumdioxid isolierte Luftweg des Cap Pro wurde entwickelt, um den Dampf zu k\u00fchlen, bevor er inhaliert wird. Zirkoniumdioxid garantiert einen reineren Geschmack Ihrer Kr\u00e4uter.<\/p>\n<p><\/p>\n<h2><span style=\"text-decoration: underline\"><strong>Merkmale Flowermate Cap Pro:<\/strong><br \/><\/span><\/h2>\n<ul style=\"list-style-type: disc\">\n<li>Heizkammer aus rostfreiem Stahl;<\/li>\n<li>Zirkoniumdioxid-Dampfpfad;<\/li>\n<li>Aufheizen in 30 Sekunden;<\/li>\n<li>Volle Temperaturkontrolle;<\/li>\n<li>Kleine Gr\u00f6\u00dfe;<\/li>\n<li>Taktile R\u00fcckmeldung;<\/li>\n<li>Aluminiumgeh\u00e4use mit matter Oberfl\u00e4che;<\/li>\n<\/ul>\n<p><\/p>\n<h2><span style=\"text-decoration: underline\"><strong>Technische Daten Flowermate Cap Pro<\/strong>:<br \/><\/span><\/h2>\n<ul style=\"list-style-type: disc\">\n<li>Temperaturbereich: 40 \u2103 &#8211; 230 \u2103<\/li>\n<li>Sitzungen pro Ladung: 18-20 Sitzungen<\/li>\n<li>Sitzungsdauer: 5-Minuten-Timer-Automatik<\/li>\n<li>Interne Batteriekapazit\u00e4t: 2000 mAh Lithium-Batterie<\/li>\n<li>Aufladezeit: 1 Stunde<\/li>\n<li>Ausgangsspannung: 3,7 V<\/li>\n<li>Abmessungen: 105 mm x 24 mm x 45 mm<\/li>\n<li>Nettogewicht: 90 g<\/li>\n<\/ul>\n","protected":false},"excerpt":{"rendered":"<p>Der CAP PRO von Flowermate ist ein Verdampfer mit fortschrittlicher Technologie und hoher Leistung. Das \u00c4u\u00dfere des CAP PRO besteht<\/p>\n","protected":false},"featured_media":129588,"comment_status":"open","ping_status":"closed","template":"","meta":[],"product_brand":[],"product_cat":[7907],"product_tag":[],"class_list":{"0":"post-129614","1":"product","2":"type-product","3":"status-publish","4":"has-post-thumbnail","6":"product_cat-verdampfer","8":"first","9":"instock","10":"sale","11":"taxable","12":"shipping-taxable","13":"purchasable","14":"product-type-simple"},"aioseo_notices":[],"_links":{"self":[{"href":"https:\/\/www.budream.com\/de\/wp-json\/wp\/v2\/product\/129614","targetHints":{"allow":["GET"]}}],"collection":[{"href":"https:\/\/www.budream.com\/de\/wp-json\/wp\/v2\/product"}],"about":[{"href":"https:\/\/www.budream.com\/de\/wp-json\/wp\/v2\/types\/product"}],"replies":[{"embeddable":true,"href":"https:\/\/www.budream.com\/de\/wp-json\/wp\/v2\/comments?post=129614"}],"version-history":[{"count":0,"href":"https:\/\/www.budream.com\/de\/wp-json\/wp\/v2\/product\/129614\/revisions"}],"wp:featuredmedia":[{"embeddable":true,"href":"https:\/\/www.budream.com\/de\/wp-json\/wp\/v2\/media\/129588"}],"wp:attachment":[{"href":"https:\/\/www.budream.com\/de\/wp-json\/wp\/v2\/media?parent=129614"}],"wp:term":[{"taxonomy":"product_brand","embeddable":true,"href":"https:\/\/www.budream.com\/de\/wp-json\/wp\/v2\/product_brand?post=129614"},{"taxonomy":"product_cat","embeddable":true,"href":"https:\/\/www.budream.com\/de\/wp-json\/wp\/v2\/product_cat?post=129614"},{"taxonomy":"product_tag","embeddable":true,"href":"https:\/\/www.budream.com\/de\/wp-json\/wp\/v2\/product_tag?post=129614"}],"curies":[{"name":"wp","href":"https:\/\/api.w.org\/{rel}","templated":true}]}}