{"id":129624,"date":"2025-07-30T22:29:35","date_gmt":"2025-07-30T20:29:35","guid":{"rendered":"https:\/\/www.budream.com\/shop\/flowermate-v5-nano-mundstueck\/"},"modified":"2026-04-20T14:19:19","modified_gmt":"2026-04-20T12:19:19","slug":"flowermate-v5-nano-mundstueck","status":"publish","type":"product","link":"https:\/\/www.budream.com\/de\/shop\/flowermate-v5-nano-mundstueck\/","title":{"rendered":"FLOWERMATE &#8211; V5 NANO MUNDST\u00dcCK"},"content":{"rendered":"<p>Ersatzmundst\u00fcck f\u00fcr Flowermate V5 NANO.<\/p>\n","protected":false},"excerpt":{"rendered":"<p>Ersatzmundst\u00fcck f\u00fcr Flowermate V5 NANO.<\/p>\n","protected":false},"featured_media":129618,"comment_status":"open","ping_status":"closed","template":"","meta":[],"product_brand":[],"product_cat":[7907],"product_tag":[],"class_list":{"0":"post-129624","1":"product","2":"type-product","3":"status-publish","4":"has-post-thumbnail","6":"product_cat-verdampfer","8":"first","9":"instock","10":"sale","11":"taxable","12":"shipping-taxable","13":"purchasable","14":"product-type-simple"},"aioseo_notices":[],"_links":{"self":[{"href":"https:\/\/www.budream.com\/de\/wp-json\/wp\/v2\/product\/129624","targetHints":{"allow":["GET"]}}],"collection":[{"href":"https:\/\/www.budream.com\/de\/wp-json\/wp\/v2\/product"}],"about":[{"href":"https:\/\/www.budream.com\/de\/wp-json\/wp\/v2\/types\/product"}],"replies":[{"embeddable":true,"href":"https:\/\/www.budream.com\/de\/wp-json\/wp\/v2\/comments?post=129624"}],"version-history":[{"count":0,"href":"https:\/\/www.budream.com\/de\/wp-json\/wp\/v2\/product\/129624\/revisions"}],"wp:featuredmedia":[{"embeddable":true,"href":"https:\/\/www.budream.com\/de\/wp-json\/wp\/v2\/media\/129618"}],"wp:attachment":[{"href":"https:\/\/www.budream.com\/de\/wp-json\/wp\/v2\/media?parent=129624"}],"wp:term":[{"taxonomy":"product_brand","embeddable":true,"href":"https:\/\/www.budream.com\/de\/wp-json\/wp\/v2\/product_brand?post=129624"},{"taxonomy":"product_cat","embeddable":true,"href":"https:\/\/www.budream.com\/de\/wp-json\/wp\/v2\/product_cat?post=129624"},{"taxonomy":"product_tag","embeddable":true,"href":"https:\/\/www.budream.com\/de\/wp-json\/wp\/v2\/product_tag?post=129624"}],"curies":[{"name":"wp","href":"https:\/\/api.w.org\/{rel}","templated":true}]}}