{"id":129634,"date":"2025-07-30T22:31:39","date_gmt":"2025-07-30T20:31:39","guid":{"rendered":"https:\/\/www.budream.com\/shop\/hash-shaker-xl\/"},"modified":"2026-01-09T16:32:08","modified_gmt":"2026-01-09T14:32:08","slug":"hash-shaker-xl","status":"publish","type":"product","link":"https:\/\/www.budream.com\/de\/shop\/hash-shaker-xl\/","title":{"rendered":"HASH SHAKER | XL"},"content":{"rendered":"<p>Hash-Shaker-Extraktoren werden zur manuellen Herstellung von Pollen und zur Trockensiebung verwendet: Einfach die Bl\u00fctenst\u00e4nde oder das Schnittgut in den Hash-Shaker geben, einige Minuten lang sch\u00fctteln und das Ergebnis am Boden des Extraktors auffangen.<br \/>Es wird empfohlen, den Extraktor und das Material vor der Extraktion f\u00fcr einige Minuten in den Gefrierschrank zu stellen: Dies erleichtert die Trennung der Trichome vom Material.<br \/><span style=\"text-decoration: underline\"><br \/><\/span><\/p>\n<h2><span style=\"text-decoration: underline\">Merkmale manueller Pollenextraktor und Trockensieb:<\/span><\/h2>\n<ul>\n<li>Gr\u00f6\u00dfe: XL<\/li>\n<li>Maschenweite: 160 Mikron<\/li>\n<li>L\u00e4nge: 19 cm<\/li>\n<li>Durchmesser: 16,5 cm<\/li>\n<\/ul>\n","protected":false},"excerpt":{"rendered":"<p>Hash-Shaker-Extraktoren werden zur manuellen Herstellung von Pollen und zur Trockensiebung verwendet: Einfach die Bl\u00fctenst\u00e4nde oder das Schnittgut in den Hash-Shaker<\/p>\n","protected":false},"featured_media":124593,"comment_status":"open","ping_status":"closed","template":"","meta":[],"product_brand":[],"product_cat":[7947],"product_tag":[],"class_list":{"0":"post-129634","1":"product","2":"type-product","3":"status-publish","4":"has-post-thumbnail","6":"product_cat-headshop-de","8":"first","9":"instock","10":"taxable","11":"shipping-taxable","12":"purchasable","13":"product-type-simple"},"aioseo_notices":[],"_links":{"self":[{"href":"https:\/\/www.budream.com\/de\/wp-json\/wp\/v2\/product\/129634","targetHints":{"allow":["GET"]}}],"collection":[{"href":"https:\/\/www.budream.com\/de\/wp-json\/wp\/v2\/product"}],"about":[{"href":"https:\/\/www.budream.com\/de\/wp-json\/wp\/v2\/types\/product"}],"replies":[{"embeddable":true,"href":"https:\/\/www.budream.com\/de\/wp-json\/wp\/v2\/comments?post=129634"}],"version-history":[{"count":0,"href":"https:\/\/www.budream.com\/de\/wp-json\/wp\/v2\/product\/129634\/revisions"}],"wp:featuredmedia":[{"embeddable":true,"href":"https:\/\/www.budream.com\/de\/wp-json\/wp\/v2\/media\/124593"}],"wp:attachment":[{"href":"https:\/\/www.budream.com\/de\/wp-json\/wp\/v2\/media?parent=129634"}],"wp:term":[{"taxonomy":"product_brand","embeddable":true,"href":"https:\/\/www.budream.com\/de\/wp-json\/wp\/v2\/product_brand?post=129634"},{"taxonomy":"product_cat","embeddable":true,"href":"https:\/\/www.budream.com\/de\/wp-json\/wp\/v2\/product_cat?post=129634"},{"taxonomy":"product_tag","embeddable":true,"href":"https:\/\/www.budream.com\/de\/wp-json\/wp\/v2\/product_tag?post=129634"}],"curies":[{"name":"wp","href":"https:\/\/api.w.org\/{rel}","templated":true}]}}