{"id":129664,"date":"2025-07-30T22:33:07","date_gmt":"2025-07-30T20:33:07","guid":{"rendered":"https:\/\/www.budream.com\/shop\/flortis-buchsbaumzuensler-falle-mit-pheromon\/"},"modified":"2025-11-20T17:44:37","modified_gmt":"2025-11-20T15:44:37","slug":"flortis-buchsbaumzuensler-falle-mit-pheromon","status":"publish","type":"product","link":"https:\/\/www.budream.com\/de\/shop\/flortis-buchsbaumzuensler-falle-mit-pheromon\/","title":{"rendered":"FLORTIS &#8211; BUCHSBAUMZ\u00dcNSLER-FALLE MIT PHEROMON"},"content":{"rendered":"<p>Eine <strong>Falle f\u00fcr den Buchsbaumz\u00fcnsler (<em>Cydalima perspectalis<\/em><\/strong>), dessen Larven schnell die Bl\u00e4tter des Buchsbaums abfressen, die sich ockergelb verf\u00e4rben, was zu einem schnellen Verfall der Pflanze f\u00fchrt.<\/p>\n<p>Diese Falle eignet sich f\u00fcr die Beobachtung des Insekts im Stadium des erwachsenen Schmetterlings und verwendet eine synthetische Nachbildung des vom Weibchen produzierten Dufts, um die M\u00e4nnchen in die Falle zu locken, wo sie auf dem mit Klebstoff \u00fcberzogenen Tr\u00e4ger haften bleiben. Durch das Einfangen der m\u00e4nnlichen Insekten werden die Befruchtung und die Anzahl der gelegten Eier reduziert.<\/p>\n<h2><span style=\"text-decoration: underline\"><strong><br \/>Anwendung der Buchsbaumz\u00fcnslerfalle von Flortis:<\/strong><\/span><\/h2>\n<p><strong>Doppelte Verwendung, h\u00e4ngend:<\/strong> Entfernen Sie das Silikonpapier, das die Klebeschicht auf beiden Seiten sch\u00fctzt, legen Sie das Pheromon in den Schlitz, stecken Sie den Draht in das Loch und h\u00e4ngen Sie die Falle auf.<\/p>\n<p><strong>In den Boden eingelassen:<\/strong> das Silikonpapier, das die Klebeschicht auf beiden Seiten sch\u00fctzt, entfernen, das Pheromon in den Schlitz einlegen, die Falle mit dem mitgelieferten Holzstab in den Boden einstecken, nachdem sie in die beiden L\u00f6cher eingef\u00fchrt wurde. Es ist ratsam, die Fallen von Ende April bis Ende August aufzustellen, da die Motte im Boden im Puppenstadium \u00fcberwintert. Die ersten erwachsenen Falter flackern am Ende des Winters, obwohl die Fl\u00fcge erst ab der ersten Junih\u00e4lfte signifikant werden. Es wird daher empfohlen, Fallen von Ende April bis Ende August aufzustellen. Eine Falle reicht f\u00fcr die Kontrolle\/\u00dcberwachung von 3 bis 5 B\u00e4umen (in einem Umkreis von 15 m). Ersetzen Sie die Falle, wenn sie voll mit Insekten ist oder nach 6 bis 8 Wochen der Anwendung.<\/p>\n<p><strong>Inhalt der Packung:<\/strong><\/p>\n<ul style=\"list-style-type: disc\">\n<li>1 gelbe Falle mit zwei Klebeseiten,<\/li>\n<li>1 Schnur zum Aufh\u00e4ngen,<\/li>\n<li>1 Holzstab zum Einstecken in den Boden,<\/li>\n<li>1 Pheromonk\u00f6der.<\/li>\n<\/ul>\n","protected":false},"excerpt":{"rendered":"<p>Eine Falle f\u00fcr den Buchsbaumz\u00fcnsler (Cydalima perspectalis), dessen Larven schnell die Bl\u00e4tter des Buchsbaums abfressen, die sich ockergelb verf\u00e4rben, was<\/p>\n","protected":false},"featured_media":129638,"comment_status":"open","ping_status":"closed","template":"","meta":[],"product_brand":[],"product_cat":[7929],"product_tag":[],"class_list":{"0":"post-129664","1":"product","2":"type-product","3":"status-publish","4":"has-post-thumbnail","6":"product_cat-pflanzenschutz-und-abwehr","8":"first","9":"instock","10":"taxable","11":"shipping-taxable","12":"purchasable","13":"product-type-simple"},"aioseo_notices":[],"_links":{"self":[{"href":"https:\/\/www.budream.com\/de\/wp-json\/wp\/v2\/product\/129664","targetHints":{"allow":["GET"]}}],"collection":[{"href":"https:\/\/www.budream.com\/de\/wp-json\/wp\/v2\/product"}],"about":[{"href":"https:\/\/www.budream.com\/de\/wp-json\/wp\/v2\/types\/product"}],"replies":[{"embeddable":true,"href":"https:\/\/www.budream.com\/de\/wp-json\/wp\/v2\/comments?post=129664"}],"version-history":[{"count":0,"href":"https:\/\/www.budream.com\/de\/wp-json\/wp\/v2\/product\/129664\/revisions"}],"wp:featuredmedia":[{"embeddable":true,"href":"https:\/\/www.budream.com\/de\/wp-json\/wp\/v2\/media\/129638"}],"wp:attachment":[{"href":"https:\/\/www.budream.com\/de\/wp-json\/wp\/v2\/media?parent=129664"}],"wp:term":[{"taxonomy":"product_brand","embeddable":true,"href":"https:\/\/www.budream.com\/de\/wp-json\/wp\/v2\/product_brand?post=129664"},{"taxonomy":"product_cat","embeddable":true,"href":"https:\/\/www.budream.com\/de\/wp-json\/wp\/v2\/product_cat?post=129664"},{"taxonomy":"product_tag","embeddable":true,"href":"https:\/\/www.budream.com\/de\/wp-json\/wp\/v2\/product_tag?post=129664"}],"curies":[{"name":"wp","href":"https:\/\/api.w.org\/{rel}","templated":true}]}}