{"id":129714,"date":"2025-07-30T22:34:24","date_gmt":"2025-07-30T20:34:24","guid":{"rendered":"https:\/\/www.budream.com\/shop\/puffco-spitze-zerstaeuber\/"},"modified":"2026-02-03T11:35:00","modified_gmt":"2026-02-03T09:35:00","slug":"puffco-spitze-zerstaeuber","status":"publish","type":"product","link":"https:\/\/www.budream.com\/de\/shop\/puffco-spitze-zerstaeuber\/","title":{"rendered":"PUFFCO &#8211; SPITZE ZERST\u00c4UBER"},"content":{"rendered":"<p class=\"p1\">Der Peak-Zerst\u00e4uber ist ein thermischer Banger, der f\u00fcr eine optimale W\u00e4rmeleistung entwickelt wurde. Er wird ohne Spulen oder externe Widerst\u00e4nde, Klebstoffe, Kunststoffe oder Fasern hergestellt und bietet so das reinste Raucherlebnis aller Zeiten. <\/p>\n<p>Er enth\u00e4lt eine Keramikschale, die das bestm\u00f6gliche Geschmacks- und W\u00e4rmeprofil bietet.<\/p>\n<p class=\"p2\"><strong><em>* Nicht kompatibel mit dem Modell Peak Pro, nur Peak<\/em><\/strong><\/p>\n<p class=\"p1\"><strong>Tipps f\u00fcr die Verwendung:<\/strong><\/p>\n<ul style=\"list-style-type: disc\">\n<li class=\"p1\"><strong>Vermeiden Sie es, Ihren Zerst\u00e4uber zu zerlegen<\/strong>, sondern reinigen Sie ihn vollst\u00e4ndig in 99%igem Isopropylalkohol.<\/li>\n<li class=\"p1\"><strong>Vermeiden Sie eine \u00dcberladung<\/strong>, da dies Ihren Zerst\u00e4uber \u00fcberfluten und ruinieren kann.<\/li>\n<\/ul>\n","protected":false},"excerpt":{"rendered":"<p>Der Peak-Zerst\u00e4uber ist ein thermischer Banger, der f\u00fcr eine optimale W\u00e4rmeleistung entwickelt wurde. Er wird ohne Spulen oder externe Widerst\u00e4nde,<\/p>\n","protected":false},"featured_media":129703,"comment_status":"open","ping_status":"closed","template":"","meta":[],"product_brand":[],"product_cat":[7907],"product_tag":[],"class_list":{"0":"post-129714","1":"product","2":"type-product","3":"status-publish","4":"has-post-thumbnail","6":"product_cat-verdampfer","8":"first","9":"instock","10":"taxable","11":"shipping-taxable","12":"purchasable","13":"product-type-simple"},"_links":{"self":[{"href":"https:\/\/www.budream.com\/de\/wp-json\/wp\/v2\/product\/129714","targetHints":{"allow":["GET"]}}],"collection":[{"href":"https:\/\/www.budream.com\/de\/wp-json\/wp\/v2\/product"}],"about":[{"href":"https:\/\/www.budream.com\/de\/wp-json\/wp\/v2\/types\/product"}],"replies":[{"embeddable":true,"href":"https:\/\/www.budream.com\/de\/wp-json\/wp\/v2\/comments?post=129714"}],"version-history":[{"count":0,"href":"https:\/\/www.budream.com\/de\/wp-json\/wp\/v2\/product\/129714\/revisions"}],"wp:featuredmedia":[{"embeddable":true,"href":"https:\/\/www.budream.com\/de\/wp-json\/wp\/v2\/media\/129703"}],"wp:attachment":[{"href":"https:\/\/www.budream.com\/de\/wp-json\/wp\/v2\/media?parent=129714"}],"wp:term":[{"taxonomy":"product_brand","embeddable":true,"href":"https:\/\/www.budream.com\/de\/wp-json\/wp\/v2\/product_brand?post=129714"},{"taxonomy":"product_cat","embeddable":true,"href":"https:\/\/www.budream.com\/de\/wp-json\/wp\/v2\/product_cat?post=129714"},{"taxonomy":"product_tag","embeddable":true,"href":"https:\/\/www.budream.com\/de\/wp-json\/wp\/v2\/product_tag?post=129714"}],"curies":[{"name":"wp","href":"https:\/\/api.w.org\/{rel}","templated":true}]}}