{"id":129739,"date":"2025-07-30T22:35:21","date_gmt":"2025-07-30T20:35:21","guid":{"rendered":"https:\/\/www.budream.com\/shop\/biobizz-mikroben-150gr\/"},"modified":"2026-03-26T15:14:42","modified_gmt":"2026-03-26T13:14:42","slug":"biobizz-mikroben-150gr","status":"publish","type":"product","link":"https:\/\/www.budream.com\/de\/shop\/biobizz-mikroben-150gr\/","title":{"rendered":"BIOBIZZ &#8211; MIKROBEN | 150gr"},"content":{"rendered":"<p><strong>Biobizz Microbes ist ein komplettes Set von n\u00fctzlichen Mikroorganismen, Enzymen und Pilzen<\/strong>, das den Keimungsprozess und das anf\u00e4ngliche Wachstum der S\u00e4mlinge stimuliert und die Bl\u00fctephase unterst\u00fctzt. <strong>Es verbessert den Fluss und die Aufnahme von wichtigen N\u00e4hrstoffen sowie den endg\u00fcltigen Ertrag.<\/strong><\/p>\n<p>Dieser Komplex von Mikroorganismen hat gro\u00dfe Vorteile f\u00fcr die Rhizosph\u00e4re der Pflanzen, da er die nutzbare Oberfl\u00e4che der Wurzeln vergr\u00f6\u00dfert. Dies f\u00fchrt zu einer gr\u00f6\u00dferen und besseren Aufnahme von Stickstoff, Phosphor, Kalium und Mikron\u00e4hrstoffen in allen Phasen der Pflanzenentwicklung. Dar\u00fcber hinaus sind die ausgew\u00e4hlten Mikroorganismen ausgezeichnete F\u00f6rderer von Phytohormonen wie Indol-3-Essigs\u00e4ure und Gibberellinen.<\/p>\n<h2><span style=\"text-decoration: underline\"><strong>Hauptmerkmale Mibrobes Biobizz:<\/strong><\/span><\/h2>\n<ul style=\"list-style-type: disc\">\n<li>Erh\u00f6hung des NPK-Flusses und der NPK-Aufnahme<\/li>\n<li>Protein-Katalysator<\/li>\n<li>Vergr\u00f6\u00dferte Wurzeloberfl\u00e4che<\/li>\n<\/ul>\n<h3><span style=\"text-decoration: underline\"><strong>Wie Bakterien wirken:<\/strong><\/span><\/h3>\n<p>Biobizz Microbes ist ein superkonzentriertes Produkt. Es enth\u00e4lt eine Auswahl von 4 der n\u00fctzlichsten Bakterien f\u00fcr die Substratverwertung. <strong>Diese Bakterien verbessern den Prozess der Pflanzenern\u00e4hrung, der Hormonf\u00f6rderung, des Wurzelgewebewachstums und der Solubilisierung von N\u00e4hrstoffen, wie z.B. Phosphor, in seinem h\u00f6chsten Anteil.<\/strong> Dies f\u00fchrt zu einer erh\u00f6hten Produktivit\u00e4t und Ertragsqualit\u00e4t.<\/p>\n<h3><span style=\"text-decoration: underline\"><strong>Wie Enzyme wirken:<\/strong><\/span><\/h3>\n<p>Die Enzyme in Biobizz Microbes haben eine sofortige katalysierende Wirkung auf organische N\u00e4hrstoffe, indem sie freie Aminos\u00e4uren in den Kultursubstraten bilden und so die Aktivit\u00e4t und Wirkung der aktiven Mikroorganismen erh\u00f6hen.<\/p>\n<p>Diese Komponenten &#8222;entriegeln&#8220; die von den D\u00fcngemitteln gelieferten Proteinketten.<br \/>Auf diese Weise <strong>erh\u00f6hen die Enzyme die Geschwindigkeit, mit der die Mikroorganismen das Substrat besiedeln<\/strong>, sowie die schnelle Katalyse der N\u00e4hrstoffe f\u00fcr deren rasche Aufnahme. Die Enzyme sind somit die perfekte Erg\u00e4nzung f\u00fcr die n\u00fctzlichen Mikroorganismen des Substrats und schaffen ein gesundes und produktives \u00d6kosystem.<\/p>\n<h3><span style=\"text-decoration: underline\"><br \/><strong>Wie Pilze wirken:<\/strong><\/span><\/h3>\n<p>Trichoderma-Pilze sind die besten Freunde des Biolandwirts, wenn es darum geht, die Pflanzengesundheit und Produktivit\u00e4t zu steigern.<\/p>\n<p>Diese Pilze arbeiten in Symbiose mit der Pflanze; sie sch\u00fctzen vor sch\u00e4dlichen Krankheitserregern und Pilzbefall und f\u00f6rdern gleichzeitig eine \u00fcppige Wurzelentwicklung, die Wasserspeicherung und die N\u00e4hrstoffaufnahme. <strong>Sie verbessern die Gesamteffizienz der Pflanze<\/strong>.<\/p>\n<p>Die Kombination all dieser Elemente in einem praktischen und einfach anzuwendenden Format ist das perfekte Werkzeug f\u00fcr den Landwirt, um verbesserte und erh\u00f6hte Eigenschaften und Endertr\u00e4ge zu gew\u00e4hrleisten.<\/p>\n<h3><span style=\"text-decoration: underline\"><strong>Wie werden die Mikroben eingesetzt?<\/strong><\/span><\/h3>\n<p>Biobizz Microbes kann w\u00e4hrend des gesamten Pflanzenzyklus eingesetzt werden und funktioniert besonders gut in Kombination mit den \u00fcbrigen Biobizz-Produkten.<\/p>\n<p>Es wird empfohlen, Microbes einmal pro Woche in einer Dosierung von 0,2 bis 0,4 mg\/L auszubringen. Die tats\u00e4chliche Dosierung entnehmen Sie bitte dem offiziellen Ern\u00e4hrungsprogramm.<\/p>\n<h3><span style=\"text-decoration: underline\"><strong>Garantierte technische Daten:<\/strong><\/span><\/h3>\n<ul style=\"list-style-type: disc\">\n<li><em>Trichoderma harzianum<\/em> &gt; 10.000.000 KBE\/g<\/li>\n<li><em>Bacillus valezensis<\/em> &gt; 500.000.000 KBE\/g<\/li>\n<li><em>Bacillus megaterium<\/em> &gt; 200.000.000 KBE\/g<\/li>\n<li><em>Bacillus pumilus<\/em> &gt; 250.000.000 KBE\/g<\/li>\n<li><em>Bacillus licheniformis<\/em> &gt; 500.000.000 KBE\/g<\/li>\n<\/ul>\n","protected":false},"excerpt":{"rendered":"<p>Biobizz Microbes ist ein komplettes Set von n\u00fctzlichen Mikroorganismen, Enzymen und Pilzen, das den Keimungsprozess und das anf\u00e4ngliche Wachstum der<\/p>\n","protected":false},"featured_media":129733,"comment_status":"open","ping_status":"closed","template":"","meta":[],"product_brand":[],"product_cat":[7934],"product_tag":[],"class_list":{"0":"post-129739","1":"product","2":"type-product","3":"status-publish","4":"has-post-thumbnail","6":"product_cat-duenger","8":"first","9":"instock","10":"taxable","11":"shipping-taxable","12":"purchasable","13":"product-type-simple"},"aioseo_notices":[],"_links":{"self":[{"href":"https:\/\/www.budream.com\/de\/wp-json\/wp\/v2\/product\/129739","targetHints":{"allow":["GET"]}}],"collection":[{"href":"https:\/\/www.budream.com\/de\/wp-json\/wp\/v2\/product"}],"about":[{"href":"https:\/\/www.budream.com\/de\/wp-json\/wp\/v2\/types\/product"}],"replies":[{"embeddable":true,"href":"https:\/\/www.budream.com\/de\/wp-json\/wp\/v2\/comments?post=129739"}],"version-history":[{"count":0,"href":"https:\/\/www.budream.com\/de\/wp-json\/wp\/v2\/product\/129739\/revisions"}],"wp:featuredmedia":[{"embeddable":true,"href":"https:\/\/www.budream.com\/de\/wp-json\/wp\/v2\/media\/129733"}],"wp:attachment":[{"href":"https:\/\/www.budream.com\/de\/wp-json\/wp\/v2\/media?parent=129739"}],"wp:term":[{"taxonomy":"product_brand","embeddable":true,"href":"https:\/\/www.budream.com\/de\/wp-json\/wp\/v2\/product_brand?post=129739"},{"taxonomy":"product_cat","embeddable":true,"href":"https:\/\/www.budream.com\/de\/wp-json\/wp\/v2\/product_cat?post=129739"},{"taxonomy":"product_tag","embeddable":true,"href":"https:\/\/www.budream.com\/de\/wp-json\/wp\/v2\/product_tag?post=129739"}],"curies":[{"name":"wp","href":"https:\/\/api.w.org\/{rel}","templated":true}]}}