{"id":129749,"date":"2025-07-30T22:36:22","date_gmt":"2025-07-30T20:36:22","guid":{"rendered":"https:\/\/www.budream.com\/shop\/bioki-integraler-kastanutsextrakt-100gr\/"},"modified":"2026-01-19T12:35:21","modified_gmt":"2026-01-19T10:35:21","slug":"bioki-integraler-kastanutsextrakt-100gr","status":"publish","type":"product","link":"https:\/\/www.budream.com\/de\/shop\/bioki-integraler-kastanutsextrakt-100gr\/","title":{"rendered":"BIOKI &#8211; INTEGRALER KASTANUTSEXTRAKT | 100gr"},"content":{"rendered":"<p><strong>Kastanien-Vollextrakt auf Tanninbasis,<\/strong> ein Produkt, das durch w\u00e4ssrige Extraktion von Kastanienholz gewonnen wird, das ausschlie\u00dflich durch physikalische Verfahren gewonnen wird.<\/p>\n<div>Das Tannin wird durch eine Reihe von Wasserextraktionen mit ausschlie\u00dflich physikalischen Verfahren aus dem Holz der hochreinen heimischen Kastanie (Castanea sativa) gewonnen, einer in Europa, insbesondere in Italien und Frankreich, weit verbreiteten Buche. F\u00fcr die Herstellung wird nur eine Auswahl einiger weniger St\u00e4mme von alten B\u00e4umen, in der Regel 50-75 Jahre alt, verwendet, die entsprechend abgelagert sind. Es wird auch in der \u00d6nologie verwendet, um die Farbe des Weins zu stabilisieren, oxidierende Enzyme zu deaktivieren, das Bakterienwachstum zu kontrollieren und Proteine in L\u00f6sung zu bringen.<\/p>\n<p>In Pflanzen wirkt es als effizienter Ausl\u00f6ser, der Abwehrreaktionen stimuliert und die Entwicklung nat\u00fcrlicher Substanzen gegen biotische und abiotische Stressfaktoren aktiviert.<br \/>So wachsen die Pflanzen auch unter Umweltbedingungen, die die Entwicklung von Pilzen und Bakterien beg\u00fcnstigen, normal.<\/p>\n<p><strong>Das Produkt kann im \u00f6kologischen Landbau gem\u00e4\u00df den EG-Verordnungen 834\/2007 und 889\/2008 verwendet werden.<\/strong><\/p>\n<h2><span style=\"text-decoration: underline\"><strong>Hauptwirkungen Kastanienextrakt<\/strong><\/span><\/h2>\n<\/div>\n<ul style=\"list-style-type: disc\">\n<li>Das Kastanientannin bildet einen d\u00fcnnen Film auf der Vegetation, der sehr haftf\u00e4hig, nahrhaft, biologisch abbaubar und wenig sauerstoffdurchl\u00e4ssig ist und die Evapotranspiration in hei\u00dfen Perioden verringern kann, das Aufplatzen der Fr\u00fcchte reduziert, die Heilung f\u00f6rdert und die Widerstandsf\u00e4higkeit gegen Pilz- und Bakterienbefall verbessert.\n<\/li>\n<li>Das Vorhandensein von Polyphenolen und organischen S\u00e4uren erm\u00f6glicht die Verbesserung der Bodenstruktur, die Ans\u00e4uerung von B\u00f6den mit zu hohem pH-Wert und die Verringerung von Sch\u00e4den durch \u00fcberm\u00e4\u00dfigen Salzgehalt. Die Polyphenolkomponente stimuliert auch die Entwicklung einer n\u00fctzlichen Mikroflora (mikrobielle Antagonisten), w\u00e4hrend sie die Vermehrung von pflanzensch\u00e4digenden Krankheitserregern einschr\u00e4nkt, und tr\u00e4gt dazu bei, die Entwicklung und Vermehrung von phytophagen Nematoden zu begrenzen, die dank ihrer \u00e4tzenden Wirkung auf juvenile Formen und ihrer Anti-Fress-Wirkung auf adulte Formen f\u00fcr Ver\u00e4nderungen im Wurzelsystem der Pflanzen verantwortlich sind.\n<\/li>\n<li>Die komplexbildenden Eigenschaften des Tanninextrakts f\u00f6rdern auch das Wachstum des Wurzelsystems und die Aufnahme n\u00fctzlicher Pflanzenn\u00e4hrstoffe, insbesondere in &#8222;m\u00fcden&#8220; B\u00f6den, die einer Begasung und kurzen Fruchtfolgen ausgesetzt sind.\n<\/li>\n<li>Kastanientannin kann bei g\u00e4rtnerisch-blumigen Kulturen im integrierten und biologischen Landbau mittels D\u00fcngung eingesetzt werden, wobei das Produkt w\u00e4hrend des gesamten Entwicklungszyklus der Pflanze konstant verteilt wird.<\/li>\n<\/ul>\n<ul style=\"list-style-type: disc\">\n<li>Im Wurzelbereich schafft Kastanientannin ein besonders g\u00fcnstiges Umfeld f\u00fcr das normale Wachstum und die Entwicklung des Wurzelsystems der Pflanzen (Wurzeln, Knollen, Pfahlwurzeln usw.), selbst bei Vorhandensein von Bodensch\u00e4dlingen oder anderen ung\u00fcnstigen biotischen und abiotischen Faktoren. Es verbessert die Vitalit\u00e4t des Bodens und schafft dank seines sauren pH-Werts ein f\u00fcr Nematoden unwirtliches Umfeld.<\/li>\n<\/ul>\n<p><strong>Dosierung und Art der Anwendung<\/strong><br \/>Kastanientannin kann bei allen Obst-, Gem\u00fcse-, Blumen- und Industriekulturen durch Blattspritzen und D\u00fcngung in jedem Entwicklungsstadium im Freiland und in Gew\u00e4chsh\u00e4usern eingesetzt werden.<\/p>\n<div>Durch Blattspritzen hat es eine osmoprotektive Wirkung, wobei es schnell von den Pflanzengeweben aufgenommen wird und sowohl auf Blatt- als auch auf Wurzelebene eine sehr wirksame Wirkung f\u00fcr den Frostschutz entfaltet. Es ist auch eine gute Alternative zu Behandlungen mit Kupferprodukten, da es ein ung\u00fcnstiges Umfeld f\u00fcr die Entwicklung von Kryptogamen (Falscher Mehltau) schafft.<br \/><strong>Schutzbehandlungen:<\/strong> 250-350 g\/hl, unter Zugabe von 600 g Cliptolinolith-Zeolith zur Intervention, wobei die Pflanze gut behandelt wird, ohne zu tropfen. <br \/><strong>Schutzbehandlungen gegen Pilzkrankheiten:<\/strong> 300 g\/hl, Interventionen alle 8-10 Tage<\/div>\n<div>Durch D\u00fcngung, wobei darauf zu achten ist, dass das Produkt in der letzten Phase des Bew\u00e4sserungszyklus verteilt wird, um Verluste durch Auswaschung zu vermeiden.<br \/>F\u00fcr einen vollst\u00e4ndigen Schutz der Pflanzen ist es ratsam, <strong>die Behandlung 3-4 Mal w\u00e4hrend der Wachstumsperiode<\/strong> alle 15-20 Tage mit reichlich Wasser <strong>zu wiederholen<\/strong>.<br \/>Auf diese Weise wird in der N\u00e4he des Wurzelsystems der Pflanzen die Konzentration des Produkts konstant gehalten und die Entwicklung von Pilzen und die sch\u00e4digende Wirkung von Nematoden vermieden. Es wird in einer Dosis von 1-3 kg\/1000 m\u00b2 (entspricht 10\/30 kg\/ha) alle 8-10 Tage angewendet.<\/div>\n<h2><\/h2>\n","protected":false},"excerpt":{"rendered":"<p>Kastanien-Vollextrakt auf Tanninbasis, ein Produkt, das durch w\u00e4ssrige Extraktion von Kastanienholz gewonnen wird, das ausschlie\u00dflich durch physikalische Verfahren gewonnen wird.<\/p>\n","protected":false},"featured_media":129743,"comment_status":"open","ping_status":"closed","template":"","meta":[],"product_brand":[],"product_cat":[7929],"product_tag":[],"class_list":{"0":"post-129749","1":"product","2":"type-product","3":"status-publish","4":"has-post-thumbnail","6":"product_cat-pflanzenschutz-und-abwehr","8":"first","9":"instock","10":"taxable","11":"shipping-taxable","12":"purchasable","13":"product-type-simple"},"aioseo_notices":[],"_links":{"self":[{"href":"https:\/\/www.budream.com\/de\/wp-json\/wp\/v2\/product\/129749","targetHints":{"allow":["GET"]}}],"collection":[{"href":"https:\/\/www.budream.com\/de\/wp-json\/wp\/v2\/product"}],"about":[{"href":"https:\/\/www.budream.com\/de\/wp-json\/wp\/v2\/types\/product"}],"replies":[{"embeddable":true,"href":"https:\/\/www.budream.com\/de\/wp-json\/wp\/v2\/comments?post=129749"}],"version-history":[{"count":0,"href":"https:\/\/www.budream.com\/de\/wp-json\/wp\/v2\/product\/129749\/revisions"}],"wp:featuredmedia":[{"embeddable":true,"href":"https:\/\/www.budream.com\/de\/wp-json\/wp\/v2\/media\/129743"}],"wp:attachment":[{"href":"https:\/\/www.budream.com\/de\/wp-json\/wp\/v2\/media?parent=129749"}],"wp:term":[{"taxonomy":"product_brand","embeddable":true,"href":"https:\/\/www.budream.com\/de\/wp-json\/wp\/v2\/product_brand?post=129749"},{"taxonomy":"product_cat","embeddable":true,"href":"https:\/\/www.budream.com\/de\/wp-json\/wp\/v2\/product_cat?post=129749"},{"taxonomy":"product_tag","embeddable":true,"href":"https:\/\/www.budream.com\/de\/wp-json\/wp\/v2\/product_tag?post=129749"}],"curies":[{"name":"wp","href":"https:\/\/api.w.org\/{rel}","templated":true}]}}