{"id":129784,"date":"2025-07-30T22:36:55","date_gmt":"2025-07-30T20:36:55","guid":{"rendered":"https:\/\/www.budream.com\/shop\/xvape-xmax-v3-pro-verdampfer\/"},"modified":"2026-03-09T14:27:41","modified_gmt":"2026-03-09T12:27:41","slug":"xvape-xmax-v3-pro-verdampfer","status":"publish","type":"product","link":"https:\/\/www.budream.com\/de\/shop\/xvape-xmax-v3-pro-verdampfer\/","title":{"rendered":"XVAPE &#8211; XMAX V3 PRO VERDAMPFER"},"content":{"rendered":"<p>Der XMax V3 Pro ist ein ausgezeichneter und vielseitiger Vaporizer. Die vollst\u00e4ndige Konvektionsheizung, kombiniert mit der schnellen Aufheizzeit und der einfach zu bedienenden Schnittstelle, machen diesen Vaporizer f\u00fcr die meisten Benutzer ausgezeichnet.<\/p>\n<h2><strong><span style=\"text-decoration: underline\">Was ist der Unterschied zwischen dem XMax V2 Pro und V3 Pro?<\/span><\/strong><\/h2>\n<p><strong>Der XMax V3 Pro von XVape<\/strong> ist kleiner als der urspr\u00fcngliche V2 mit einer kleineren Kammer und einer um 80 % k\u00fcrzeren Aufheizzeit, fasst aber immer noch genug f\u00fcr eine Sitzung (0,15 g), so dass kein st\u00e4ndiges Einpacken und Nachladen erforderlich ist. Ein weiterer Unterschied ist die Konvektionsheizung, was bedeutet, dass der V3 Pro Verdampfer mehr aus Ihren Kr\u00e4utern herausholt.<br \/><span style=\"font-size: 12pt\"><strong><br \/>Konvektionsverdampfung<\/strong><\/span>&#8218;on demand&#8216; <span style=\"font-size: 12pt\"><strong><br \/> Neu in dieser Version des XMax Pro ist der &#8218;on demand&#8216;-Modus: Dieser Modus erhitzt Kr\u00e4uter\/Konzentrate jeweils nur f\u00fcr 30 Sekunden. Dies reduziert den Abfall, da nur die Verdampfungskammer erhitzt wird, wenn Sie den Vaporizer benutzen. Wenn Sie es jedoch vorziehen, dass die Verdampfungskammer warm bleibt, k\u00f6nnen Sie jederzeit den Sitzungsmodus (4 oder 6 Minuten) verwenden.<\/strong><\/span><\/p>\n<p>Der XMax V3 Pro ist ein <strong>Konvektionsverdampfer<\/strong>, was bedeutet, dass die Hitze, die auf die Kr\u00e4uter\/Konzentrate einwirkt, nur durch hei\u00dfe Luft und nicht durch direkten Kontakt zwischen dem Material und der Hitzequelle entsteht. Dadurch erhalten Sie einen besseren Geschmack, gleichm\u00e4\u00dfiger verdampftes Material und mehr Dampf als bei Konduktionsverdampfern.<\/p>\n<h3><span style=\"font-size: 12pt\"><strong>Nicht nur f\u00fcr Kr\u00e4uter<\/strong><\/span><\/h3>\n<p>Im Lieferumfang des XMax V3 Pro ist ein Wachsbecher enthalten, den Sie zum Verdampfen von <strong>Konzentraten wie Kolophonium und BHO<\/strong> verwenden k\u00f6nnen. Geben Sie einfach das Konzentrat in den Becher, setzen Sie den Becher in den Vapo ein, und schon k\u00f6nnen Sie verdampfen.<\/p>\n<h3><span style=\"font-size: 12pt\"><strong>Innovatives Mundst\u00fcck<\/strong><\/span><\/h3>\n<p>Das magnetische Mundst\u00fcck ist mit einem Schabewerkzeug zum einfachen Reinigen und Sch\u00fctteln ausgestattet. Das hitzebest\u00e4ndige Kunststoff-Mundst\u00fcck kann zerlegt und gr\u00fcndlich gereinigt werden, was die Bildung von R\u00fcckst\u00e4nden verhindert.<\/p>\n<h3><span style=\"font-size: 12pt\"><strong>Ausgezeichnete Batterie<\/strong><\/span><\/h3>\n<p>Der XMax V3 Pro ist mit einem hochwertigen, wiederaufladbaren und herausnehmbaren 18650er-Akku ausgestattet, mit dem Sie zwischen den Aufladungen l\u00e4nger dampfen k\u00f6nnen. Jede Ladung reicht f\u00fcr etwa 50 Minuten Nutzung.<\/p>\n<h3><span style=\"font-size: 12pt\"><strong>USB-C-Laden<\/strong><\/span><\/h3>\n<p>Ein weiteres neues Merkmal des V3 Pro ist der USB-C-Ladeanschluss f\u00fcr ultraschnelles Aufladen. Das Ger\u00e4t ist in etwa zwei Stunden nach einer vollen Ladung wieder vollst\u00e4ndig aufgeladen.<br \/>Auf dem gro\u00dfen OLED-Display finden Sie au\u00dferdem alle relevanten Informationen wie den eingestellten Modus\/Temperatur, die aktuelle Temperatur und den Batteriestatus.<\/p>\n<h2><strong><span style=\"text-decoration: underline\">Hauptmerkmale XMAX V3 PRO<\/span>:<\/strong><\/h2>\n<ul style=\"list-style-type: disc\">\n<li><span style=\"font-size: 12pt\">2 Modi: Session und &#8218;on demand&#8216;;<\/span><\/li>\n<li><span style=\"font-size: 12pt\">Konvektionsverdampfer;<\/span><\/li>\n<li><span style=\"font-size: 12pt\">Leicht zu reinigende magnetische D\u00fcse;<\/span><\/li>\n<li><span style=\"font-size: 12pt\">OLED-Display;<\/span><\/li>\n<li><span style=\"font-size: 12pt\">Austauschbarer 2600-mAh-Akku;<\/span><\/li>\n<li><span style=\"font-size: 12pt\">Aufladen \u00fcber USB-C;<\/span><\/li>\n<\/ul>\n","protected":false},"excerpt":{"rendered":"<p>Der XMax V3 Pro ist ein ausgezeichneter und vielseitiger Vaporizer. Die vollst\u00e4ndige Konvektionsheizung, kombiniert mit der schnellen Aufheizzeit und der<\/p>\n","protected":false},"featured_media":129753,"comment_status":"open","ping_status":"closed","template":"","meta":[],"product_brand":[],"product_cat":[7907],"product_tag":[],"class_list":{"0":"post-129784","1":"product","2":"type-product","3":"status-publish","4":"has-post-thumbnail","6":"product_cat-verdampfer","8":"first","9":"instock","10":"sale","11":"taxable","12":"shipping-taxable","13":"purchasable","14":"product-type-simple"},"aioseo_notices":[],"_links":{"self":[{"href":"https:\/\/www.budream.com\/de\/wp-json\/wp\/v2\/product\/129784","targetHints":{"allow":["GET"]}}],"collection":[{"href":"https:\/\/www.budream.com\/de\/wp-json\/wp\/v2\/product"}],"about":[{"href":"https:\/\/www.budream.com\/de\/wp-json\/wp\/v2\/types\/product"}],"replies":[{"embeddable":true,"href":"https:\/\/www.budream.com\/de\/wp-json\/wp\/v2\/comments?post=129784"}],"version-history":[{"count":0,"href":"https:\/\/www.budream.com\/de\/wp-json\/wp\/v2\/product\/129784\/revisions"}],"wp:featuredmedia":[{"embeddable":true,"href":"https:\/\/www.budream.com\/de\/wp-json\/wp\/v2\/media\/129753"}],"wp:attachment":[{"href":"https:\/\/www.budream.com\/de\/wp-json\/wp\/v2\/media?parent=129784"}],"wp:term":[{"taxonomy":"product_brand","embeddable":true,"href":"https:\/\/www.budream.com\/de\/wp-json\/wp\/v2\/product_brand?post=129784"},{"taxonomy":"product_cat","embeddable":true,"href":"https:\/\/www.budream.com\/de\/wp-json\/wp\/v2\/product_cat?post=129784"},{"taxonomy":"product_tag","embeddable":true,"href":"https:\/\/www.budream.com\/de\/wp-json\/wp\/v2\/product_tag?post=129784"}],"curies":[{"name":"wp","href":"https:\/\/api.w.org\/{rel}","templated":true}]}}